{"id":8751,"date":"2026-04-20T19:07:45","date_gmt":"2026-04-20T19:07:45","guid":{"rendered":"https:\/\/educaredigital.online\/loja\/produto\/puzzle-mania-fazenda\/"},"modified":"2026-04-24T19:59:59","modified_gmt":"2026-04-24T19:59:59","slug":"puzzle-mania-fazenda","status":"publish","type":"product","link":"https:\/\/educaredigital.online\/loja\/produto\/puzzle-mania-fazenda\/","title":{"rendered":"Puzzle Mania Fazenda"},"content":{"rendered":"<p class=\"ds-markdown-paragraph\"><strong>Puzzle Mania Fazenda da Tateti<\/strong>\u00a0\u00e9 um quebra-cabe\u00e7a educativo onde a crian\u00e7a encaixa pe\u00e7as tem\u00e1ticas em uma base com o tema de fazenda\u00a0. O produto pode trazer uma\u00a0<strong>base no formato de uma casinha ou \u00e1rvore<\/strong>, com cores vibrantes e pe\u00e7as grandes no formato de animais, dif\u00edceis de engolir e ideais para m\u00e3os pequenas\u00a0. Composto por\u00a0<strong>9 pe\u00e7as coloridas<\/strong>, o brinquedo permite montar, desmontar e brincar repetidas vezes\u00a0.<\/p>\n<p class=\"ds-markdown-paragraph\">\u00a0Puzzle Mania Fazenda desenvolve a <strong>coordena\u00e7\u00e3o motora fina<\/strong>, o\u00a0<strong>racioc\u00ednio l\u00f3gico<\/strong>, a\u00a0<strong>percep\u00e7\u00e3o visual<\/strong>\u00a0e a\u00a0<strong>resolu\u00e7\u00e3o de problemas<\/strong> .<\/p>\n<div class=\"details-table-wrapper\">\n<table class=\"product-details-table\">\n<tbody>\n<tr>\n<td>Marca<\/td>\n<td>Tateti<\/td>\n<\/tr>\n<tr>\n<td>Material<\/td>\n<td>\u00a0Pl\u00e1stico<\/td>\n<\/tr>\n<tr>\n<td>Faixa Et\u00e1ria<\/td>\n<td>A partir de 1 Ano<\/td>\n<\/tr>\n<\/tbody>\n<\/table>\n<\/div>\n","protected":false},"excerpt":{"rendered":"<p>Puzzle Mania Fazenda da Tateti\u00a0\u00e9 um quebra-cabe\u00e7a educativo onde a crian\u00e7a encaixa pe\u00e7as tem\u00e1ticas em uma base com o tema de fazenda\u00a0. O produto pode trazer uma\u00a0base no formato de uma casinha ou \u00e1rvore, com cores vibrantes e pe\u00e7as grandes<\/p>\n","protected":false},"featured_media":8750,"comment_status":"open","ping_status":"closed","template":"","meta":[],"product_brand":[231],"product_cat":[213],"product_tag":[],"class_list":{"0":"post-8751","1":"product","2":"type-product","3":"status-publish","6":"product_brand-tateti","7":"product_cat-brinquedos-jogos-e-brinquedos","9":"first","10":"instock","11":"shipping-taxable","12":"purchasable","13":"product-type-simple"},"_links":{"self":[{"href":"https:\/\/educaredigital.online\/loja\/wp-json\/wp\/v2\/product\/8751","targetHints":{"allow":["GET"]}}],"collection":[{"href":"https:\/\/educaredigital.online\/loja\/wp-json\/wp\/v2\/product"}],"about":[{"href":"https:\/\/educaredigital.online\/loja\/wp-json\/wp\/v2\/types\/product"}],"replies":[{"embeddable":true,"href":"https:\/\/educaredigital.online\/loja\/wp-json\/wp\/v2\/comments?post=8751"}],"wp:featuredmedia":[{"embeddable":true,"href":"https:\/\/educaredigital.online\/loja\/wp-json\/wp\/v2\/media\/8750"}],"wp:attachment":[{"href":"https:\/\/educaredigital.online\/loja\/wp-json\/wp\/v2\/media?parent=8751"}],"wp:term":[{"taxonomy":"product_brand","embeddable":true,"href":"https:\/\/educaredigital.online\/loja\/wp-json\/wp\/v2\/product_brand?post=8751"},{"taxonomy":"product_cat","embeddable":true,"href":"https:\/\/educaredigital.online\/loja\/wp-json\/wp\/v2\/product_cat?post=8751"},{"taxonomy":"product_tag","embeddable":true,"href":"https:\/\/educaredigital.online\/loja\/wp-json\/wp\/v2\/product_tag?post=8751"}],"curies":[{"name":"wp","href":"https:\/\/api.w.org\/{rel}","templated":true}]}}