{"id":8749,"date":"2026-04-20T19:07:25","date_gmt":"2026-04-20T19:07:25","guid":{"rendered":"https:\/\/educaredigital.online\/loja\/produto\/torre-maluca\/"},"modified":"2026-04-24T20:00:06","modified_gmt":"2026-04-24T20:00:06","slug":"torre-maluca","status":"publish","type":"product","link":"https:\/\/educaredigital.online\/loja\/produto\/torre-maluca\/","title":{"rendered":"Torre Maluca"},"content":{"rendered":"<div class=\"ds-message _63c77b1\">\n<div class=\"ds-markdown\">\n<p class=\"ds-markdown-paragraph\">\u00a0<strong>Torre Maluca <\/strong>\u00a0\u00e9 um brinquedo de empilhar composto por\u00a0<strong>10 pe\u00e7as coloridas<\/strong>\u00a0que permite \u00e0 crian\u00e7a construir torres ou castelos de duas maneiras: encaixando as pe\u00e7as\u00a0<strong>de forma reta ou inclinada (torta)<\/strong>, da\u00ed o nome &#8220;maluca&#8221;\u00a0. Cada pe\u00e7a possui\u00a0<strong>n\u00fameros em relevo de 01 a 04<\/strong>, auxiliando no reconhecimento num\u00e9rico e no aprendizado da contagem de forma t\u00e1til e visual durante a brincadeira\u00a0.<\/p>\n<p class=\"ds-markdown-paragraph\">\u00a0Torre Maluca desenvolve habilidades como <strong>coordena\u00e7\u00e3o motora fina, aten\u00e7\u00e3o e concentra\u00e7\u00e3o, compreens\u00e3o de causa e efeito, integra\u00e7\u00e3o visoespacial<\/strong>\u00a0e\u00a0<strong>resolu\u00e7\u00e3o de problemas<\/strong> .<\/p>\n<div class=\"details-table-wrapper\">\n<table class=\"product-details-table\">\n<tbody>\n<tr>\n<td>Marca<\/td>\n<td>Tateti<\/td>\n<\/tr>\n<tr>\n<td>Material<\/td>\n<td>\u00a0Pl\u00e1stico<\/td>\n<\/tr>\n<tr>\n<td>Faixa Et\u00e1ria<\/td>\n<td>A partir de 1 Ano<\/td>\n<\/tr>\n<\/tbody>\n<\/table>\n<\/div>\n<\/div>\n<\/div>\n","protected":false},"excerpt":{"rendered":"<p>\u00a0Torre Maluca \u00a0\u00e9 um brinquedo de empilhar composto por\u00a010 pe\u00e7as coloridas\u00a0que permite \u00e0 crian\u00e7a construir torres ou castelos de duas maneiras: encaixando as pe\u00e7as\u00a0de forma reta ou inclinada (torta), da\u00ed o nome &#8220;maluca&#8221;\u00a0. Cada pe\u00e7a possui\u00a0n\u00fameros em relevo de 01<\/p>\n","protected":false},"featured_media":8748,"comment_status":"open","ping_status":"closed","template":"","meta":[],"product_brand":[231],"product_cat":[213],"product_tag":[],"class_list":{"0":"post-8749","1":"product","2":"type-product","3":"status-publish","6":"product_brand-tateti","7":"product_cat-brinquedos-jogos-e-brinquedos","9":"first","10":"instock","11":"shipping-taxable","12":"purchasable","13":"product-type-simple"},"_links":{"self":[{"href":"https:\/\/educaredigital.online\/loja\/wp-json\/wp\/v2\/product\/8749","targetHints":{"allow":["GET"]}}],"collection":[{"href":"https:\/\/educaredigital.online\/loja\/wp-json\/wp\/v2\/product"}],"about":[{"href":"https:\/\/educaredigital.online\/loja\/wp-json\/wp\/v2\/types\/product"}],"replies":[{"embeddable":true,"href":"https:\/\/educaredigital.online\/loja\/wp-json\/wp\/v2\/comments?post=8749"}],"wp:featuredmedia":[{"embeddable":true,"href":"https:\/\/educaredigital.online\/loja\/wp-json\/wp\/v2\/media\/8748"}],"wp:attachment":[{"href":"https:\/\/educaredigital.online\/loja\/wp-json\/wp\/v2\/media?parent=8749"}],"wp:term":[{"taxonomy":"product_brand","embeddable":true,"href":"https:\/\/educaredigital.online\/loja\/wp-json\/wp\/v2\/product_brand?post=8749"},{"taxonomy":"product_cat","embeddable":true,"href":"https:\/\/educaredigital.online\/loja\/wp-json\/wp\/v2\/product_cat?post=8749"},{"taxonomy":"product_tag","embeddable":true,"href":"https:\/\/educaredigital.online\/loja\/wp-json\/wp\/v2\/product_tag?post=8749"}],"curies":[{"name":"wp","href":"https:\/\/api.w.org\/{rel}","templated":true}]}}