{"id":8747,"date":"2026-04-20T19:07:23","date_gmt":"2026-04-20T19:07:23","guid":{"rendered":"https:\/\/educaredigital.online\/loja\/produto\/nutri-cozinha\/"},"modified":"2026-04-24T20:00:18","modified_gmt":"2026-04-24T20:00:18","slug":"nutri-cozinha","status":"publish","type":"product","link":"https:\/\/educaredigital.online\/loja\/produto\/nutri-cozinha\/","title":{"rendered":"Nutri Cozinha"},"content":{"rendered":"<p class=\"ds-markdown-paragraph\">\u00a0<strong>Nutri Cozinha<\/strong>\u00a0\u00e9 um brinquedo educativo do tipo &#8220;faz de conta&#8221; que simula o preparo de alimentos de forma l\u00fadica e interativa. O conjunto acompanha uma\u00a0<strong>fruteira<\/strong>,\u00a0<strong>14 miniaturas de frutas e verduras<\/strong>\u00a0(como abacaxi, ma\u00e7\u00e3, morango, cenoura, tomate, cebola, pepino e piment\u00e3o), al\u00e9m de uma\u00a0<strong>t\u00e1bua de cortar e uma faca de brinquedo<\/strong>\u00a0. Cada alimento \u00e9 dividido ao meio e unido por\u00a0<strong>velcro<\/strong>, permitindo que a crian\u00e7a &#8220;corte&#8221; os legumes e frutas, produzindo um som caracter\u00edstico ao separar as pe\u00e7as\u00a0.<\/p>\n<p class=\"ds-markdown-paragraph\">\u00a0Nutri Cozinha desenvolve a <strong>imagina\u00e7\u00e3o, a criatividade, a coordena\u00e7\u00e3o motora fina e a express\u00e3o e comunica\u00e7\u00e3o<\/strong> por meio da brincadeira de imitar os adultos na cozinha .<\/p>\n<div class=\"details-table-wrapper\">\n<table class=\"product-details-table\">\n<tbody>\n<tr>\n<td>Marca<\/td>\n<td>Tateti<\/td>\n<\/tr>\n<tr>\n<td>Material<\/td>\n<td>\u00a0Pl\u00e1stico<\/td>\n<\/tr>\n<tr>\n<td>Faixa Et\u00e1ria<\/td>\n<td>A partir de 3 Anos<\/td>\n<\/tr>\n<\/tbody>\n<\/table>\n<\/div>\n","protected":false},"excerpt":{"rendered":"<p>\u00a0Nutri Cozinha\u00a0\u00e9 um brinquedo educativo do tipo &#8220;faz de conta&#8221; que simula o preparo de alimentos de forma l\u00fadica e interativa. O conjunto acompanha uma\u00a0fruteira,\u00a014 miniaturas de frutas e verduras\u00a0(como abacaxi, ma\u00e7\u00e3, morango, cenoura, tomate, cebola, pepino e piment\u00e3o), al\u00e9m<\/p>\n","protected":false},"featured_media":9137,"comment_status":"open","ping_status":"closed","template":"","meta":[],"product_brand":[231],"product_cat":[213],"product_tag":[],"class_list":{"0":"post-8747","1":"product","2":"type-product","3":"status-publish","6":"product_brand-tateti","7":"product_cat-brinquedos-jogos-e-brinquedos","9":"first","10":"instock","11":"shipping-taxable","12":"purchasable","13":"product-type-simple"},"_links":{"self":[{"href":"https:\/\/educaredigital.online\/loja\/wp-json\/wp\/v2\/product\/8747","targetHints":{"allow":["GET"]}}],"collection":[{"href":"https:\/\/educaredigital.online\/loja\/wp-json\/wp\/v2\/product"}],"about":[{"href":"https:\/\/educaredigital.online\/loja\/wp-json\/wp\/v2\/types\/product"}],"replies":[{"embeddable":true,"href":"https:\/\/educaredigital.online\/loja\/wp-json\/wp\/v2\/comments?post=8747"}],"wp:featuredmedia":[{"embeddable":true,"href":"https:\/\/educaredigital.online\/loja\/wp-json\/wp\/v2\/media\/9137"}],"wp:attachment":[{"href":"https:\/\/educaredigital.online\/loja\/wp-json\/wp\/v2\/media?parent=8747"}],"wp:term":[{"taxonomy":"product_brand","embeddable":true,"href":"https:\/\/educaredigital.online\/loja\/wp-json\/wp\/v2\/product_brand?post=8747"},{"taxonomy":"product_cat","embeddable":true,"href":"https:\/\/educaredigital.online\/loja\/wp-json\/wp\/v2\/product_cat?post=8747"},{"taxonomy":"product_tag","embeddable":true,"href":"https:\/\/educaredigital.online\/loja\/wp-json\/wp\/v2\/product_tag?post=8747"}],"curies":[{"name":"wp","href":"https:\/\/api.w.org\/{rel}","templated":true}]}}