{"id":8742,"date":"2026-04-20T19:07:20","date_gmt":"2026-04-20T19:07:20","guid":{"rendered":"https:\/\/educaredigital.online\/loja\/produto\/caracol-didatico-sacola\/"},"modified":"2026-04-24T20:00:32","modified_gmt":"2026-04-24T20:00:32","slug":"caracol-didatico-sacola","status":"publish","type":"product","link":"https:\/\/educaredigital.online\/loja\/produto\/caracol-didatico-sacola\/","title":{"rendered":"Caracol Did\u00e1tico"},"content":{"rendered":"<p class=\"ds-markdown-paragraph\"><strong>Caracol Did\u00e1tico<\/strong>\u00a0\u00e9 um brinquedo de encaixe que vem na pr\u00e1tica\u00a0<strong>sacola<\/strong>, facilitando o transporte e guarda das pe\u00e7as. Composto por\u00a0<strong>1 caracol e 6 formas did\u00e1ticas coloridas<\/strong>\u00a0(como blocos geom\u00e9tricos e\/ou n\u00fameros\/letras), ele estimula a crian\u00e7a a encaixar as pe\u00e7as no casco do animal\u00a0. Um grande diferencial \u00e9 que o\u00a0<strong>casco se levanta<\/strong>, permitindo que a crian\u00e7a retire as pe\u00e7as de dentro e recomece a brincadeira quantas vezes quiser.<\/p>\n<p class=\"ds-markdown-paragraph\">\u00a0Caracol Did\u00e1tico desenvolve a <strong>coordena\u00e7\u00e3o motora fina, a integra\u00e7\u00e3o viso-espacial, a compreens\u00e3o de causa e efeito e a curiosidade para descoberta de cores e formas<\/strong> , \u00e9 um brinquedo educativo perfeito para os pequenos aprenderem brincando, seja em casa ou durante viagens, gra\u00e7as \u00e0 sua embalagem em sacola pr\u00e1tica.<\/p>\n<div class=\"details-table-wrapper\">\n<table class=\"product-details-table\">\n<tbody>\n<tr>\n<td>Marca<\/td>\n<td>Tateti<\/td>\n<\/tr>\n<tr>\n<td>Material<\/td>\n<td>\u00a0Pl\u00e1stico<\/td>\n<\/tr>\n<tr>\n<td>Faixa Et\u00e1ria<\/td>\n<td>A partir de 1 Ano<\/td>\n<\/tr>\n<\/tbody>\n<\/table>\n<\/div>\n","protected":false},"excerpt":{"rendered":"<p>Caracol Did\u00e1tico\u00a0\u00e9 um brinquedo de encaixe que vem na pr\u00e1tica\u00a0sacola, facilitando o transporte e guarda das pe\u00e7as. Composto por\u00a01 caracol e 6 formas did\u00e1ticas coloridas\u00a0(como blocos geom\u00e9tricos e\/ou n\u00fameros\/letras), ele estimula a crian\u00e7a a encaixar as pe\u00e7as no casco do<\/p>\n","protected":false},"featured_media":8741,"comment_status":"open","ping_status":"closed","template":"","meta":[],"product_brand":[231],"product_cat":[213],"product_tag":[],"class_list":{"0":"post-8742","1":"product","2":"type-product","3":"status-publish","6":"product_brand-tateti","7":"product_cat-brinquedos-jogos-e-brinquedos","9":"first","10":"instock","11":"shipping-taxable","12":"purchasable","13":"product-type-simple"},"_links":{"self":[{"href":"https:\/\/educaredigital.online\/loja\/wp-json\/wp\/v2\/product\/8742","targetHints":{"allow":["GET"]}}],"collection":[{"href":"https:\/\/educaredigital.online\/loja\/wp-json\/wp\/v2\/product"}],"about":[{"href":"https:\/\/educaredigital.online\/loja\/wp-json\/wp\/v2\/types\/product"}],"replies":[{"embeddable":true,"href":"https:\/\/educaredigital.online\/loja\/wp-json\/wp\/v2\/comments?post=8742"}],"wp:featuredmedia":[{"embeddable":true,"href":"https:\/\/educaredigital.online\/loja\/wp-json\/wp\/v2\/media\/8741"}],"wp:attachment":[{"href":"https:\/\/educaredigital.online\/loja\/wp-json\/wp\/v2\/media?parent=8742"}],"wp:term":[{"taxonomy":"product_brand","embeddable":true,"href":"https:\/\/educaredigital.online\/loja\/wp-json\/wp\/v2\/product_brand?post=8742"},{"taxonomy":"product_cat","embeddable":true,"href":"https:\/\/educaredigital.online\/loja\/wp-json\/wp\/v2\/product_cat?post=8742"},{"taxonomy":"product_tag","embeddable":true,"href":"https:\/\/educaredigital.online\/loja\/wp-json\/wp\/v2\/product_tag?post=8742"}],"curies":[{"name":"wp","href":"https:\/\/api.w.org\/{rel}","templated":true}]}}