{"id":8740,"date":"2026-04-20T19:07:19","date_gmt":"2026-04-20T19:07:19","guid":{"rendered":"https:\/\/educaredigital.online\/loja\/produto\/conta-facil\/"},"modified":"2026-04-24T20:00:38","modified_gmt":"2026-04-24T20:00:38","slug":"conta-facil","status":"publish","type":"product","link":"https:\/\/educaredigital.online\/loja\/produto\/conta-facil\/","title":{"rendered":"Conta F\u00e1cil"},"content":{"rendered":"<div class=\"ds-message _63c77b1\">\n<div class=\"ds-markdown\">\n<p class=\"ds-markdown-paragraph\"><strong>CONTA F\u00c1CIL <\/strong>\u00e9 um tabuleiro matem\u00e1tico pr\u00e1tico e interativo que transforma o aprendizado dos n\u00fameros em uma brincadeira envolvente\u00a0. O conjunto \u00e9 bem completo e vem com\u00a0<strong>85 pe\u00e7as<\/strong>\u00a0no total: uma base,\u00a0<strong>10 formas de n\u00fameros<\/strong>,\u00a0<strong>3 s\u00edmbolos num\u00e9ricos<\/strong>\u00a0(como +, &#8211; e =),\u00a0<strong>55 argolas coloridas<\/strong>,\u00a0<strong>10 pinos<\/strong>\u00a0e\u00a0<strong>7 formas de frutas<\/strong>\u00a0para tornar a experi\u00eancia ainda mais l\u00fadica\u00a0. A crian\u00e7a utiliza as pe\u00e7as desencaix\u00e1veis para formar contas de adi\u00e7\u00e3o e subtra\u00e7\u00e3o no pr\u00f3prio tabuleiro, desenvolvendo o racioc\u00ednio l\u00f3gico e o conhecimento matem\u00e1tico de forma pr\u00e1tica e divertida\u00a0.<\/p>\n<p class=\"ds-markdown-paragraph\">\u00a0Conta F\u00e1cil \u00e9 um grande aliado no desenvolvimento de habilidades como <strong>aten\u00e7\u00e3o e concentra\u00e7\u00e3o<\/strong>,\u00a0<strong>coordena\u00e7\u00e3o motora fina<\/strong>\u00a0(ao encaixar e desencaixar as pe\u00e7as) e\u00a0<strong>express\u00e3o e comunica\u00e7\u00e3o<\/strong>.<\/p>\n<div class=\"details-table-wrapper\">\n<table class=\"product-details-table\">\n<tbody>\n<tr>\n<td>Marca<\/td>\n<td>Tateti<\/td>\n<\/tr>\n<tr>\n<td>Material<\/td>\n<td>\u00a0Pl\u00e1stico<\/td>\n<\/tr>\n<tr>\n<td>Faixa Et\u00e1ria<\/td>\n<td>A partir de 3 Anos<\/td>\n<\/tr>\n<\/tbody>\n<\/table>\n<\/div>\n<\/div>\n<\/div>\n","protected":false},"excerpt":{"rendered":"<p>CONTA F\u00c1CIL \u00e9 um tabuleiro matem\u00e1tico pr\u00e1tico e interativo que transforma o aprendizado dos n\u00fameros em uma brincadeira envolvente\u00a0. O conjunto \u00e9 bem completo e vem com\u00a085 pe\u00e7as\u00a0no total: uma base,\u00a010 formas de n\u00fameros,\u00a03 s\u00edmbolos num\u00e9ricos\u00a0(como +, &#8211; e =),\u00a055<\/p>\n","protected":false},"featured_media":8739,"comment_status":"open","ping_status":"closed","template":"","meta":[],"product_brand":[231],"product_cat":[213],"product_tag":[],"class_list":{"0":"post-8740","1":"product","2":"type-product","3":"status-publish","6":"product_brand-tateti","7":"product_cat-brinquedos-jogos-e-brinquedos","9":"first","10":"instock","11":"shipping-taxable","12":"purchasable","13":"product-type-simple"},"_links":{"self":[{"href":"https:\/\/educaredigital.online\/loja\/wp-json\/wp\/v2\/product\/8740","targetHints":{"allow":["GET"]}}],"collection":[{"href":"https:\/\/educaredigital.online\/loja\/wp-json\/wp\/v2\/product"}],"about":[{"href":"https:\/\/educaredigital.online\/loja\/wp-json\/wp\/v2\/types\/product"}],"replies":[{"embeddable":true,"href":"https:\/\/educaredigital.online\/loja\/wp-json\/wp\/v2\/comments?post=8740"}],"wp:featuredmedia":[{"embeddable":true,"href":"https:\/\/educaredigital.online\/loja\/wp-json\/wp\/v2\/media\/8739"}],"wp:attachment":[{"href":"https:\/\/educaredigital.online\/loja\/wp-json\/wp\/v2\/media?parent=8740"}],"wp:term":[{"taxonomy":"product_brand","embeddable":true,"href":"https:\/\/educaredigital.online\/loja\/wp-json\/wp\/v2\/product_brand?post=8740"},{"taxonomy":"product_cat","embeddable":true,"href":"https:\/\/educaredigital.online\/loja\/wp-json\/wp\/v2\/product_cat?post=8740"},{"taxonomy":"product_tag","embeddable":true,"href":"https:\/\/educaredigital.online\/loja\/wp-json\/wp\/v2\/product_tag?post=8740"}],"curies":[{"name":"wp","href":"https:\/\/api.w.org\/{rel}","templated":true}]}}