{"id":8738,"date":"2026-04-20T19:07:18","date_gmt":"2026-04-20T19:07:18","guid":{"rendered":"https:\/\/educaredigital.online\/loja\/produto\/empilhassauro\/"},"modified":"2026-04-24T20:00:44","modified_gmt":"2026-04-24T20:00:44","slug":"empilhassauro","status":"publish","type":"product","link":"https:\/\/educaredigital.online\/loja\/produto\/empilhassauro\/","title":{"rendered":"Empilhassauro"},"content":{"rendered":"<p class=\"ds-markdown-paragraph\"><strong>Empilhassauro <\/strong>\u00e9 um brinquedo educativo que combina a divers\u00e3o dos dinossauros com o desafio dos blocos de empilhar. Composto por\u00a0<strong>1 dinossauro de base e 4 pe\u00e7as coloridas empilh\u00e1veis<\/strong>, o brinquedo desafia a crian\u00e7a a encaixar as pe\u00e7as na ordem correta, desenvolvendo o racioc\u00ednio l\u00f3gico e a percep\u00e7\u00e3o visual\u00a0. As pe\u00e7as possuem\u00a0<strong>detalhes em relevo<\/strong>\u00a0que estimulam o tato, e um grande diferencial \u00e9 que a\u00a0<strong>base do dinossauro \u00e9 arredondada<\/strong>, permitindo que ele balance para frente e para tr\u00e1s ap\u00f3s montado, adicionando movimento e divers\u00e3o \u00e0 brincadeira\u00a0.<\/p>\n<p class=\"ds-markdown-paragraph\">Empilhassauro trabalha habilidades essenciais como <strong>coordena\u00e7\u00e3o motora fina, aten\u00e7\u00e3o e concentra\u00e7\u00e3o, coordena\u00e7\u00e3o entre olhos e m\u00e3os, integra\u00e7\u00e3o visoespacial e compreens\u00e3o de causa e efeito<\/strong>\u00a0. Dispon\u00edvel em vers\u00e3o com\u00a0<strong>sacola<\/strong> para facilitar o transporte e guarda das pe\u00e7as.<\/p>\n<div class=\"details-table-wrapper\">\n<table class=\"product-details-table\">\n<tbody>\n<tr>\n<td>Marca<\/td>\n<td>Tateti<\/td>\n<\/tr>\n<tr>\n<td>Material<\/td>\n<td>\u00a0Pl\u00e1stico<\/td>\n<\/tr>\n<tr>\n<td>Faixa Et\u00e1ria<\/td>\n<td>A partir de 1 Ano<\/td>\n<\/tr>\n<\/tbody>\n<\/table>\n<\/div>\n","protected":false},"excerpt":{"rendered":"<p>Empilhassauro \u00e9 um brinquedo educativo que combina a divers\u00e3o dos dinossauros com o desafio dos blocos de empilhar. Composto por\u00a01 dinossauro de base e 4 pe\u00e7as coloridas empilh\u00e1veis, o brinquedo desafia a crian\u00e7a a encaixar as pe\u00e7as na ordem correta,<\/p>\n","protected":false},"featured_media":9142,"comment_status":"open","ping_status":"closed","template":"","meta":[],"product_brand":[231],"product_cat":[213],"product_tag":[],"class_list":{"0":"post-8738","1":"product","2":"type-product","3":"status-publish","6":"product_brand-tateti","7":"product_cat-brinquedos-jogos-e-brinquedos","9":"first","10":"instock","11":"shipping-taxable","12":"purchasable","13":"product-type-simple"},"_links":{"self":[{"href":"https:\/\/educaredigital.online\/loja\/wp-json\/wp\/v2\/product\/8738","targetHints":{"allow":["GET"]}}],"collection":[{"href":"https:\/\/educaredigital.online\/loja\/wp-json\/wp\/v2\/product"}],"about":[{"href":"https:\/\/educaredigital.online\/loja\/wp-json\/wp\/v2\/types\/product"}],"replies":[{"embeddable":true,"href":"https:\/\/educaredigital.online\/loja\/wp-json\/wp\/v2\/comments?post=8738"}],"wp:featuredmedia":[{"embeddable":true,"href":"https:\/\/educaredigital.online\/loja\/wp-json\/wp\/v2\/media\/9142"}],"wp:attachment":[{"href":"https:\/\/educaredigital.online\/loja\/wp-json\/wp\/v2\/media?parent=8738"}],"wp:term":[{"taxonomy":"product_brand","embeddable":true,"href":"https:\/\/educaredigital.online\/loja\/wp-json\/wp\/v2\/product_brand?post=8738"},{"taxonomy":"product_cat","embeddable":true,"href":"https:\/\/educaredigital.online\/loja\/wp-json\/wp\/v2\/product_cat?post=8738"},{"taxonomy":"product_tag","embeddable":true,"href":"https:\/\/educaredigital.online\/loja\/wp-json\/wp\/v2\/product_tag?post=8738"}],"curies":[{"name":"wp","href":"https:\/\/api.w.org\/{rel}","templated":true}]}}