{"id":8737,"date":"2026-04-20T19:07:17","date_gmt":"2026-04-20T19:07:17","guid":{"rendered":"https:\/\/educaredigital.online\/loja\/produto\/jacare-junior\/"},"modified":"2026-04-24T20:00:53","modified_gmt":"2026-04-24T20:00:53","slug":"jacare-junior","status":"publish","type":"product","link":"https:\/\/educaredigital.online\/loja\/produto\/jacare-junior\/","title":{"rendered":"Jacar\u00e9 Junior"},"content":{"rendered":"<div class=\"ds-message _63c77b1\">\n<div class=\"ds-markdown\">\n<p class=\"ds-markdown-paragraph\"><strong>Jacar\u00e9 Junior <\/strong>\u00e9 um brinquedo did\u00e1tico em formato de simp\u00e1tico jacar\u00ea que\u00a0<strong>abre e fecha a boca<\/strong>, acompanhado de\u00a0<strong>5 ou 6 formas geom\u00e9tricas coloridas<\/strong>\u00a0(blocos did\u00e1ticos) para encaixar na tampa superior\u00a0. Al\u00e9m disso, ele possui\u00a0<strong>rodinhas<\/strong>\u00a0na base, permitindo que a crian\u00e7a o puxe como um carrinho ap\u00f3s montar as pe\u00e7as, tornando a brincadeira ainda mais din\u00e2mica e divertida\u00a0.<\/p>\n<p class=\"ds-markdown-paragraph\">Jacar\u00e9 Junior desenvolve habilidades como <strong>coordena\u00e7\u00e3o motora fina, integra\u00e7\u00e3o visoespacial, compreens\u00e3o de causa e efeito, curiosidade e descoberta<\/strong>, al\u00e9m da coordena\u00e7\u00e3o entre olhos e m\u00e3os\u00a0. Fabricado em pl\u00e1stico resistente e colorido, \u00e9 uma excelente ferramenta educativa para os pequenos aprenderem sobre formas e cores enquanto se divertem com o jacar\u00e9 que &#8220;morde&#8221; as pe\u00e7as.<\/p>\n<div class=\"details-table-wrapper\">\n<table class=\"product-details-table\">\n<tbody>\n<tr>\n<td>Marca<\/td>\n<td>Tateti<\/td>\n<\/tr>\n<tr>\n<td>Material<\/td>\n<td>\u00a0Pl\u00e1stico<\/td>\n<\/tr>\n<tr>\n<td>Faixa Et\u00e1ria<\/td>\n<td>A partir de 1 Ano<\/td>\n<\/tr>\n<\/tbody>\n<\/table>\n<\/div>\n<\/div>\n<\/div>\n","protected":false},"excerpt":{"rendered":"<p>Jacar\u00e9 Junior \u00e9 um brinquedo did\u00e1tico em formato de simp\u00e1tico jacar\u00ea que\u00a0abre e fecha a boca, acompanhado de\u00a05 ou 6 formas geom\u00e9tricas coloridas\u00a0(blocos did\u00e1ticos) para encaixar na tampa superior\u00a0. Al\u00e9m disso, ele possui\u00a0rodinhas\u00a0na base, permitindo que a crian\u00e7a o puxe<\/p>\n","protected":false},"featured_media":8736,"comment_status":"open","ping_status":"closed","template":"","meta":[],"product_brand":[231],"product_cat":[213],"product_tag":[],"class_list":{"0":"post-8737","1":"product","2":"type-product","3":"status-publish","6":"product_brand-tateti","7":"product_cat-brinquedos-jogos-e-brinquedos","9":"first","10":"instock","11":"shipping-taxable","12":"purchasable","13":"product-type-simple"},"_links":{"self":[{"href":"https:\/\/educaredigital.online\/loja\/wp-json\/wp\/v2\/product\/8737","targetHints":{"allow":["GET"]}}],"collection":[{"href":"https:\/\/educaredigital.online\/loja\/wp-json\/wp\/v2\/product"}],"about":[{"href":"https:\/\/educaredigital.online\/loja\/wp-json\/wp\/v2\/types\/product"}],"replies":[{"embeddable":true,"href":"https:\/\/educaredigital.online\/loja\/wp-json\/wp\/v2\/comments?post=8737"}],"wp:featuredmedia":[{"embeddable":true,"href":"https:\/\/educaredigital.online\/loja\/wp-json\/wp\/v2\/media\/8736"}],"wp:attachment":[{"href":"https:\/\/educaredigital.online\/loja\/wp-json\/wp\/v2\/media?parent=8737"}],"wp:term":[{"taxonomy":"product_brand","embeddable":true,"href":"https:\/\/educaredigital.online\/loja\/wp-json\/wp\/v2\/product_brand?post=8737"},{"taxonomy":"product_cat","embeddable":true,"href":"https:\/\/educaredigital.online\/loja\/wp-json\/wp\/v2\/product_cat?post=8737"},{"taxonomy":"product_tag","embeddable":true,"href":"https:\/\/educaredigital.online\/loja\/wp-json\/wp\/v2\/product_tag?post=8737"}],"curies":[{"name":"wp","href":"https:\/\/api.w.org\/{rel}","templated":true}]}}