{"id":8735,"date":"2026-04-20T19:07:16","date_gmt":"2026-04-20T19:07:16","guid":{"rendered":"https:\/\/educaredigital.online\/loja\/produto\/urso-jumpy\/"},"modified":"2026-04-24T20:00:58","modified_gmt":"2026-04-24T20:00:58","slug":"urso-jumpy","status":"publish","type":"product","link":"https:\/\/educaredigital.online\/loja\/produto\/urso-jumpy\/","title":{"rendered":"Urso Jumpy"},"content":{"rendered":"<p class=\"ds-markdown-paragraph\"><strong>URSO JUMPY <\/strong>\u00a0\u00e9 um brinquedo did\u00e1tico de encaixe que acompanha\u00a0<strong>um urso simp\u00e1tico e 5 formas geom\u00e9tricas coloridas<\/strong>\u00a0. A brincadeira consiste em encaixar os blocos no corpo do ursinho, e um grande diferencial \u00e9 que a\u00a0<strong>cabe\u00e7a do urso se levanta<\/strong>, permitindo que a crian\u00e7a retire as pe\u00e7as de dentro e recomece o jogo quantas vezes quiser\u00a0.<\/p>\n<p class=\"ds-markdown-paragraph\">Possui <strong>rodinhas na base<\/strong>, transformando-se em um carrinho para puxar ou empurrar ap\u00f3s a montagem\u00a0. Ele desenvolve habilidades como\u00a0<strong>coordena\u00e7\u00e3o motora fina, no\u00e7\u00f5es de cores e formas, integra\u00e7\u00e3o visoespacial e compreens\u00e3o de causa e efeito<\/strong>.<\/p>\n<div class=\"details-table-wrapper\">\n<table class=\"product-details-table\">\n<tbody>\n<tr>\n<td>Marca<\/td>\n<td>Tateti<\/td>\n<\/tr>\n<tr>\n<td>Material<\/td>\n<td>\u00a0Pl\u00e1stico<\/td>\n<\/tr>\n<tr>\n<td>Faixa Et\u00e1ria<\/td>\n<td>A partir de 1 Ano<\/td>\n<\/tr>\n<\/tbody>\n<\/table>\n<\/div>\n","protected":false},"excerpt":{"rendered":"<p>URSO JUMPY \u00a0\u00e9 um brinquedo did\u00e1tico de encaixe que acompanha\u00a0um urso simp\u00e1tico e 5 formas geom\u00e9tricas coloridas\u00a0. A brincadeira consiste em encaixar os blocos no corpo do ursinho, e um grande diferencial \u00e9 que a\u00a0cabe\u00e7a do urso se levanta, permitindo<\/p>\n","protected":false},"featured_media":8734,"comment_status":"open","ping_status":"closed","template":"","meta":[],"product_brand":[231],"product_cat":[213],"product_tag":[],"class_list":{"0":"post-8735","1":"product","2":"type-product","3":"status-publish","6":"product_brand-tateti","7":"product_cat-brinquedos-jogos-e-brinquedos","9":"first","10":"instock","11":"shipping-taxable","12":"purchasable","13":"product-type-simple"},"_links":{"self":[{"href":"https:\/\/educaredigital.online\/loja\/wp-json\/wp\/v2\/product\/8735","targetHints":{"allow":["GET"]}}],"collection":[{"href":"https:\/\/educaredigital.online\/loja\/wp-json\/wp\/v2\/product"}],"about":[{"href":"https:\/\/educaredigital.online\/loja\/wp-json\/wp\/v2\/types\/product"}],"replies":[{"embeddable":true,"href":"https:\/\/educaredigital.online\/loja\/wp-json\/wp\/v2\/comments?post=8735"}],"wp:featuredmedia":[{"embeddable":true,"href":"https:\/\/educaredigital.online\/loja\/wp-json\/wp\/v2\/media\/8734"}],"wp:attachment":[{"href":"https:\/\/educaredigital.online\/loja\/wp-json\/wp\/v2\/media?parent=8735"}],"wp:term":[{"taxonomy":"product_brand","embeddable":true,"href":"https:\/\/educaredigital.online\/loja\/wp-json\/wp\/v2\/product_brand?post=8735"},{"taxonomy":"product_cat","embeddable":true,"href":"https:\/\/educaredigital.online\/loja\/wp-json\/wp\/v2\/product_cat?post=8735"},{"taxonomy":"product_tag","embeddable":true,"href":"https:\/\/educaredigital.online\/loja\/wp-json\/wp\/v2\/product_tag?post=8735"}],"curies":[{"name":"wp","href":"https:\/\/api.w.org\/{rel}","templated":true}]}}