{"id":8733,"date":"2026-04-20T19:07:15","date_gmt":"2026-04-20T19:07:15","guid":{"rendered":"https:\/\/educaredigital.online\/loja\/produto\/animalpuzzle-3d-cachorro\/"},"modified":"2026-04-24T20:01:05","modified_gmt":"2026-04-24T20:01:05","slug":"animalpuzzle-3d-cachorro","status":"publish","type":"product","link":"https:\/\/educaredigital.online\/loja\/produto\/animalpuzzle-3d-cachorro\/","title":{"rendered":"Animal Puzzle 3D CACHORRO"},"content":{"rendered":"<p class=\"ds-markdown-paragraph\"><strong>ANIMAL PUZZLE 3D CACHORRO <\/strong>\u00a0\u00e9 um quebra-cabe\u00e7a tridimensional que vem com\u00a0<strong>07 pe\u00e7as coloridas<\/strong>, uma base e um suporte\u00a0. A proposta \u00e9 encaixar as partes para formar um simp\u00e1tico cachorrinho em 3D, com cores alegres que prendem a aten\u00e7\u00e3o dos pequenos e estimulam a criatividade para criar historinhas ap\u00f3s a montagem\u00a0.<\/p>\n<p class=\"ds-markdown-paragraph\">Este brinquedo desenvolve importantes habilidades como <strong>coordena\u00e7\u00e3o motora fina, no\u00e7\u00f5es de cores, formas e tamanhos, percep\u00e7\u00e3o visual, resolu\u00e7\u00e3o de problemas e integra\u00e7\u00e3o visoespacial<\/strong> ,e um grande diferencial: depois de montado, o animal pode ser usado como\u00a0<strong>quadro decorativo<\/strong>\u00a0no quarto do beb\u00ea, aliando divers\u00e3o \u00e0 decora\u00e7\u00e3o do ambiente\u00a0.<\/p>\n<div class=\"details-table-wrapper\">\n<table class=\"product-details-table\">\n<tbody>\n<tr>\n<td>Marca<\/td>\n<td>Tateti<\/td>\n<\/tr>\n<tr>\n<td>Material<\/td>\n<td>\u00a0Pl\u00e1stico<\/td>\n<\/tr>\n<tr>\n<td>Faixa Et\u00e1ria<\/td>\n<td>A partir de 2 Anos<\/td>\n<\/tr>\n<\/tbody>\n<\/table>\n<\/div>\n","protected":false},"excerpt":{"rendered":"<p>ANIMAL PUZZLE 3D CACHORRO \u00a0\u00e9 um quebra-cabe\u00e7a tridimensional que vem com\u00a007 pe\u00e7as coloridas, uma base e um suporte\u00a0. A proposta \u00e9 encaixar as partes para formar um simp\u00e1tico cachorrinho em 3D, com cores alegres que prendem a aten\u00e7\u00e3o dos pequenos<\/p>\n","protected":false},"featured_media":8732,"comment_status":"open","ping_status":"closed","template":"","meta":[],"product_brand":[231],"product_cat":[213],"product_tag":[],"class_list":{"0":"post-8733","1":"product","2":"type-product","3":"status-publish","6":"product_brand-tateti","7":"product_cat-brinquedos-jogos-e-brinquedos","9":"first","10":"instock","11":"shipping-taxable","12":"purchasable","13":"product-type-simple"},"_links":{"self":[{"href":"https:\/\/educaredigital.online\/loja\/wp-json\/wp\/v2\/product\/8733","targetHints":{"allow":["GET"]}}],"collection":[{"href":"https:\/\/educaredigital.online\/loja\/wp-json\/wp\/v2\/product"}],"about":[{"href":"https:\/\/educaredigital.online\/loja\/wp-json\/wp\/v2\/types\/product"}],"replies":[{"embeddable":true,"href":"https:\/\/educaredigital.online\/loja\/wp-json\/wp\/v2\/comments?post=8733"}],"wp:featuredmedia":[{"embeddable":true,"href":"https:\/\/educaredigital.online\/loja\/wp-json\/wp\/v2\/media\/8732"}],"wp:attachment":[{"href":"https:\/\/educaredigital.online\/loja\/wp-json\/wp\/v2\/media?parent=8733"}],"wp:term":[{"taxonomy":"product_brand","embeddable":true,"href":"https:\/\/educaredigital.online\/loja\/wp-json\/wp\/v2\/product_brand?post=8733"},{"taxonomy":"product_cat","embeddable":true,"href":"https:\/\/educaredigital.online\/loja\/wp-json\/wp\/v2\/product_cat?post=8733"},{"taxonomy":"product_tag","embeddable":true,"href":"https:\/\/educaredigital.online\/loja\/wp-json\/wp\/v2\/product_tag?post=8733"}],"curies":[{"name":"wp","href":"https:\/\/api.w.org\/{rel}","templated":true}]}}