{"id":8731,"date":"2026-04-20T19:07:14","date_gmt":"2026-04-20T19:07:14","guid":{"rendered":"https:\/\/educaredigital.online\/loja\/produto\/animal-puzzle-3d-dino\/"},"modified":"2026-04-24T20:01:13","modified_gmt":"2026-04-24T20:01:13","slug":"animal-puzzle-3d-dino","status":"publish","type":"product","link":"https:\/\/educaredigital.online\/loja\/produto\/animal-puzzle-3d-dino\/","title":{"rendered":"Animal Puzzle  3D DINO"},"content":{"rendered":"<p class=\"ds-markdown-paragraph\"><strong>ANIMAL PUZZLE 3D DINO<\/strong>\u00a0\u00e9 um quebra-cabe\u00e7a tridimensional que permite \u00e0 crian\u00e7a montar um simp\u00e1tico dinossauro usando\u00a0<strong>8 ou 9 pe\u00e7as coloridas<\/strong>, uma base e um suporte\u00a0. As pe\u00e7as s\u00e3o grandes e f\u00e1ceis de encaixar, projetadas especialmente para m\u00e3os pequenas, e ap\u00f3s a montagem completa, o suporte pode ser fixado na parte de tr\u00e1s para transformar o dinossauro em um\u00a0<strong>quadro decorativo<\/strong>\u00a0para o quarto do beb\u00ea\u00a0.<\/p>\n<p class=\"ds-markdown-paragraph\">Este brinquedo desenvolve habilidades como <strong>coordena\u00e7\u00e3o motora fina, racioc\u00ednio l\u00f3gico, percep\u00e7\u00e3o visual, no\u00e7\u00f5es de cores e formas e memoriza\u00e7\u00e3o<\/strong> .<\/p>\n<div class=\"details-table-wrapper\">\n<table class=\"product-details-table\">\n<tbody>\n<tr>\n<td>Marca<\/td>\n<td>Tateti<\/td>\n<\/tr>\n<tr>\n<td>Material<\/td>\n<td>\u00a0Pl\u00e1stico<\/td>\n<\/tr>\n<tr>\n<td>Faixa Et\u00e1ria<\/td>\n<td>A partir de 2 Anos<\/td>\n<\/tr>\n<\/tbody>\n<\/table>\n<\/div>\n","protected":false},"excerpt":{"rendered":"<p>ANIMAL PUZZLE 3D DINO\u00a0\u00e9 um quebra-cabe\u00e7a tridimensional que permite \u00e0 crian\u00e7a montar um simp\u00e1tico dinossauro usando\u00a08 ou 9 pe\u00e7as coloridas, uma base e um suporte\u00a0. As pe\u00e7as s\u00e3o grandes e f\u00e1ceis de encaixar, projetadas especialmente para m\u00e3os pequenas, e ap\u00f3s<\/p>\n","protected":false},"featured_media":8730,"comment_status":"open","ping_status":"closed","template":"","meta":[],"product_brand":[231],"product_cat":[213],"product_tag":[],"class_list":{"0":"post-8731","1":"product","2":"type-product","3":"status-publish","6":"product_brand-tateti","7":"product_cat-brinquedos-jogos-e-brinquedos","9":"first","10":"instock","11":"shipping-taxable","12":"purchasable","13":"product-type-simple"},"_links":{"self":[{"href":"https:\/\/educaredigital.online\/loja\/wp-json\/wp\/v2\/product\/8731","targetHints":{"allow":["GET"]}}],"collection":[{"href":"https:\/\/educaredigital.online\/loja\/wp-json\/wp\/v2\/product"}],"about":[{"href":"https:\/\/educaredigital.online\/loja\/wp-json\/wp\/v2\/types\/product"}],"replies":[{"embeddable":true,"href":"https:\/\/educaredigital.online\/loja\/wp-json\/wp\/v2\/comments?post=8731"}],"wp:featuredmedia":[{"embeddable":true,"href":"https:\/\/educaredigital.online\/loja\/wp-json\/wp\/v2\/media\/8730"}],"wp:attachment":[{"href":"https:\/\/educaredigital.online\/loja\/wp-json\/wp\/v2\/media?parent=8731"}],"wp:term":[{"taxonomy":"product_brand","embeddable":true,"href":"https:\/\/educaredigital.online\/loja\/wp-json\/wp\/v2\/product_brand?post=8731"},{"taxonomy":"product_cat","embeddable":true,"href":"https:\/\/educaredigital.online\/loja\/wp-json\/wp\/v2\/product_cat?post=8731"},{"taxonomy":"product_tag","embeddable":true,"href":"https:\/\/educaredigital.online\/loja\/wp-json\/wp\/v2\/product_tag?post=8731"}],"curies":[{"name":"wp","href":"https:\/\/api.w.org\/{rel}","templated":true}]}}