{"id":8729,"date":"2026-04-20T19:07:11","date_gmt":"2026-04-20T19:07:11","guid":{"rendered":"https:\/\/educaredigital.online\/loja\/produto\/animal-puzzle-3d-leao\/"},"modified":"2026-04-24T20:01:20","modified_gmt":"2026-04-24T20:01:20","slug":"animal-puzzle-3d-leao","status":"publish","type":"product","link":"https:\/\/educaredigital.online\/loja\/produto\/animal-puzzle-3d-leao\/","title":{"rendered":"Animal Puzzle 3D LE\u00c3O"},"content":{"rendered":"<p class=\"ds-markdown-paragraph\"><strong>ANIMAL PUZZLE 3D LE\u00c3O <\/strong>\u00a0\u00e9 um quebra-cabe\u00e7a tridimensional que encanta as crian\u00e7as com suas\u00a0<strong>cores alegres e vibrantes<\/strong>. Composto por\u00a0<strong>07 pe\u00e7as<\/strong>, uma base e um suporte, o brinquedo desafia os pequenos a encaixar as partes para formar um simp\u00e1tico le\u00e3o em 3D, estimulando a\u00a0<strong>coordena\u00e7\u00e3o motora<\/strong>\u00a0e promovendo o desenvolvimento cognitivo, al\u00e9m de no\u00e7\u00f5es de cores, formas e tamanhos\u00a0.<\/p>\n<p class=\"ds-markdown-paragraph\">\u00a0Este brinquedo desenvolve habilidades como <strong>coordena\u00e7\u00e3o motora fina<\/strong>,\u00a0<strong>curiosidade e descoberta<\/strong>\u00a0e\u00a0<strong>resolu\u00e7\u00e3o de problemas<\/strong>\u00a0. Um grande diferencial \u00e9 que, ap\u00f3s montado, o le\u00e3o pode ser fixado com o suporte na parte traseira e usado como\u00a0<strong>quadro decorativo<\/strong>\u00a0no quarto do beb\u00ea, permitindo que a crian\u00e7a crie interessantes brincadeiras e historinhas com seu novo amigo\u00a0.<\/p>\n<div class=\"details-table-wrapper\">\n<table class=\"product-details-table\">\n<tbody>\n<tr>\n<td>Marca<\/td>\n<td>Tateti<\/td>\n<\/tr>\n<tr>\n<td>Material<\/td>\n<td>\u00a0Pl\u00e1stico<\/td>\n<\/tr>\n<tr>\n<td>Faixa Et\u00e1ria<\/td>\n<td>A partir de 2 Anos<\/td>\n<\/tr>\n<\/tbody>\n<\/table>\n<\/div>\n","protected":false},"excerpt":{"rendered":"<p>ANIMAL PUZZLE 3D LE\u00c3O \u00a0\u00e9 um quebra-cabe\u00e7a tridimensional que encanta as crian\u00e7as com suas\u00a0cores alegres e vibrantes. Composto por\u00a007 pe\u00e7as, uma base e um suporte, o brinquedo desafia os pequenos a encaixar as partes para formar um simp\u00e1tico le\u00e3o em<\/p>\n","protected":false},"featured_media":8728,"comment_status":"open","ping_status":"closed","template":"","meta":[],"product_brand":[231],"product_cat":[213],"product_tag":[],"class_list":{"0":"post-8729","1":"product","2":"type-product","3":"status-publish","6":"product_brand-tateti","7":"product_cat-brinquedos-jogos-e-brinquedos","9":"first","10":"instock","11":"shipping-taxable","12":"purchasable","13":"product-type-simple"},"_links":{"self":[{"href":"https:\/\/educaredigital.online\/loja\/wp-json\/wp\/v2\/product\/8729","targetHints":{"allow":["GET"]}}],"collection":[{"href":"https:\/\/educaredigital.online\/loja\/wp-json\/wp\/v2\/product"}],"about":[{"href":"https:\/\/educaredigital.online\/loja\/wp-json\/wp\/v2\/types\/product"}],"replies":[{"embeddable":true,"href":"https:\/\/educaredigital.online\/loja\/wp-json\/wp\/v2\/comments?post=8729"}],"wp:featuredmedia":[{"embeddable":true,"href":"https:\/\/educaredigital.online\/loja\/wp-json\/wp\/v2\/media\/8728"}],"wp:attachment":[{"href":"https:\/\/educaredigital.online\/loja\/wp-json\/wp\/v2\/media?parent=8729"}],"wp:term":[{"taxonomy":"product_brand","embeddable":true,"href":"https:\/\/educaredigital.online\/loja\/wp-json\/wp\/v2\/product_brand?post=8729"},{"taxonomy":"product_cat","embeddable":true,"href":"https:\/\/educaredigital.online\/loja\/wp-json\/wp\/v2\/product_cat?post=8729"},{"taxonomy":"product_tag","embeddable":true,"href":"https:\/\/educaredigital.online\/loja\/wp-json\/wp\/v2\/product_tag?post=8729"}],"curies":[{"name":"wp","href":"https:\/\/api.w.org\/{rel}","templated":true}]}}