{"id":8727,"date":"2026-04-20T19:07:10","date_gmt":"2026-04-20T19:07:10","guid":{"rendered":"https:\/\/educaredigital.online\/loja\/produto\/animal-puzzle-3d-coala\/"},"modified":"2026-04-24T20:01:28","modified_gmt":"2026-04-24T20:01:28","slug":"animal-puzzle-3d-coala","status":"publish","type":"product","link":"https:\/\/educaredigital.online\/loja\/produto\/animal-puzzle-3d-coala\/","title":{"rendered":"Animal Puzzle 3D COALA"},"content":{"rendered":"<p class=\"ds-markdown-paragraph\"><strong>ANIMAL PUZZLE 3D COALA <\/strong>\u00a0\u00e9 um quebra-cabe\u00e7a tridimensional que vem com\u00a0<strong>9 pe\u00e7as coloridas<\/strong>, uma base e um suporte, convidando os pequenos a montar um simp\u00e1tico coala em 3D\u00a0. Suas\u00a0<strong>cores alegres<\/strong>\u00a0prendem a aten\u00e7\u00e3o das crian\u00e7as, e o brinquedo vai al\u00e9m da simples montagem: depois de finalizado, pode ser transformado em um charmoso\u00a0<strong>quadro decorativo<\/strong>\u00a0para o quarto do beb\u00ea, estimulando a criatividade e a cria\u00e7\u00e3o de historinhas\u00a0.<\/p>\n<p class=\"ds-markdown-paragraph\">Este brinquedo desenvolve importantes habilidades como <strong>coordena\u00e7\u00e3o motora fina, curiosidade e descoberta, resolu\u00e7\u00e3o de problemas<\/strong>, al\u00e9m de no\u00e7\u00f5es de cores, formas e tamanhos .<\/p>\n<div class=\"details-table-wrapper\">\n<table class=\"product-details-table\">\n<tbody>\n<tr>\n<td>Marca<\/td>\n<td>Tateti<\/td>\n<\/tr>\n<tr>\n<td>Material<\/td>\n<td>\u00a0Pl\u00e1stico<\/td>\n<\/tr>\n<tr>\n<td>Faixa Et\u00e1ria<\/td>\n<td>A partir de 2 Anos<\/td>\n<\/tr>\n<\/tbody>\n<\/table>\n<\/div>\n","protected":false},"excerpt":{"rendered":"<p>ANIMAL PUZZLE 3D COALA \u00a0\u00e9 um quebra-cabe\u00e7a tridimensional que vem com\u00a09 pe\u00e7as coloridas, uma base e um suporte, convidando os pequenos a montar um simp\u00e1tico coala em 3D\u00a0. Suas\u00a0cores alegres\u00a0prendem a aten\u00e7\u00e3o das crian\u00e7as, e o brinquedo vai al\u00e9m da<\/p>\n","protected":false},"featured_media":8726,"comment_status":"open","ping_status":"closed","template":"","meta":[],"product_brand":[231],"product_cat":[213],"product_tag":[],"class_list":{"0":"post-8727","1":"product","2":"type-product","3":"status-publish","6":"product_brand-tateti","7":"product_cat-brinquedos-jogos-e-brinquedos","9":"first","10":"instock","11":"shipping-taxable","12":"purchasable","13":"product-type-simple"},"_links":{"self":[{"href":"https:\/\/educaredigital.online\/loja\/wp-json\/wp\/v2\/product\/8727","targetHints":{"allow":["GET"]}}],"collection":[{"href":"https:\/\/educaredigital.online\/loja\/wp-json\/wp\/v2\/product"}],"about":[{"href":"https:\/\/educaredigital.online\/loja\/wp-json\/wp\/v2\/types\/product"}],"replies":[{"embeddable":true,"href":"https:\/\/educaredigital.online\/loja\/wp-json\/wp\/v2\/comments?post=8727"}],"wp:featuredmedia":[{"embeddable":true,"href":"https:\/\/educaredigital.online\/loja\/wp-json\/wp\/v2\/media\/8726"}],"wp:attachment":[{"href":"https:\/\/educaredigital.online\/loja\/wp-json\/wp\/v2\/media?parent=8727"}],"wp:term":[{"taxonomy":"product_brand","embeddable":true,"href":"https:\/\/educaredigital.online\/loja\/wp-json\/wp\/v2\/product_brand?post=8727"},{"taxonomy":"product_cat","embeddable":true,"href":"https:\/\/educaredigital.online\/loja\/wp-json\/wp\/v2\/product_cat?post=8727"},{"taxonomy":"product_tag","embeddable":true,"href":"https:\/\/educaredigital.online\/loja\/wp-json\/wp\/v2\/product_tag?post=8727"}],"curies":[{"name":"wp","href":"https:\/\/api.w.org\/{rel}","templated":true}]}}