{"id":8725,"date":"2026-04-20T19:07:08","date_gmt":"2026-04-20T19:07:08","guid":{"rendered":"https:\/\/educaredigital.online\/loja\/produto\/kit-ferramentas-completo\/"},"modified":"2026-04-24T20:01:35","modified_gmt":"2026-04-24T20:01:35","slug":"kit-ferramentas-completo","status":"publish","type":"product","link":"https:\/\/educaredigital.online\/loja\/produto\/kit-ferramentas-completo\/","title":{"rendered":"Kit Ferramentas Completo"},"content":{"rendered":"<p class=\"ds-markdown-paragraph\"><strong>Kit Ferramentas Completo<\/strong>\u00a0\u00e9 um brinquedo de faz de conta que transforma os pequenos em verdadeiros mestres de obras. Dispon\u00edvel em vers\u00f5es com\u00a0<strong>16 a 18 pe\u00e7as<\/strong>\u00a0supercoloridas\u00a0, o conjunto costuma incluir ferramentas como\u00a0<strong>furadeira, morsa, alicate, chave de fenda, chave de boca, chave inglesa, serrote (que faz barulho de verdade!), martelo, al\u00e9m de parafusos e porcas<\/strong>\u00a0para montar e desmontar\u00a0. Alguns modelos mais completos v\u00eam com\u00a0<strong>bancada de trabalho<\/strong>\u00a0ou\u00a0<strong>caixa\/maleta pr\u00e1tica<\/strong>\u00a0para guardar tudo\u00a0.<\/p>\n<p class=\"ds-markdown-paragraph\">O Kit Ferramentas desenvolve a <strong>coordena\u00e7\u00e3o motora fina, a imagina\u00e7\u00e3o, a criatividade e a resolu\u00e7\u00e3o de problemas<\/strong> atrav\u00e9s da imita\u00e7\u00e3o das tarefas de reparo e constru\u00e7\u00e3o ,\u00e9 uma excelente ferramenta educativa para estimular o aprendizado pela imita\u00e7\u00e3o de profiss\u00f5es de forma l\u00fadica e segura.<\/p>\n<div class=\"details-table-wrapper\">\n<table class=\"product-details-table\">\n<tbody>\n<tr>\n<td>Marca<\/td>\n<td>Tateti<\/td>\n<\/tr>\n<tr>\n<td>Material<\/td>\n<td>\u00a0Pl\u00e1stico<\/td>\n<\/tr>\n<tr>\n<td>Faixa Et\u00e1ria<\/td>\n<td>A partir de 3 Anos<\/td>\n<\/tr>\n<\/tbody>\n<\/table>\n<\/div>\n","protected":false},"excerpt":{"rendered":"<p>Kit Ferramentas Completo\u00a0\u00e9 um brinquedo de faz de conta que transforma os pequenos em verdadeiros mestres de obras. Dispon\u00edvel em vers\u00f5es com\u00a016 a 18 pe\u00e7as\u00a0supercoloridas\u00a0, o conjunto costuma incluir ferramentas como\u00a0furadeira, morsa, alicate, chave de fenda, chave de boca, chave<\/p>\n","protected":false},"featured_media":8724,"comment_status":"open","ping_status":"closed","template":"","meta":[],"product_brand":[231],"product_cat":[213],"product_tag":[],"class_list":{"0":"post-8725","1":"product","2":"type-product","3":"status-publish","6":"product_brand-tateti","7":"product_cat-brinquedos-jogos-e-brinquedos","9":"first","10":"instock","11":"shipping-taxable","12":"purchasable","13":"product-type-simple"},"_links":{"self":[{"href":"https:\/\/educaredigital.online\/loja\/wp-json\/wp\/v2\/product\/8725","targetHints":{"allow":["GET"]}}],"collection":[{"href":"https:\/\/educaredigital.online\/loja\/wp-json\/wp\/v2\/product"}],"about":[{"href":"https:\/\/educaredigital.online\/loja\/wp-json\/wp\/v2\/types\/product"}],"replies":[{"embeddable":true,"href":"https:\/\/educaredigital.online\/loja\/wp-json\/wp\/v2\/comments?post=8725"}],"wp:featuredmedia":[{"embeddable":true,"href":"https:\/\/educaredigital.online\/loja\/wp-json\/wp\/v2\/media\/8724"}],"wp:attachment":[{"href":"https:\/\/educaredigital.online\/loja\/wp-json\/wp\/v2\/media?parent=8725"}],"wp:term":[{"taxonomy":"product_brand","embeddable":true,"href":"https:\/\/educaredigital.online\/loja\/wp-json\/wp\/v2\/product_brand?post=8725"},{"taxonomy":"product_cat","embeddable":true,"href":"https:\/\/educaredigital.online\/loja\/wp-json\/wp\/v2\/product_cat?post=8725"},{"taxonomy":"product_tag","embeddable":true,"href":"https:\/\/educaredigital.online\/loja\/wp-json\/wp\/v2\/product_tag?post=8725"}],"curies":[{"name":"wp","href":"https:\/\/api.w.org\/{rel}","templated":true}]}}