{"id":8723,"date":"2026-04-20T19:07:07","date_gmt":"2026-04-20T19:07:07","guid":{"rendered":"https:\/\/educaredigital.online\/loja\/produto\/caixa-de-ferramentas\/"},"modified":"2026-04-24T20:01:43","modified_gmt":"2026-04-24T20:01:43","slug":"caixa-de-ferramentas","status":"publish","type":"product","link":"https:\/\/educaredigital.online\/loja\/produto\/caixa-de-ferramentas\/","title":{"rendered":"Caixa de Ferramentas"},"content":{"rendered":"<p class=\"ds-markdown-paragraph\"><strong>Caixa de Ferramentas<\/strong>\u00a0\u00e9 um brinquedo de faz de conta que transforma os pequenos em verdadeiros mestres de obras. Dispon\u00edvel em vers\u00f5es com\u00a0<strong>18 pe\u00e7as<\/strong>, o conjunto costuma incluir ferramentas como\u00a0<strong>alicate, chave de fenda, chave de boca, chave inglesa, serrote (que faz barulho igual ao de verdade), martelo, al\u00e9m de parafusos e porcas<\/strong>\u00a0para montar e desmontar\u00a0. Tudo vem organizado em uma\u00a0<strong>pr\u00e1tica caixa de armazenamento<\/strong>\u00a0que facilita o transporte e ensina a crian\u00e7a a guardar os brinquedos ap\u00f3s a brincadeira\u00a0.<\/p>\n<p class=\"ds-markdown-paragraph\">A Caixa de Ferramentas desenvolve habilidades como <strong>coordena\u00e7\u00e3o motora fina, imagina\u00e7\u00e3o e criatividade, aprendizado pela imita\u00e7\u00e3o e resolu\u00e7\u00e3o de problemas<\/strong> \u00e9 uma excelente ferramenta educativa que estimula o faz de conta e a intera\u00e7\u00e3o social de forma segura e divertida\u00a0.<\/p>\n<div class=\"details-table-wrapper\">\n<table class=\"product-details-table\">\n<tbody>\n<tr>\n<td>Marca<\/td>\n<td>Tateti<\/td>\n<\/tr>\n<tr>\n<td>Material<\/td>\n<td>\u00a0Pl\u00e1stico<\/td>\n<\/tr>\n<tr>\n<td>Faixa Et\u00e1ria<\/td>\n<td>A partir de 3 Anos<\/td>\n<\/tr>\n<\/tbody>\n<\/table>\n<\/div>\n","protected":false},"excerpt":{"rendered":"<p>Caixa de Ferramentas\u00a0\u00e9 um brinquedo de faz de conta que transforma os pequenos em verdadeiros mestres de obras. Dispon\u00edvel em vers\u00f5es com\u00a018 pe\u00e7as, o conjunto costuma incluir ferramentas como\u00a0alicate, chave de fenda, chave de boca, chave inglesa, serrote (que faz<\/p>\n","protected":false},"featured_media":8722,"comment_status":"open","ping_status":"closed","template":"","meta":[],"product_brand":[231],"product_cat":[213],"product_tag":[],"class_list":{"0":"post-8723","1":"product","2":"type-product","3":"status-publish","6":"product_brand-tateti","7":"product_cat-brinquedos-jogos-e-brinquedos","9":"first","10":"instock","11":"shipping-taxable","12":"purchasable","13":"product-type-simple"},"_links":{"self":[{"href":"https:\/\/educaredigital.online\/loja\/wp-json\/wp\/v2\/product\/8723","targetHints":{"allow":["GET"]}}],"collection":[{"href":"https:\/\/educaredigital.online\/loja\/wp-json\/wp\/v2\/product"}],"about":[{"href":"https:\/\/educaredigital.online\/loja\/wp-json\/wp\/v2\/types\/product"}],"replies":[{"embeddable":true,"href":"https:\/\/educaredigital.online\/loja\/wp-json\/wp\/v2\/comments?post=8723"}],"wp:featuredmedia":[{"embeddable":true,"href":"https:\/\/educaredigital.online\/loja\/wp-json\/wp\/v2\/media\/8722"}],"wp:attachment":[{"href":"https:\/\/educaredigital.online\/loja\/wp-json\/wp\/v2\/media?parent=8723"}],"wp:term":[{"taxonomy":"product_brand","embeddable":true,"href":"https:\/\/educaredigital.online\/loja\/wp-json\/wp\/v2\/product_brand?post=8723"},{"taxonomy":"product_cat","embeddable":true,"href":"https:\/\/educaredigital.online\/loja\/wp-json\/wp\/v2\/product_cat?post=8723"},{"taxonomy":"product_tag","embeddable":true,"href":"https:\/\/educaredigital.online\/loja\/wp-json\/wp\/v2\/product_tag?post=8723"}],"curies":[{"name":"wp","href":"https:\/\/api.w.org\/{rel}","templated":true}]}}