{"id":8721,"date":"2026-04-20T19:06:59","date_gmt":"2026-04-20T19:06:59","guid":{"rendered":"https:\/\/educaredigital.online\/loja\/produto\/trucababy-com-som\/"},"modified":"2026-04-24T20:01:47","modified_gmt":"2026-04-24T20:01:47","slug":"trucababy-com-som","status":"publish","type":"product","link":"https:\/\/educaredigital.online\/loja\/produto\/trucababy-com-som\/","title":{"rendered":"Truca Baby Com Som"},"content":{"rendered":"<p class=\"ds-markdown-paragraph\"><strong>TRUCABABY COM SOM<\/strong>\u00a0\u00e9 um caminh\u00e3o de brinquedo com ca\u00e7amba que estimula o faz de conta, ideal para carregar pequenos objetos, areia ou pedrinhas, seja dentro ou fora de casa\u00a0. Seu grande diferencial fica na cabine: ao pressionar as teclas localizadas na parte superior, o brinquedo aciona\u00a0<strong>melodias<\/strong>\u00a0e os\u00a0<strong>far\u00f3is se acendem<\/strong>, adicionando uma camada sensorial interativa \u00e0 brincadeira e ensinando rela\u00e7\u00f5es de causa e efeito\u00a0.<\/p>\n<p class=\"ds-markdown-paragraph\">\u00a0Ele desenvolve habilidades como <strong>coordena\u00e7\u00e3o motora ampla<\/strong>\u00a0(ao empurrar e guiar o caminh\u00e3o),\u00a0<strong>imagina\u00e7\u00e3o e criatividade<\/strong>\u00a0por meio do transporte de cargas e a\u00a0<strong>percep\u00e7\u00e3o auditiva e visual<\/strong> atrav\u00e9s dos est\u00edmulos sonoros e luminosos.<\/p>\n<div class=\"details-table-wrapper\">\n<table class=\"product-details-table\">\n<tbody>\n<tr>\n<td>Marca<\/td>\n<td>Tateti<\/td>\n<\/tr>\n<tr>\n<td>Material<\/td>\n<td>\u00a0Pl\u00e1stico<\/td>\n<\/tr>\n<tr>\n<td>Faixa Et\u00e1ria<\/td>\n<td>A partir de 1 Ano<\/td>\n<\/tr>\n<\/tbody>\n<\/table>\n<\/div>\n","protected":false},"excerpt":{"rendered":"<p>TRUCABABY COM SOM\u00a0\u00e9 um caminh\u00e3o de brinquedo com ca\u00e7amba que estimula o faz de conta, ideal para carregar pequenos objetos, areia ou pedrinhas, seja dentro ou fora de casa\u00a0. Seu grande diferencial fica na cabine: ao pressionar as teclas localizadas<\/p>\n","protected":false},"featured_media":8720,"comment_status":"open","ping_status":"closed","template":"","meta":[],"product_brand":[231],"product_cat":[213],"product_tag":[],"class_list":{"0":"post-8721","1":"product","2":"type-product","3":"status-publish","6":"product_brand-tateti","7":"product_cat-brinquedos-jogos-e-brinquedos","9":"first","10":"instock","11":"shipping-taxable","12":"purchasable","13":"product-type-simple"},"_links":{"self":[{"href":"https:\/\/educaredigital.online\/loja\/wp-json\/wp\/v2\/product\/8721","targetHints":{"allow":["GET"]}}],"collection":[{"href":"https:\/\/educaredigital.online\/loja\/wp-json\/wp\/v2\/product"}],"about":[{"href":"https:\/\/educaredigital.online\/loja\/wp-json\/wp\/v2\/types\/product"}],"replies":[{"embeddable":true,"href":"https:\/\/educaredigital.online\/loja\/wp-json\/wp\/v2\/comments?post=8721"}],"wp:featuredmedia":[{"embeddable":true,"href":"https:\/\/educaredigital.online\/loja\/wp-json\/wp\/v2\/media\/8720"}],"wp:attachment":[{"href":"https:\/\/educaredigital.online\/loja\/wp-json\/wp\/v2\/media?parent=8721"}],"wp:term":[{"taxonomy":"product_brand","embeddable":true,"href":"https:\/\/educaredigital.online\/loja\/wp-json\/wp\/v2\/product_brand?post=8721"},{"taxonomy":"product_cat","embeddable":true,"href":"https:\/\/educaredigital.online\/loja\/wp-json\/wp\/v2\/product_cat?post=8721"},{"taxonomy":"product_tag","embeddable":true,"href":"https:\/\/educaredigital.online\/loja\/wp-json\/wp\/v2\/product_tag?post=8721"}],"curies":[{"name":"wp","href":"https:\/\/api.w.org\/{rel}","templated":true}]}}