{"id":8719,"date":"2026-04-20T19:06:58","date_gmt":"2026-04-20T19:06:58","guid":{"rendered":"https:\/\/educaredigital.online\/loja\/produto\/microondas-completo\/"},"modified":"2026-04-24T20:01:59","modified_gmt":"2026-04-24T20:01:59","slug":"microondas-completo","status":"publish","type":"product","link":"https:\/\/educaredigital.online\/loja\/produto\/microondas-completo\/","title":{"rendered":"Micro &#8211; Ondas Completo"},"content":{"rendered":"<p class=\"ds-markdown-paragraph\"><strong>MICRO-ONDAS COMPLETO <\/strong>\u00a0\u00e9 um eletrodom\u00e9stico de brinquedo que replica a experi\u00eancia real de esquentar a &#8220;comidinha&#8221;, sendo um item indispens\u00e1vel para a cozinha infantil ou para a brincadeira de casinha, o brinquedo possui\u00a0<strong>porta funcional que abre e fecha<\/strong>, bot\u00f5es interativos e um\u00a0<strong>prato girat\u00f3rio incluso<\/strong>\u00a0. Seu grande diferencial est\u00e1 nos\u00a0<strong>efeitos sonoros e luminosos<\/strong>: ao ser acionado, ele emite o barulho caracter\u00edstico do motor e, ao final, um &#8220;ding&#8221; que avisa que a comida est\u00e1 pronta, estimulando a imagina\u00e7\u00e3o e o senso de causa e efeito\u00a0.<\/p>\n<p class=\"ds-markdown-paragraph\">Desenvolve habilidades como <strong>aprendizado pela imita\u00e7\u00e3o, conhecimento geral, imagina\u00e7\u00e3o e criatividade<\/strong> . \u00c9 ideal para brincadeiras de faz de conta, ensinando rotinas e estimulando a socializa\u00e7\u00e3o. O\u00a0produto funciona com\u00a0<strong>3 pilhas LR44<\/strong> (inclusas em alguns modelos) e geralmente acompanha um prato de micro-ondas, garantindo seguran\u00e7a e realismo para os pequenos chefs.<\/p>\n<div class=\"details-table-wrapper\">\n<table class=\"product-details-table\">\n<tbody>\n<tr>\n<td>Marca<\/td>\n<td>Tateti<\/td>\n<\/tr>\n<tr>\n<td>Material<\/td>\n<td>\u00a0Pl\u00e1stico<\/td>\n<\/tr>\n<tr>\n<td>Faixa Et\u00e1ria<\/td>\n<td>A partir de 3 Anos<\/td>\n<\/tr>\n<\/tbody>\n<\/table>\n<\/div>\n","protected":false},"excerpt":{"rendered":"<p>MICRO-ONDAS COMPLETO \u00a0\u00e9 um eletrodom\u00e9stico de brinquedo que replica a experi\u00eancia real de esquentar a &#8220;comidinha&#8221;, sendo um item indispens\u00e1vel para a cozinha infantil ou para a brincadeira de casinha, o brinquedo possui\u00a0porta funcional que abre e fecha, bot\u00f5es interativos<\/p>\n","protected":false},"featured_media":9154,"comment_status":"open","ping_status":"closed","template":"","meta":[],"product_brand":[231],"product_cat":[213],"product_tag":[],"class_list":{"0":"post-8719","1":"product","2":"type-product","3":"status-publish","6":"product_brand-tateti","7":"product_cat-brinquedos-jogos-e-brinquedos","9":"first","10":"instock","11":"shipping-taxable","12":"purchasable","13":"product-type-simple"},"_links":{"self":[{"href":"https:\/\/educaredigital.online\/loja\/wp-json\/wp\/v2\/product\/8719","targetHints":{"allow":["GET"]}}],"collection":[{"href":"https:\/\/educaredigital.online\/loja\/wp-json\/wp\/v2\/product"}],"about":[{"href":"https:\/\/educaredigital.online\/loja\/wp-json\/wp\/v2\/types\/product"}],"replies":[{"embeddable":true,"href":"https:\/\/educaredigital.online\/loja\/wp-json\/wp\/v2\/comments?post=8719"}],"wp:featuredmedia":[{"embeddable":true,"href":"https:\/\/educaredigital.online\/loja\/wp-json\/wp\/v2\/media\/9154"}],"wp:attachment":[{"href":"https:\/\/educaredigital.online\/loja\/wp-json\/wp\/v2\/media?parent=8719"}],"wp:term":[{"taxonomy":"product_brand","embeddable":true,"href":"https:\/\/educaredigital.online\/loja\/wp-json\/wp\/v2\/product_brand?post=8719"},{"taxonomy":"product_cat","embeddable":true,"href":"https:\/\/educaredigital.online\/loja\/wp-json\/wp\/v2\/product_cat?post=8719"},{"taxonomy":"product_tag","embeddable":true,"href":"https:\/\/educaredigital.online\/loja\/wp-json\/wp\/v2\/product_tag?post=8719"}],"curies":[{"name":"wp","href":"https:\/\/api.w.org\/{rel}","templated":true}]}}