{"id":8718,"date":"2026-04-20T19:06:58","date_gmt":"2026-04-20T19:06:58","guid":{"rendered":"https:\/\/educaredigital.online\/loja\/produto\/kit-de-cozinha-completo\/"},"modified":"2026-04-24T20:01:54","modified_gmt":"2026-04-24T20:01:54","slug":"kit-de-cozinha-completo","status":"publish","type":"product","link":"https:\/\/educaredigital.online\/loja\/produto\/kit-de-cozinha-completo\/","title":{"rendered":"Kit de Cozinha Completo"},"content":{"rendered":"<p class=\"ds-markdown-paragraph\">\u00a0<strong>Kit de Cozinha Completo<\/strong>\u00a0\u00e9 um conjunto de utens\u00edlios dom\u00e9sticos em miniatura que transforma qualquer ambiente em uma cozinha de brincadeira. Composto por\u00a0<strong>15 pe\u00e7as<\/strong>, o kit inclui: 1 panelinha com tampa, 1 leiteira com tampa, 1 frigideira, 2 pratos, 2 x\u00edcaras, 2 facas, 2 garfos, 2 colheres, 1 concha e 1 escumadeira\u00a0. Embalado em uma pr\u00e1tica sacola, as pe\u00e7as s\u00e3o coloridas e fabricadas em pl\u00e1stico resistente, sendo enviadas em cores sortidas (rosa\/verde \u00e1gua ou rosa\/lil\u00e1s) conforme disponibilidade do fabricante\u00a0.<\/p>\n<p class=\"ds-markdown-paragraph\">Este brinquedo de &#8220;faz de conta&#8221; desenvolve habilidades como <strong>imagina\u00e7\u00e3o e criatividade<\/strong>,\u00a0<strong>aprendizado pela imita\u00e7\u00e3o<\/strong>,\u00a0<strong>express\u00e3o e comunica\u00e7\u00e3o<\/strong>,\u00a0<strong>adapta\u00e7\u00e3o social<\/strong>\u00a0e\u00a0<strong>resolu\u00e7\u00e3o de problemas<\/strong> . Dimens\u00f5es aproximadas de 20 x 10 x 27 cm, o produto deve ser utilizado sob supervis\u00e3o de um adulto e lavado antes e ap\u00f3s o uso, garantindo seguran\u00e7a e divers\u00e3o para os pequenos chefs.<\/p>\n<div class=\"details-table-wrapper\">\n<table class=\"product-details-table\">\n<tbody>\n<tr>\n<td>Marca<\/td>\n<td>Tateti<\/td>\n<\/tr>\n<tr>\n<td>Material<\/td>\n<td>\u00a0Pl\u00e1stico<\/td>\n<\/tr>\n<tr>\n<td>Faixa Et\u00e1ria<\/td>\n<td>A partir de 3 Anos<\/td>\n<\/tr>\n<\/tbody>\n<\/table>\n<\/div>\n","protected":false},"excerpt":{"rendered":"<p>\u00a0Kit de Cozinha Completo\u00a0\u00e9 um conjunto de utens\u00edlios dom\u00e9sticos em miniatura que transforma qualquer ambiente em uma cozinha de brincadeira. Composto por\u00a015 pe\u00e7as, o kit inclui: 1 panelinha com tampa, 1 leiteira com tampa, 1 frigideira, 2 pratos, 2 x\u00edcaras,<\/p>\n","protected":false},"featured_media":8717,"comment_status":"open","ping_status":"closed","template":"","meta":[],"product_brand":[231],"product_cat":[213],"product_tag":[],"class_list":{"0":"post-8718","1":"product","2":"type-product","3":"status-publish","6":"product_brand-tateti","7":"product_cat-brinquedos-jogos-e-brinquedos","9":"first","10":"instock","11":"shipping-taxable","12":"purchasable","13":"product-type-simple"},"_links":{"self":[{"href":"https:\/\/educaredigital.online\/loja\/wp-json\/wp\/v2\/product\/8718","targetHints":{"allow":["GET"]}}],"collection":[{"href":"https:\/\/educaredigital.online\/loja\/wp-json\/wp\/v2\/product"}],"about":[{"href":"https:\/\/educaredigital.online\/loja\/wp-json\/wp\/v2\/types\/product"}],"replies":[{"embeddable":true,"href":"https:\/\/educaredigital.online\/loja\/wp-json\/wp\/v2\/comments?post=8718"}],"wp:featuredmedia":[{"embeddable":true,"href":"https:\/\/educaredigital.online\/loja\/wp-json\/wp\/v2\/media\/8717"}],"wp:attachment":[{"href":"https:\/\/educaredigital.online\/loja\/wp-json\/wp\/v2\/media?parent=8718"}],"wp:term":[{"taxonomy":"product_brand","embeddable":true,"href":"https:\/\/educaredigital.online\/loja\/wp-json\/wp\/v2\/product_brand?post=8718"},{"taxonomy":"product_cat","embeddable":true,"href":"https:\/\/educaredigital.online\/loja\/wp-json\/wp\/v2\/product_cat?post=8718"},{"taxonomy":"product_tag","embeddable":true,"href":"https:\/\/educaredigital.online\/loja\/wp-json\/wp\/v2\/product_tag?post=8718"}],"curies":[{"name":"wp","href":"https:\/\/api.w.org\/{rel}","templated":true}]}}