{"id":8716,"date":"2026-04-20T19:06:57","date_gmt":"2026-04-20T19:06:57","guid":{"rendered":"https:\/\/educaredigital.online\/loja\/produto\/mini-market\/"},"modified":"2026-04-24T20:02:05","modified_gmt":"2026-04-24T20:02:05","slug":"mini-market","status":"publish","type":"product","link":"https:\/\/educaredigital.online\/loja\/produto\/mini-market\/","title":{"rendered":"Mini Market"},"content":{"rendered":"<p class=\"ds-markdown-paragraph\">\u00a0<strong>Mini Market<\/strong>\u00a0\u00e9 um mercadinho completo para brincar de &#8220;faz de conta&#8221;, que transforma qualquer ambiente em uma vendinha de verdade . O kit inclui: <strong>1 balan\u00e7a<\/strong>,\u00a0<strong>1 cesta de compras<\/strong>,\u00a0<strong>1 telefone<\/strong>,\u00a0<strong>6 frutas e verduras<\/strong>\u00a0(legumes de pl\u00e1stico) e\u00a0<strong>8 caixinhas de produtos<\/strong>\u00a0(como leite, suco e molho de tomate) . A brincadeira consiste em escolher os itens, colocar na cesta e &#8220;pesar&#8221; tudo na balan\u00e7a, simulando a experi\u00eancia real de ir ao mercado e estimulando o conhecimento geral por meio da imita\u00e7\u00e3o .<\/p>\n<p class=\"ds-markdown-paragraph\">Desenvolve habilidades como <strong>imagina\u00e7\u00e3o e criatividade<\/strong>,\u00a0<strong>aprendizado pela imita\u00e7\u00e3o<\/strong>,\u00a0<strong>express\u00e3o e comunica\u00e7\u00e3o<\/strong>,\u00a0<strong>adapta\u00e7\u00e3o social e intera\u00e7\u00e3o<\/strong>, al\u00e9m de no\u00e7\u00f5es de\u00a0<strong>planejamento e resolu\u00e7\u00e3o de problemas<\/strong> ,o brinquedo \u00e9 fabricado em pl\u00e1stico resistente e seguro, sendo uma excelente ferramenta educativa para brincadeiras em grupo.<\/p>\n<div class=\"details-table-wrapper\">\n<table class=\"product-details-table\">\n<tbody>\n<tr>\n<td>Marca<\/td>\n<td>Tateti<\/td>\n<\/tr>\n<tr>\n<td>Material<\/td>\n<td>\u00a0Pl\u00e1stico<\/td>\n<\/tr>\n<tr>\n<td>Faixa Et\u00e1ria<\/td>\n<td>A partir de 3 Anos<\/td>\n<\/tr>\n<\/tbody>\n<\/table>\n<\/div>\n","protected":false},"excerpt":{"rendered":"<p>\u00a0Mini Market\u00a0\u00e9 um mercadinho completo para brincar de &#8220;faz de conta&#8221;, que transforma qualquer ambiente em uma vendinha de verdade . O kit inclui: 1 balan\u00e7a,\u00a01 cesta de compras,\u00a01 telefone,\u00a06 frutas e verduras\u00a0(legumes de pl\u00e1stico) e\u00a08 caixinhas de produtos\u00a0(como leite,<\/p>\n","protected":false},"featured_media":9156,"comment_status":"open","ping_status":"closed","template":"","meta":[],"product_brand":[231],"product_cat":[213],"product_tag":[],"class_list":{"0":"post-8716","1":"product","2":"type-product","3":"status-publish","6":"product_brand-tateti","7":"product_cat-brinquedos-jogos-e-brinquedos","9":"first","10":"instock","11":"shipping-taxable","12":"purchasable","13":"product-type-simple"},"_links":{"self":[{"href":"https:\/\/educaredigital.online\/loja\/wp-json\/wp\/v2\/product\/8716","targetHints":{"allow":["GET"]}}],"collection":[{"href":"https:\/\/educaredigital.online\/loja\/wp-json\/wp\/v2\/product"}],"about":[{"href":"https:\/\/educaredigital.online\/loja\/wp-json\/wp\/v2\/types\/product"}],"replies":[{"embeddable":true,"href":"https:\/\/educaredigital.online\/loja\/wp-json\/wp\/v2\/comments?post=8716"}],"wp:featuredmedia":[{"embeddable":true,"href":"https:\/\/educaredigital.online\/loja\/wp-json\/wp\/v2\/media\/9156"}],"wp:attachment":[{"href":"https:\/\/educaredigital.online\/loja\/wp-json\/wp\/v2\/media?parent=8716"}],"wp:term":[{"taxonomy":"product_brand","embeddable":true,"href":"https:\/\/educaredigital.online\/loja\/wp-json\/wp\/v2\/product_brand?post=8716"},{"taxonomy":"product_cat","embeddable":true,"href":"https:\/\/educaredigital.online\/loja\/wp-json\/wp\/v2\/product_cat?post=8716"},{"taxonomy":"product_tag","embeddable":true,"href":"https:\/\/educaredigital.online\/loja\/wp-json\/wp\/v2\/product_tag?post=8716"}],"curies":[{"name":"wp","href":"https:\/\/api.w.org\/{rel}","templated":true}]}}