{"id":8712,"date":"2026-04-20T19:06:54","date_gmt":"2026-04-20T19:06:54","guid":{"rendered":"https:\/\/educaredigital.online\/loja\/produto\/geladeira-frost-fun\/"},"modified":"2026-04-24T20:02:20","modified_gmt":"2026-04-24T20:02:20","slug":"geladeira-frost-fun","status":"publish","type":"product","link":"https:\/\/educaredigital.online\/loja\/produto\/geladeira-frost-fun\/","title":{"rendered":"Geladeira Fronts Fun"},"content":{"rendered":"<p class=\"ds-markdown-paragraph\"><strong>Geladeira Frost Fun Candy <\/strong>\u00e9 um eletrodom\u00e9stico de brinquedo que transforma a brincadeira de casinha em uma experi\u00eancia superinterativa\u00a0. Com design moderno e estilo &#8220;inverse&#8221; (freezer na parte inferior), ela possui\u00a0<strong>prateleiras m\u00f3veis<\/strong>\u00a0que permitem organizar os alimentos do jeito que a crian\u00e7a quiser\u00a0. O grande diferencial fica por conta do\u00a0<strong>dispersor de \u00e1gua na porta<\/strong>\u00a0que\u00a0<strong>libera \u00e1gua de verdade<\/strong>\u00a0&#8211; basta encher o copinho incluso e servir\u00a0. Acompanha diversos acess\u00f3rios: formas de gelo, forma para 6 picol\u00e9s, porta ovos e gaveta central\u00a0.<\/p>\n<p class=\"ds-markdown-paragraph\">Desenvolve habilidades como <strong>imagina\u00e7\u00e3o e criatividade, aprendizado pela imita\u00e7\u00e3o, coordena\u00e7\u00e3o entre olhos e m\u00e3os, curiosidade e descoberta, adapta\u00e7\u00e3o social e resolu\u00e7\u00e3o de problemas<\/strong>\u00a0. Com dimens\u00f5es aproximadas de\u00a0<strong>77 cm de altura.<\/strong><\/p>\n<div class=\"details-table-wrapper\">\n<table class=\"product-details-table\">\n<tbody>\n<tr>\n<td>Marca<\/td>\n<td>Tateti<\/td>\n<\/tr>\n<tr>\n<td>Material<\/td>\n<td>\u00a0Pl\u00e1stico<\/td>\n<\/tr>\n<tr>\n<td>Faixa Et\u00e1ria<\/td>\n<td>A partir de 3 Anos<\/td>\n<\/tr>\n<\/tbody>\n<\/table>\n<\/div>\n","protected":false},"excerpt":{"rendered":"<p>Geladeira Frost Fun Candy \u00e9 um eletrodom\u00e9stico de brinquedo que transforma a brincadeira de casinha em uma experi\u00eancia superinterativa\u00a0. Com design moderno e estilo &#8220;inverse&#8221; (freezer na parte inferior), ela possui\u00a0prateleiras m\u00f3veis\u00a0que permitem organizar os alimentos do jeito que a<\/p>\n","protected":false},"featured_media":9161,"comment_status":"open","ping_status":"closed","template":"","meta":[],"product_brand":[231],"product_cat":[213],"product_tag":[],"class_list":{"0":"post-8712","1":"product","2":"type-product","3":"status-publish","6":"product_brand-tateti","7":"product_cat-brinquedos-jogos-e-brinquedos","9":"first","10":"instock","11":"shipping-taxable","12":"purchasable","13":"product-type-simple"},"_links":{"self":[{"href":"https:\/\/educaredigital.online\/loja\/wp-json\/wp\/v2\/product\/8712","targetHints":{"allow":["GET"]}}],"collection":[{"href":"https:\/\/educaredigital.online\/loja\/wp-json\/wp\/v2\/product"}],"about":[{"href":"https:\/\/educaredigital.online\/loja\/wp-json\/wp\/v2\/types\/product"}],"replies":[{"embeddable":true,"href":"https:\/\/educaredigital.online\/loja\/wp-json\/wp\/v2\/comments?post=8712"}],"wp:featuredmedia":[{"embeddable":true,"href":"https:\/\/educaredigital.online\/loja\/wp-json\/wp\/v2\/media\/9161"}],"wp:attachment":[{"href":"https:\/\/educaredigital.online\/loja\/wp-json\/wp\/v2\/media?parent=8712"}],"wp:term":[{"taxonomy":"product_brand","embeddable":true,"href":"https:\/\/educaredigital.online\/loja\/wp-json\/wp\/v2\/product_brand?post=8712"},{"taxonomy":"product_cat","embeddable":true,"href":"https:\/\/educaredigital.online\/loja\/wp-json\/wp\/v2\/product_cat?post=8712"},{"taxonomy":"product_tag","embeddable":true,"href":"https:\/\/educaredigital.online\/loja\/wp-json\/wp\/v2\/product_tag?post=8712"}],"curies":[{"name":"wp","href":"https:\/\/api.w.org\/{rel}","templated":true}]}}