{"id":8710,"date":"2026-04-20T19:06:50","date_gmt":"2026-04-20T19:06:50","guid":{"rendered":"https:\/\/educaredigital.online\/loja\/produto\/kit-limpeza-completo\/"},"modified":"2026-04-24T20:03:00","modified_gmt":"2026-04-24T20:03:00","slug":"kit-limpeza-completo","status":"publish","type":"product","link":"https:\/\/educaredigital.online\/loja\/produto\/kit-limpeza-completo\/","title":{"rendered":"Kit Limpeza Completo"},"content":{"rendered":"<div class=\"ds-message _63c77b1\">\n<div class=\"ds-markdown\">\n<p class=\"ds-markdown-paragraph\"><strong>Kit Limpeza Completo<\/strong>\u00a0\u00e9 um conjunto de utens\u00edlios dom\u00e9sticos que transforma as crian\u00e7as em pequenos ajudantes na hora de &#8220;limpar a casa&#8221;. Dispon\u00edvel em vers\u00f5es mais completas com\u00a0<strong>carrinho de transporte<\/strong> \u00a0ou vers\u00f5es mais simples o kit geralmente inclui <strong>1 vassoura, 1 rodo e 1 p\u00e1<\/strong>\u00a0em tamanhos adaptados para as m\u00e3os infantis, com aproximadamente 60cm de altura\u00a0. As cores vibrantes (rosa, roxo ou sortidas) tornam a brincadeira ainda mais atrativa e s\u00e3o enviadas aleatoriamente conforme disponibilidade do fabricante\u00a0.<\/p>\n<p class=\"ds-markdown-paragraph\">Desenvolve habilidades como <strong>aprendizado pela imita\u00e7\u00e3o, imagina\u00e7\u00e3o e criatividade, adapta\u00e7\u00e3o social e intera\u00e7\u00e3o, express\u00e3o e comunica\u00e7\u00e3o e integra\u00e7\u00e3o visoespacial<\/strong> \u00e9 uma excelente ferramenta educativa que estimula a responsabilidade e o senso de organiza\u00e7\u00e3o atrav\u00e9s da brincadeira de &#8220;faz de conta&#8221;.<\/p>\n<div class=\"details-table-wrapper\">\n<table class=\"product-details-table\">\n<tbody>\n<tr>\n<td>Marca<\/td>\n<td>Tateti<\/td>\n<\/tr>\n<tr>\n<td>Material<\/td>\n<td>\u00a0Pl\u00e1stico<\/td>\n<\/tr>\n<tr>\n<td>Faixa Et\u00e1ria<\/td>\n<td>A partir de 3 Anos<\/td>\n<\/tr>\n<\/tbody>\n<\/table>\n<p>&nbsp;<\/p>\n<\/div>\n<\/div>\n<\/div>\n","protected":false},"excerpt":{"rendered":"<p>Kit Limpeza Completo\u00a0\u00e9 um conjunto de utens\u00edlios dom\u00e9sticos que transforma as crian\u00e7as em pequenos ajudantes na hora de &#8220;limpar a casa&#8221;. Dispon\u00edvel em vers\u00f5es mais completas com\u00a0carrinho de transporte \u00a0ou vers\u00f5es mais simples o kit geralmente inclui 1 vassoura, 1<\/p>\n","protected":false},"featured_media":9165,"comment_status":"open","ping_status":"closed","template":"","meta":[],"product_brand":[231],"product_cat":[213],"product_tag":[],"class_list":{"0":"post-8710","1":"product","2":"type-product","3":"status-publish","6":"product_brand-tateti","7":"product_cat-brinquedos-jogos-e-brinquedos","9":"first","10":"instock","11":"shipping-taxable","12":"purchasable","13":"product-type-simple"},"_links":{"self":[{"href":"https:\/\/educaredigital.online\/loja\/wp-json\/wp\/v2\/product\/8710","targetHints":{"allow":["GET"]}}],"collection":[{"href":"https:\/\/educaredigital.online\/loja\/wp-json\/wp\/v2\/product"}],"about":[{"href":"https:\/\/educaredigital.online\/loja\/wp-json\/wp\/v2\/types\/product"}],"replies":[{"embeddable":true,"href":"https:\/\/educaredigital.online\/loja\/wp-json\/wp\/v2\/comments?post=8710"}],"wp:featuredmedia":[{"embeddable":true,"href":"https:\/\/educaredigital.online\/loja\/wp-json\/wp\/v2\/media\/9165"}],"wp:attachment":[{"href":"https:\/\/educaredigital.online\/loja\/wp-json\/wp\/v2\/media?parent=8710"}],"wp:term":[{"taxonomy":"product_brand","embeddable":true,"href":"https:\/\/educaredigital.online\/loja\/wp-json\/wp\/v2\/product_brand?post=8710"},{"taxonomy":"product_cat","embeddable":true,"href":"https:\/\/educaredigital.online\/loja\/wp-json\/wp\/v2\/product_cat?post=8710"},{"taxonomy":"product_tag","embeddable":true,"href":"https:\/\/educaredigital.online\/loja\/wp-json\/wp\/v2\/product_tag?post=8710"}],"curies":[{"name":"wp","href":"https:\/\/api.w.org\/{rel}","templated":true}]}}