{"id":8615,"date":"2026-04-17T12:58:54","date_gmt":"2026-04-17T12:58:54","guid":{"rendered":"https:\/\/educaredigital.online\/loja\/produto\/a-historia-de-sojourner-truth-a-escrava-do-norte\/"},"modified":"2026-04-17T13:59:38","modified_gmt":"2026-04-17T13:59:38","slug":"a-historia-de-sojourner-truth-a-escrava-do-norte","status":"publish","type":"product","link":"https:\/\/educaredigital.online\/loja\/produto\/a-historia-de-sojourner-truth-a-escrava-do-norte\/","title":{"rendered":"A Hist\u00f3ria de Sojourner Truth: A Escrava do Norte"},"content":{"rendered":"<p data-path-to-node=\"0\"><b data-path-to-node=\"0\" data-index-in-node=\"0\">A Hist\u00f3ria de Sojourner Truth: A Escrava do Norte<\/b> narra a trajet\u00f3ria real e inspiradora de uma das mulheres mais importantes na luta pelos direitos humanos nos Estados Unidos. O livro acompanha a vida de Isabella Baumfree, que nasceu escravizada no estado de Nova York e, ap\u00f3s conquistar sua liberdade, adotou o nome de Sojourner Truth, tornando-se uma poderosa oradora e ativista abolicionista e defensora dos direitos das mulheres.<\/p>\n<p data-path-to-node=\"1\">A obra aborda com sensibilidade e for\u00e7a os desafios enfrentados por Truth, destacando sua coragem ao desafiar o sistema jur\u00eddico da \u00e9poca para recuperar seu filho vendido ilegalmente e sua dedica\u00e7\u00e3o em pregar a justi\u00e7a e a igualdade. \u00c9 um relato essencial para compreender a resist\u00eancia negra e feminina no s\u00e9culo XIX, servindo como uma fonte de inspira\u00e7\u00e3o sobre resili\u00eancia e a busca incessante pela dignidade humana.<\/p>\n<div class=\"details-table-wrapper\">\n<table class=\"product-details-table\">\n<tbody>\n<tr>\n<td>Autor<\/td>\n<td>Olive Gilbert<\/td>\n<\/tr>\n<tr>\n<td>ISBN<\/td>\n<td>9786555522143<\/td>\n<\/tr>\n<tr>\n<td>Editora<\/td>\n<td>Principis<\/td>\n<\/tr>\n<tr>\n<td>N\u00ba de p\u00e1ginas<\/td>\n<td>128<\/td>\n<\/tr>\n<\/tbody>\n<\/table>\n<\/div>\n","protected":false},"excerpt":{"rendered":"<p>A Hist\u00f3ria de Sojourner Truth: A Escrava do Norte narra a trajet\u00f3ria real e inspiradora de uma das mulheres mais importantes na luta pelos direitos humanos nos Estados Unidos. O livro acompanha a vida de Isabella Baumfree, que nasceu escravizada<\/p>\n","protected":false},"featured_media":8614,"comment_status":"open","ping_status":"closed","template":"","meta":[],"product_brand":[],"product_cat":[214],"product_tag":[],"class_list":{"0":"post-8615","1":"product","2":"type-product","3":"status-publish","6":"product_cat-afro-brasileira-e-indigena","8":"first","9":"instock","10":"shipping-taxable","11":"purchasable","12":"product-type-simple"},"_links":{"self":[{"href":"https:\/\/educaredigital.online\/loja\/wp-json\/wp\/v2\/product\/8615","targetHints":{"allow":["GET"]}}],"collection":[{"href":"https:\/\/educaredigital.online\/loja\/wp-json\/wp\/v2\/product"}],"about":[{"href":"https:\/\/educaredigital.online\/loja\/wp-json\/wp\/v2\/types\/product"}],"replies":[{"embeddable":true,"href":"https:\/\/educaredigital.online\/loja\/wp-json\/wp\/v2\/comments?post=8615"}],"wp:featuredmedia":[{"embeddable":true,"href":"https:\/\/educaredigital.online\/loja\/wp-json\/wp\/v2\/media\/8614"}],"wp:attachment":[{"href":"https:\/\/educaredigital.online\/loja\/wp-json\/wp\/v2\/media?parent=8615"}],"wp:term":[{"taxonomy":"product_brand","embeddable":true,"href":"https:\/\/educaredigital.online\/loja\/wp-json\/wp\/v2\/product_brand?post=8615"},{"taxonomy":"product_cat","embeddable":true,"href":"https:\/\/educaredigital.online\/loja\/wp-json\/wp\/v2\/product_cat?post=8615"},{"taxonomy":"product_tag","embeddable":true,"href":"https:\/\/educaredigital.online\/loja\/wp-json\/wp\/v2\/product_tag?post=8615"}],"curies":[{"name":"wp","href":"https:\/\/api.w.org\/{rel}","templated":true}]}}