{"id":8608,"date":"2026-04-17T12:44:36","date_gmt":"2026-04-17T12:44:36","guid":{"rendered":"https:\/\/educaredigital.online\/loja\/produto\/as-cores-da-reciclagem\/"},"modified":"2026-04-17T13:50:01","modified_gmt":"2026-04-17T13:50:01","slug":"as-cores-da-reciclagem","status":"publish","type":"product","link":"https:\/\/educaredigital.online\/loja\/produto\/as-cores-da-reciclagem\/","title":{"rendered":"As Cores da Reciclagem"},"content":{"rendered":"<p><strong>As Cores da Reciclagem<\/strong> utiliza uma narrativa l\u00fadica para apresentar \u00e0s crian\u00e7as a import\u00e2ncia da preserva\u00e7\u00e3o ambiental e o funcionamento da coleta seletiva. Atrav\u00e9s das cores das lixeiras, o livro ensina de forma pr\u00e1tica onde descartar cada tipo de res\u00edduo, transformando a educa\u00e7\u00e3o ecol\u00f3gica em uma atividade compreens\u00edvel e divertida.<\/p>\n<p>O objetivo da obra \u00e9 despertar a consci\u00eancia sustent\u00e1vel desde cedo, mostrando que pequenas atitudes no dia a dia podem gerar grandes impactos positivos para o planeta. \u00c9 um recurso ideal para trabalhar temas como cidadania e responsabilidade ambiental no ambiente escolar ou familiar.<\/p>\n<div class=\"details-table-wrapper\">\n<table class=\"product-details-table\">\n<tbody>\n<tr>\n<td>Autor<\/td>\n<td>Donaldo Buchweitz<\/td>\n<\/tr>\n<tr>\n<td>ISBN<\/td>\n<td>9786526101131<\/td>\n<\/tr>\n<tr>\n<td>Editora<\/td>\n<td>Ciranda Cultural<\/td>\n<\/tr>\n<tr>\n<td>N\u00ba de p\u00e1ginas<\/td>\n<td>32<\/td>\n<\/tr>\n<\/tbody>\n<\/table>\n<\/div>\n","protected":false},"excerpt":{"rendered":"<p>As Cores da Reciclagem utiliza uma narrativa l\u00fadica para apresentar \u00e0s crian\u00e7as a import\u00e2ncia da preserva\u00e7\u00e3o ambiental e o funcionamento da coleta seletiva. Atrav\u00e9s das cores das lixeiras, o livro ensina de forma pr\u00e1tica onde descartar cada tipo de res\u00edduo,<\/p>\n","protected":false},"featured_media":8607,"comment_status":"open","ping_status":"closed","template":"","meta":[],"product_brand":[],"product_cat":[201],"product_tag":[],"class_list":{"0":"post-8608","1":"product","2":"type-product","3":"status-publish","6":"product_cat-livros-4-e-5-anos","8":"first","9":"instock","10":"shipping-taxable","11":"purchasable","12":"product-type-simple"},"_links":{"self":[{"href":"https:\/\/educaredigital.online\/loja\/wp-json\/wp\/v2\/product\/8608","targetHints":{"allow":["GET"]}}],"collection":[{"href":"https:\/\/educaredigital.online\/loja\/wp-json\/wp\/v2\/product"}],"about":[{"href":"https:\/\/educaredigital.online\/loja\/wp-json\/wp\/v2\/types\/product"}],"replies":[{"embeddable":true,"href":"https:\/\/educaredigital.online\/loja\/wp-json\/wp\/v2\/comments?post=8608"}],"wp:featuredmedia":[{"embeddable":true,"href":"https:\/\/educaredigital.online\/loja\/wp-json\/wp\/v2\/media\/8607"}],"wp:attachment":[{"href":"https:\/\/educaredigital.online\/loja\/wp-json\/wp\/v2\/media?parent=8608"}],"wp:term":[{"taxonomy":"product_brand","embeddable":true,"href":"https:\/\/educaredigital.online\/loja\/wp-json\/wp\/v2\/product_brand?post=8608"},{"taxonomy":"product_cat","embeddable":true,"href":"https:\/\/educaredigital.online\/loja\/wp-json\/wp\/v2\/product_cat?post=8608"},{"taxonomy":"product_tag","embeddable":true,"href":"https:\/\/educaredigital.online\/loja\/wp-json\/wp\/v2\/product_tag?post=8608"}],"curies":[{"name":"wp","href":"https:\/\/api.w.org\/{rel}","templated":true}]}}