{"id":8606,"date":"2026-04-17T12:44:35","date_gmt":"2026-04-17T12:44:35","guid":{"rendered":"https:\/\/educaredigital.online\/loja\/produto\/obras-essenciais-de-jose-de-alencar\/"},"modified":"2026-04-17T13:49:01","modified_gmt":"2026-04-17T13:49:01","slug":"obras-essenciais-de-jose-de-alencar","status":"publish","type":"product","link":"https:\/\/educaredigital.online\/loja\/produto\/obras-essenciais-de-jose-de-alencar\/","title":{"rendered":"Obras Essenciais de Jos\u00e9 de Alencar"},"content":{"rendered":"<p data-path-to-node=\"0\"><b data-path-to-node=\"0\" data-index-in-node=\"0\">Obras Essenciais de Jos\u00e9 de Alencar<\/b> re\u00fane tr\u00eas dos t\u00edtulos mais emblem\u00e1ticos do autor que \u00e9 considerado o consolidador do romance brasileiro. O volume (ou box) geralmente inclui <i data-path-to-node=\"0\" data-index-in-node=\"178\">O Guarani<\/i>, que explora o tema indianista e a funda\u00e7\u00e3o m\u00edtica do pa\u00eds; <i data-path-to-node=\"0\" data-index-in-node=\"248\">Senhora<\/i>, um cl\u00e1ssico do romance urbano que critica as conven\u00e7\u00f5es sociais e o casamento por interesse no Rio de Janeiro do s\u00e9culo XIX; e <i data-path-to-node=\"0\" data-index-in-node=\"384\">Til<\/i>, uma obra regionalista que retrata a vida rural e a for\u00e7a de suas personagens.<\/p>\n<p data-path-to-node=\"1\">Apresenta o texto integral das obras, permitindo que o leitor moderno tenha contato direto com a linguagem refinada e os ideais rom\u00e2nticos de Alencar. \u00c9 uma compila\u00e7\u00e3o fundamental para entender as diferentes vertentes da literatura nacional \u2014 o hist\u00f3rico, o urbano e o regional \u2014 sob a \u00f3tica de um dos maiores nomes da nossa hist\u00f3ria liter\u00e1ria.<\/p>\n<div class=\"details-table-wrapper\">\n<table class=\"product-details-table\">\n<tbody>\n<tr>\n<td>Autor<\/td>\n<td>Jos\u00e9 de Alencar<\/td>\n<\/tr>\n<tr>\n<td>ISBN<\/td>\n<td>7908312101756<\/td>\n<\/tr>\n<tr>\n<td>Editora<\/td>\n<td>Principis<\/td>\n<\/tr>\n<tr>\n<td>3 t\u00edtulos<\/td>\n<td>O Guarani, Senhora e Til<\/td>\n<\/tr>\n<\/tbody>\n<\/table>\n<\/div>\n","protected":false},"excerpt":{"rendered":"<p>Obras Essenciais de Jos\u00e9 de Alencar re\u00fane tr\u00eas dos t\u00edtulos mais emblem\u00e1ticos do autor que \u00e9 considerado o consolidador do romance brasileiro. O volume (ou box) geralmente inclui O Guarani, que explora o tema indianista e a funda\u00e7\u00e3o m\u00edtica do<\/p>\n","protected":false},"featured_media":8605,"comment_status":"open","ping_status":"closed","template":"","meta":[],"product_brand":[],"product_cat":[214],"product_tag":[],"class_list":{"0":"post-8606","1":"product","2":"type-product","3":"status-publish","6":"product_cat-afro-brasileira-e-indigena","8":"first","9":"instock","10":"shipping-taxable","11":"purchasable","12":"product-type-simple"},"_links":{"self":[{"href":"https:\/\/educaredigital.online\/loja\/wp-json\/wp\/v2\/product\/8606","targetHints":{"allow":["GET"]}}],"collection":[{"href":"https:\/\/educaredigital.online\/loja\/wp-json\/wp\/v2\/product"}],"about":[{"href":"https:\/\/educaredigital.online\/loja\/wp-json\/wp\/v2\/types\/product"}],"replies":[{"embeddable":true,"href":"https:\/\/educaredigital.online\/loja\/wp-json\/wp\/v2\/comments?post=8606"}],"wp:featuredmedia":[{"embeddable":true,"href":"https:\/\/educaredigital.online\/loja\/wp-json\/wp\/v2\/media\/8605"}],"wp:attachment":[{"href":"https:\/\/educaredigital.online\/loja\/wp-json\/wp\/v2\/media?parent=8606"}],"wp:term":[{"taxonomy":"product_brand","embeddable":true,"href":"https:\/\/educaredigital.online\/loja\/wp-json\/wp\/v2\/product_brand?post=8606"},{"taxonomy":"product_cat","embeddable":true,"href":"https:\/\/educaredigital.online\/loja\/wp-json\/wp\/v2\/product_cat?post=8606"},{"taxonomy":"product_tag","embeddable":true,"href":"https:\/\/educaredigital.online\/loja\/wp-json\/wp\/v2\/product_tag?post=8606"}],"curies":[{"name":"wp","href":"https:\/\/api.w.org\/{rel}","templated":true}]}}