{"id":8598,"date":"2026-04-17T12:44:31","date_gmt":"2026-04-17T12:44:31","guid":{"rendered":"https:\/\/educaredigital.online\/loja\/produto\/em-volta-do-fogo-as-historias-sao-contadas\/"},"modified":"2026-04-17T13:38:36","modified_gmt":"2026-04-17T13:38:36","slug":"em-volta-do-fogo-as-historias-sao-contadas","status":"publish","type":"product","link":"https:\/\/educaredigital.online\/loja\/produto\/em-volta-do-fogo-as-historias-sao-contadas\/","title":{"rendered":"Em Volta do Fogo as Hist\u00f3rias S\u00e3o Contadas"},"content":{"rendered":"<p data-path-to-node=\"0\"><b data-path-to-node=\"0\" data-index-in-node=\"0\">Em Volta do Fogo as Hist\u00f3rias S\u00e3o Contadas<\/b> mergulha na ess\u00eancia da tradi\u00e7\u00e3o oral e no poder do conv\u00edvio comunit\u00e1rio. A obra re\u00fane narrativas que, ao longo de gera\u00e7\u00f5es, foram compartilhadas sob o calor das chamas, preservando a mem\u00f3ria, a sabedoria e a espiritualidade de povos que mant\u00eam o fogo como o centro de sua organiza\u00e7\u00e3o social e pedag\u00f3gica.<\/p>\n<p data-path-to-node=\"1\">O texto destaca como o ato de contar hist\u00f3rias \u00e9 fundamental para a transmiss\u00e3o de valores e para a manuten\u00e7\u00e3o da identidade cultural. Ao registrar esses contos, o livro celebra o papel dos anci\u00e3os como guardi\u00f5es do conhecimento e oferece ao leitor uma conex\u00e3o profunda com as ra\u00edzes e os mist\u00e9rios que comp\u00f5em o imagin\u00e1rio coletivo.<\/p>\n<div class=\"details-table-wrapper\">\n<table class=\"product-details-table\">\n<tbody>\n<tr>\n<td>Autor<\/td>\n<td>Eraldo Miranda<\/td>\n<\/tr>\n<tr>\n<td>ISBN<\/td>\n<td>9786553844322<\/td>\n<\/tr>\n<tr>\n<td>Editora<\/td>\n<td>Ciranda Cultural<\/td>\n<\/tr>\n<tr>\n<td>N\u00ba de p\u00e1ginas<\/td>\n<td>96<\/td>\n<\/tr>\n<\/tbody>\n<\/table>\n<\/div>\n","protected":false},"excerpt":{"rendered":"<p>Em Volta do Fogo as Hist\u00f3rias S\u00e3o Contadas mergulha na ess\u00eancia da tradi\u00e7\u00e3o oral e no poder do conv\u00edvio comunit\u00e1rio. A obra re\u00fane narrativas que, ao longo de gera\u00e7\u00f5es, foram compartilhadas sob o calor das chamas, preservando a mem\u00f3ria, a<\/p>\n","protected":false},"featured_media":8597,"comment_status":"open","ping_status":"closed","template":"","meta":[],"product_brand":[],"product_cat":[214],"product_tag":[],"class_list":{"0":"post-8598","1":"product","2":"type-product","3":"status-publish","6":"product_cat-afro-brasileira-e-indigena","8":"first","9":"instock","10":"shipping-taxable","11":"purchasable","12":"product-type-simple"},"_links":{"self":[{"href":"https:\/\/educaredigital.online\/loja\/wp-json\/wp\/v2\/product\/8598","targetHints":{"allow":["GET"]}}],"collection":[{"href":"https:\/\/educaredigital.online\/loja\/wp-json\/wp\/v2\/product"}],"about":[{"href":"https:\/\/educaredigital.online\/loja\/wp-json\/wp\/v2\/types\/product"}],"replies":[{"embeddable":true,"href":"https:\/\/educaredigital.online\/loja\/wp-json\/wp\/v2\/comments?post=8598"}],"wp:featuredmedia":[{"embeddable":true,"href":"https:\/\/educaredigital.online\/loja\/wp-json\/wp\/v2\/media\/8597"}],"wp:attachment":[{"href":"https:\/\/educaredigital.online\/loja\/wp-json\/wp\/v2\/media?parent=8598"}],"wp:term":[{"taxonomy":"product_brand","embeddable":true,"href":"https:\/\/educaredigital.online\/loja\/wp-json\/wp\/v2\/product_brand?post=8598"},{"taxonomy":"product_cat","embeddable":true,"href":"https:\/\/educaredigital.online\/loja\/wp-json\/wp\/v2\/product_cat?post=8598"},{"taxonomy":"product_tag","embeddable":true,"href":"https:\/\/educaredigital.online\/loja\/wp-json\/wp\/v2\/product_tag?post=8598"}],"curies":[{"name":"wp","href":"https:\/\/api.w.org\/{rel}","templated":true}]}}