{"id":8596,"date":"2026-04-17T12:44:30","date_gmt":"2026-04-17T12:44:30","guid":{"rendered":"https:\/\/educaredigital.online\/loja\/produto\/mari-miro-e-o-abaporu\/"},"modified":"2026-04-17T13:36:32","modified_gmt":"2026-04-17T13:36:32","slug":"mari-miro-e-o-abaporu","status":"publish","type":"product","link":"https:\/\/educaredigital.online\/loja\/produto\/mari-miro-e-o-abaporu\/","title":{"rendered":"Mari Mir\u00f3 e o Abaporu"},"content":{"rendered":"<div class=\"details-table-wrapper\">\n<p data-path-to-node=\"0\"><b data-path-to-node=\"0\" data-index-in-node=\"0\">Mari Mir\u00f3 e o Abaporu<\/b> apresenta o encontro da protagonista com a obra mais ic\u00f4nica do modernismo brasileiro, pintada por Tarsila do Amaral. Na hist\u00f3ria, Mari mergulha no cen\u00e1rio de cores vibrantes e formas exageradas, buscando entender o significado daquela figura solit\u00e1ria sob o sol escaldante e ao lado do cacto.<\/p>\n<p data-path-to-node=\"1\">A narrativa explora o conceito de antropofagia cultural de maneira acess\u00edvel para as crian\u00e7as, incentivando-as a olhar para a arte como uma forma de reinventar a realidade. O livro destaca a import\u00e2ncia da identidade nacional e como a criatividade pode transformar elementos do nosso cotidiano em s\u00edmbolos poderosos conhecidos no mundo inteiro.<\/p>\n<table class=\"product-details-table\">\n<tbody>\n<tr>\n<td>Autor<\/td>\n<td>Vivian Caroline Lopes<\/td>\n<\/tr>\n<tr>\n<td>ISBN<\/td>\n<td>9788538067931<\/td>\n<\/tr>\n<tr>\n<td>Editora<\/td>\n<td>Ciranda Cultural<\/td>\n<\/tr>\n<tr>\n<td>N\u00ba de p\u00e1ginas<\/td>\n<td>48<\/td>\n<\/tr>\n<\/tbody>\n<\/table>\n<\/div>\n","protected":false},"excerpt":{"rendered":"<p>Mari Mir\u00f3 e o Abaporu apresenta o encontro da protagonista com a obra mais ic\u00f4nica do modernismo brasileiro, pintada por Tarsila do Amaral. Na hist\u00f3ria, Mari mergulha no cen\u00e1rio de cores vibrantes e formas exageradas, buscando entender o significado daquela<\/p>\n","protected":false},"featured_media":8595,"comment_status":"open","ping_status":"closed","template":"","meta":[],"product_brand":[],"product_cat":[214],"product_tag":[],"class_list":{"0":"post-8596","1":"product","2":"type-product","3":"status-publish","6":"product_cat-afro-brasileira-e-indigena","8":"first","9":"instock","10":"shipping-taxable","11":"purchasable","12":"product-type-simple"},"_links":{"self":[{"href":"https:\/\/educaredigital.online\/loja\/wp-json\/wp\/v2\/product\/8596","targetHints":{"allow":["GET"]}}],"collection":[{"href":"https:\/\/educaredigital.online\/loja\/wp-json\/wp\/v2\/product"}],"about":[{"href":"https:\/\/educaredigital.online\/loja\/wp-json\/wp\/v2\/types\/product"}],"replies":[{"embeddable":true,"href":"https:\/\/educaredigital.online\/loja\/wp-json\/wp\/v2\/comments?post=8596"}],"wp:featuredmedia":[{"embeddable":true,"href":"https:\/\/educaredigital.online\/loja\/wp-json\/wp\/v2\/media\/8595"}],"wp:attachment":[{"href":"https:\/\/educaredigital.online\/loja\/wp-json\/wp\/v2\/media?parent=8596"}],"wp:term":[{"taxonomy":"product_brand","embeddable":true,"href":"https:\/\/educaredigital.online\/loja\/wp-json\/wp\/v2\/product_brand?post=8596"},{"taxonomy":"product_cat","embeddable":true,"href":"https:\/\/educaredigital.online\/loja\/wp-json\/wp\/v2\/product_cat?post=8596"},{"taxonomy":"product_tag","embeddable":true,"href":"https:\/\/educaredigital.online\/loja\/wp-json\/wp\/v2\/product_tag?post=8596"}],"curies":[{"name":"wp","href":"https:\/\/api.w.org\/{rel}","templated":true}]}}