{"id":8594,"date":"2026-04-17T12:44:29","date_gmt":"2026-04-17T12:44:29","guid":{"rendered":"https:\/\/educaredigital.online\/loja\/produto\/mari-miro-e-o-mane-gostoso\/"},"modified":"2026-04-17T13:36:20","modified_gmt":"2026-04-17T13:36:20","slug":"mari-miro-e-o-mane-gostoso","status":"publish","type":"product","link":"https:\/\/educaredigital.online\/loja\/produto\/mari-miro-e-o-mane-gostoso\/","title":{"rendered":"Mari Mir\u00f3 e o Man\u00e9 Gostoso"},"content":{"rendered":"<div class=\"details-table-wrapper\">\n<p data-path-to-node=\"0\"><b data-path-to-node=\"0\" data-index-in-node=\"0\">Mari Mir\u00f3 e o Man\u00e9 Gostoso<\/b> transporta a curiosa protagonista para o universo de um dos maiores artistas brasileiros, Mestre Vitalino. Nesta aventura, Mari interage com as famosas figuras de barro, explorando a riqueza da arte popular do Nordeste e a hist\u00f3ria do brinquedo tradicional que d\u00e1 nome ao t\u00edtulo.<\/p>\n<p data-path-to-node=\"1\">A obra destaca a import\u00e2ncia do artesanato e da cultura regional, apresentando \u00e0s crian\u00e7as a simplicidade e a expressividade das pe\u00e7as que retratam o cotidiano do povo sertanejo. \u00c9 um convite para valorizar o patrim\u00f4nio imaterial do Brasil e reconhecer a beleza nas m\u00e3os dos mestres populares que moldam a nossa identidade.<\/p>\n<table class=\"product-details-table\">\n<tbody>\n<tr>\n<td>Autor<\/td>\n<td>Vivian Caroline Lopes<\/td>\n<\/tr>\n<tr>\n<td>ISBN<\/td>\n<td>9788538088424<\/td>\n<\/tr>\n<tr>\n<td>Editora<\/td>\n<td>Ciranda Cultural<\/td>\n<\/tr>\n<tr>\n<td>N\u00ba de p\u00e1ginas<\/td>\n<td>48<\/td>\n<\/tr>\n<\/tbody>\n<\/table>\n<\/div>\n","protected":false},"excerpt":{"rendered":"<p>Mari Mir\u00f3 e o Man\u00e9 Gostoso transporta a curiosa protagonista para o universo de um dos maiores artistas brasileiros, Mestre Vitalino. Nesta aventura, Mari interage com as famosas figuras de barro, explorando a riqueza da arte popular do Nordeste e<\/p>\n","protected":false},"featured_media":8593,"comment_status":"open","ping_status":"closed","template":"","meta":[],"product_brand":[],"product_cat":[214],"product_tag":[],"class_list":{"0":"post-8594","1":"product","2":"type-product","3":"status-publish","6":"product_cat-afro-brasileira-e-indigena","8":"first","9":"instock","10":"shipping-taxable","11":"purchasable","12":"product-type-simple"},"_links":{"self":[{"href":"https:\/\/educaredigital.online\/loja\/wp-json\/wp\/v2\/product\/8594","targetHints":{"allow":["GET"]}}],"collection":[{"href":"https:\/\/educaredigital.online\/loja\/wp-json\/wp\/v2\/product"}],"about":[{"href":"https:\/\/educaredigital.online\/loja\/wp-json\/wp\/v2\/types\/product"}],"replies":[{"embeddable":true,"href":"https:\/\/educaredigital.online\/loja\/wp-json\/wp\/v2\/comments?post=8594"}],"wp:featuredmedia":[{"embeddable":true,"href":"https:\/\/educaredigital.online\/loja\/wp-json\/wp\/v2\/media\/8593"}],"wp:attachment":[{"href":"https:\/\/educaredigital.online\/loja\/wp-json\/wp\/v2\/media?parent=8594"}],"wp:term":[{"taxonomy":"product_brand","embeddable":true,"href":"https:\/\/educaredigital.online\/loja\/wp-json\/wp\/v2\/product_brand?post=8594"},{"taxonomy":"product_cat","embeddable":true,"href":"https:\/\/educaredigital.online\/loja\/wp-json\/wp\/v2\/product_cat?post=8594"},{"taxonomy":"product_tag","embeddable":true,"href":"https:\/\/educaredigital.online\/loja\/wp-json\/wp\/v2\/product_tag?post=8594"}],"curies":[{"name":"wp","href":"https:\/\/api.w.org\/{rel}","templated":true}]}}