{"id":8592,"date":"2026-04-17T12:44:28","date_gmt":"2026-04-17T12:44:28","guid":{"rendered":"https:\/\/educaredigital.online\/loja\/produto\/mari-miro-e-o-principe-negro\/"},"modified":"2026-04-17T13:34:58","modified_gmt":"2026-04-17T13:34:58","slug":"mari-miro-e-o-principe-negro","status":"publish","type":"product","link":"https:\/\/educaredigital.online\/loja\/produto\/mari-miro-e-o-principe-negro\/","title":{"rendered":"Mari Mir\u00f3 e o Principe Negro"},"content":{"rendered":"<div class=\"details-table-wrapper\">\n<p data-path-to-node=\"0\"><b data-path-to-node=\"0\" data-index-in-node=\"0\">Mari Mir\u00f3 e o Pr\u00edncipe Negro<\/b> acompanha a protagonista em uma jornada de descoberta e valoriza\u00e7\u00e3o da cultura afro-brasileira por meio da arte. Nesta aventura, Mari mergulha na obra do artista Caryb\u00e9, explorando os tra\u00e7os, o movimento e a for\u00e7a das representa\u00e7\u00f5es que exaltam a ancestralidade e as tradi\u00e7\u00f5es de matriz africana no Brasil.<\/p>\n<p data-path-to-node=\"1\">A narrativa utiliza o encontro l\u00fadico entre a menina e o personagem para abordar temas como identidade, diversidade e a import\u00e2ncia da preserva\u00e7\u00e3o do patrim\u00f4nio imaterial. O livro transforma a observa\u00e7\u00e3o art\u00edstica em uma experi\u00eancia de aprendizado sens\u00edvel, convidando o leitor a reconhecer a beleza e a profundidade das ra\u00edzes africanas na forma\u00e7\u00e3o da nossa sociedade.<\/p>\n<table class=\"product-details-table\">\n<tbody>\n<tr>\n<td>Autor<\/td>\n<td>Vivian Caroline Lopes<\/td>\n<\/tr>\n<tr>\n<td>ISBN<\/td>\n<td>9788538071877<\/td>\n<\/tr>\n<tr>\n<td>Editora<\/td>\n<td>Ciranda Cultural<\/td>\n<\/tr>\n<tr>\n<td>N\u00ba de p\u00e1ginas<\/td>\n<td>48<\/td>\n<\/tr>\n<\/tbody>\n<\/table>\n<\/div>\n","protected":false},"excerpt":{"rendered":"<p>Mari Mir\u00f3 e o Pr\u00edncipe Negro acompanha a protagonista em uma jornada de descoberta e valoriza\u00e7\u00e3o da cultura afro-brasileira por meio da arte. Nesta aventura, Mari mergulha na obra do artista Caryb\u00e9, explorando os tra\u00e7os, o movimento e a for\u00e7a<\/p>\n","protected":false},"featured_media":8591,"comment_status":"open","ping_status":"closed","template":"","meta":[],"product_brand":[],"product_cat":[214],"product_tag":[],"class_list":{"0":"post-8592","1":"product","2":"type-product","3":"status-publish","6":"product_cat-afro-brasileira-e-indigena","8":"first","9":"instock","10":"shipping-taxable","11":"purchasable","12":"product-type-simple"},"_links":{"self":[{"href":"https:\/\/educaredigital.online\/loja\/wp-json\/wp\/v2\/product\/8592","targetHints":{"allow":["GET"]}}],"collection":[{"href":"https:\/\/educaredigital.online\/loja\/wp-json\/wp\/v2\/product"}],"about":[{"href":"https:\/\/educaredigital.online\/loja\/wp-json\/wp\/v2\/types\/product"}],"replies":[{"embeddable":true,"href":"https:\/\/educaredigital.online\/loja\/wp-json\/wp\/v2\/comments?post=8592"}],"wp:featuredmedia":[{"embeddable":true,"href":"https:\/\/educaredigital.online\/loja\/wp-json\/wp\/v2\/media\/8591"}],"wp:attachment":[{"href":"https:\/\/educaredigital.online\/loja\/wp-json\/wp\/v2\/media?parent=8592"}],"wp:term":[{"taxonomy":"product_brand","embeddable":true,"href":"https:\/\/educaredigital.online\/loja\/wp-json\/wp\/v2\/product_brand?post=8592"},{"taxonomy":"product_cat","embeddable":true,"href":"https:\/\/educaredigital.online\/loja\/wp-json\/wp\/v2\/product_cat?post=8592"},{"taxonomy":"product_tag","embeddable":true,"href":"https:\/\/educaredigital.online\/loja\/wp-json\/wp\/v2\/product_tag?post=8592"}],"curies":[{"name":"wp","href":"https:\/\/api.w.org\/{rel}","templated":true}]}}