{"id":8590,"date":"2026-04-17T12:44:28","date_gmt":"2026-04-17T12:44:28","guid":{"rendered":"https:\/\/educaredigital.online\/loja\/produto\/mari-miro-e-o-tintureiro-com-a-gaita\/"},"modified":"2026-04-17T13:35:27","modified_gmt":"2026-04-17T13:35:27","slug":"mari-miro-e-o-tintureiro-com-a-gaita","status":"publish","type":"product","link":"https:\/\/educaredigital.online\/loja\/produto\/mari-miro-e-o-tintureiro-com-a-gaita\/","title":{"rendered":"Mari Mir\u00f3 e o Tintureiro Com a Gaita"},"content":{"rendered":"<div class=\"details-table-wrapper\">\n<p data-path-to-node=\"0\"><b data-path-to-node=\"0\" data-index-in-node=\"0\">Mari Mir\u00f3 e o Tintureiro com a Gaita<\/b> leva a protagonista a uma nova imers\u00e3o cultural e art\u00edstica, desta vez explorando a obra de Candido Portinari. Atrav\u00e9s da intera\u00e7\u00e3o l\u00fadica com os personagens e o cen\u00e1rio do quadro, a narrativa apresenta \u00e0s crian\u00e7as elementos do cotidiano e da sensibilidade social presentes na pintura brasileira, utilizando a m\u00fasica e as cores como fio condutor.<\/p>\n<p data-path-to-node=\"1\">O livro busca aproximar o p\u00fablico infantil do patrim\u00f4nio art\u00edstico nacional, transformando a observa\u00e7\u00e3o de uma tela em uma experi\u00eancia viva e cheia de imagina\u00e7\u00e3o. \u00c9 uma ferramenta que incentiva a valoriza\u00e7\u00e3o da nossa hist\u00f3ria e dos grandes mestres da arte, tornando o aprendizado sobre o modernismo algo leve e encantador.<\/p>\n<table class=\"product-details-table\">\n<tbody>\n<tr>\n<td>Autor<\/td>\n<td>Vivian Caroline Lopes<\/td>\n<\/tr>\n<tr>\n<td>ISBN<\/td>\n<td>9788538088431<\/td>\n<\/tr>\n<tr>\n<td>Editora<\/td>\n<td>Ciranda Cultural<\/td>\n<\/tr>\n<tr>\n<td>N\u00ba de p\u00e1ginas<\/td>\n<td>48<\/td>\n<\/tr>\n<\/tbody>\n<\/table>\n<\/div>\n","protected":false},"excerpt":{"rendered":"<p>Mari Mir\u00f3 e o Tintureiro com a Gaita leva a protagonista a uma nova imers\u00e3o cultural e art\u00edstica, desta vez explorando a obra de Candido Portinari. Atrav\u00e9s da intera\u00e7\u00e3o l\u00fadica com os personagens e o cen\u00e1rio do quadro, a narrativa<\/p>\n","protected":false},"featured_media":8589,"comment_status":"open","ping_status":"closed","template":"","meta":[],"product_brand":[],"product_cat":[214],"product_tag":[],"class_list":{"0":"post-8590","1":"product","2":"type-product","3":"status-publish","6":"product_cat-afro-brasileira-e-indigena","8":"first","9":"instock","10":"shipping-taxable","11":"purchasable","12":"product-type-simple"},"_links":{"self":[{"href":"https:\/\/educaredigital.online\/loja\/wp-json\/wp\/v2\/product\/8590","targetHints":{"allow":["GET"]}}],"collection":[{"href":"https:\/\/educaredigital.online\/loja\/wp-json\/wp\/v2\/product"}],"about":[{"href":"https:\/\/educaredigital.online\/loja\/wp-json\/wp\/v2\/types\/product"}],"replies":[{"embeddable":true,"href":"https:\/\/educaredigital.online\/loja\/wp-json\/wp\/v2\/comments?post=8590"}],"wp:featuredmedia":[{"embeddable":true,"href":"https:\/\/educaredigital.online\/loja\/wp-json\/wp\/v2\/media\/8589"}],"wp:attachment":[{"href":"https:\/\/educaredigital.online\/loja\/wp-json\/wp\/v2\/media?parent=8590"}],"wp:term":[{"taxonomy":"product_brand","embeddable":true,"href":"https:\/\/educaredigital.online\/loja\/wp-json\/wp\/v2\/product_brand?post=8590"},{"taxonomy":"product_cat","embeddable":true,"href":"https:\/\/educaredigital.online\/loja\/wp-json\/wp\/v2\/product_cat?post=8590"},{"taxonomy":"product_tag","embeddable":true,"href":"https:\/\/educaredigital.online\/loja\/wp-json\/wp\/v2\/product_tag?post=8590"}],"curies":[{"name":"wp","href":"https:\/\/api.w.org\/{rel}","templated":true}]}}