{"id":8582,"date":"2026-04-17T12:44:21","date_gmt":"2026-04-17T12:44:21","guid":{"rendered":"https:\/\/educaredigital.online\/loja\/produto\/mari-miro-e-as-cinco-mocas-de-guaratingueta\/"},"modified":"2026-04-17T13:33:07","modified_gmt":"2026-04-17T13:33:07","slug":"mari-miro-e-as-cinco-mocas-de-guaratingueta","status":"publish","type":"product","link":"https:\/\/educaredigital.online\/loja\/produto\/mari-miro-e-as-cinco-mocas-de-guaratingueta\/","title":{"rendered":"Mari Mir\u00f3 e as Cinco Mo\u00e7as de Guaratinguet\u00e1"},"content":{"rendered":"<p data-path-to-node=\"0\"><b data-path-to-node=\"0\" data-index-in-node=\"0\">Mari Mir\u00f3 e as Cinco Mo\u00e7as de Guaratinguet\u00e1<\/b> conta a hist\u00f3ria de uma menina curiosa que, ao visitar um museu, acaba transportada para dentro da famosa obra de Di Cavalcanti. A narrativa mistura realidade e fantasia para apresentar o universo do modernismo brasileiro, permitindo que a protagonista interaja com as personagens e aprenda sobre a hist\u00f3ria da arte de forma l\u00fadica.<\/p>\n<p data-path-to-node=\"1\">O livro \u00e9 um convite \u00e0 aprecia\u00e7\u00e3o est\u00e9tica e \u00e0 valoriza\u00e7\u00e3o do patrim\u00f4nio cultural nacional, incentivando o olhar cr\u00edtico e a imagina\u00e7\u00e3o das crian\u00e7as. Por meio da aventura de Mari, o leitor descobre curiosidades sobre a vida do pintor e a import\u00e2ncia das cores e formas que definiram uma \u00e9poca da arte no Brasil.<\/p>\n<div class=\"details-table-wrapper\">\n<table class=\"product-details-table\">\n<tbody>\n<tr>\n<td>Autor<\/td>\n<td>Vivian Caroline Lopes<\/td>\n<\/tr>\n<tr>\n<td>ISBN<\/td>\n<td>9788538067948<\/td>\n<\/tr>\n<tr>\n<td>Editora<\/td>\n<td>Ciranda Cultural<\/td>\n<\/tr>\n<tr>\n<td>N\u00ba de p\u00e1ginas<\/td>\n<td>48<\/td>\n<\/tr>\n<\/tbody>\n<\/table>\n<\/div>\n","protected":false},"excerpt":{"rendered":"<p>Mari Mir\u00f3 e as Cinco Mo\u00e7as de Guaratinguet\u00e1 conta a hist\u00f3ria de uma menina curiosa que, ao visitar um museu, acaba transportada para dentro da famosa obra de Di Cavalcanti. A narrativa mistura realidade e fantasia para apresentar o universo<\/p>\n","protected":false},"featured_media":8581,"comment_status":"open","ping_status":"closed","template":"","meta":[],"product_brand":[],"product_cat":[214],"product_tag":[],"class_list":{"0":"post-8582","1":"product","2":"type-product","3":"status-publish","6":"product_cat-afro-brasileira-e-indigena","8":"first","9":"instock","10":"shipping-taxable","11":"purchasable","12":"product-type-simple"},"_links":{"self":[{"href":"https:\/\/educaredigital.online\/loja\/wp-json\/wp\/v2\/product\/8582","targetHints":{"allow":["GET"]}}],"collection":[{"href":"https:\/\/educaredigital.online\/loja\/wp-json\/wp\/v2\/product"}],"about":[{"href":"https:\/\/educaredigital.online\/loja\/wp-json\/wp\/v2\/types\/product"}],"replies":[{"embeddable":true,"href":"https:\/\/educaredigital.online\/loja\/wp-json\/wp\/v2\/comments?post=8582"}],"wp:featuredmedia":[{"embeddable":true,"href":"https:\/\/educaredigital.online\/loja\/wp-json\/wp\/v2\/media\/8581"}],"wp:attachment":[{"href":"https:\/\/educaredigital.online\/loja\/wp-json\/wp\/v2\/media?parent=8582"}],"wp:term":[{"taxonomy":"product_brand","embeddable":true,"href":"https:\/\/educaredigital.online\/loja\/wp-json\/wp\/v2\/product_brand?post=8582"},{"taxonomy":"product_cat","embeddable":true,"href":"https:\/\/educaredigital.online\/loja\/wp-json\/wp\/v2\/product_cat?post=8582"},{"taxonomy":"product_tag","embeddable":true,"href":"https:\/\/educaredigital.online\/loja\/wp-json\/wp\/v2\/product_tag?post=8582"}],"curies":[{"name":"wp","href":"https:\/\/api.w.org\/{rel}","templated":true}]}}