{"id":8580,"date":"2026-04-17T12:44:20","date_gmt":"2026-04-17T12:44:20","guid":{"rendered":"https:\/\/educaredigital.online\/loja\/produto\/tres-curumins-como-nascem-os-nomes-indigenas\/"},"modified":"2026-04-17T13:29:49","modified_gmt":"2026-04-17T13:29:49","slug":"tres-curumins-como-nascem-os-nomes-indigenas","status":"publish","type":"product","link":"https:\/\/educaredigital.online\/loja\/produto\/tres-curumins-como-nascem-os-nomes-indigenas\/","title":{"rendered":"Tr\u00eas Curumins &#8211; Como Nascem os Nomes Ind\u00edgenas"},"content":{"rendered":"<p data-path-to-node=\"0\"><b data-path-to-node=\"0\" data-index-in-node=\"0\">Tr\u00eas Curumins &#8211; Como Nascem os Nomes Ind\u00edgenas<\/b> aborda o significado e o processo de escolha dos nomes dentro das comunidades ind\u00edgenas, revelando a conex\u00e3o entre a identidade e os elementos da natureza. A obra explica como cada nome carrega uma hist\u00f3ria, muitas vezes inspirada em animais, plantas ou fen\u00f4menos naturais observados no momento do nascimento.<\/p>\n<p data-path-to-node=\"1\">O texto valoriza a tradi\u00e7\u00e3o oral e a sabedoria dos paj\u00e9s e anci\u00e3os, que desempenham um papel fundamental nesse rito de passagem cultural. \u00c9 uma leitura que promove o respeito \u00e0 diversidade e ajuda a compreender a import\u00e2ncia de manter vivas as l\u00ednguas e os costumes dos povos origin\u00e1rios do Brasil.<\/p>\n<div class=\"details-table-wrapper\">\n<table class=\"product-details-table\">\n<tbody>\n<tr>\n<td>Autor<\/td>\n<td>Yaguar\u00ea Yam\u00e3<\/td>\n<\/tr>\n<tr>\n<td>ISBN<\/td>\n<td>9786553841741<\/td>\n<\/tr>\n<tr>\n<td>Editora<\/td>\n<td>Ciranda Cultural<\/td>\n<\/tr>\n<tr>\n<td>N\u00ba de p\u00e1ginas<\/td>\n<td>QUANtP\u00c1G<\/td>\n<\/tr>\n<\/tbody>\n<\/table>\n<\/div>\n","protected":false},"excerpt":{"rendered":"<p>Tr\u00eas Curumins &#8211; Como Nascem os Nomes Ind\u00edgenas aborda o significado e o processo de escolha dos nomes dentro das comunidades ind\u00edgenas, revelando a conex\u00e3o entre a identidade e os elementos da natureza. A obra explica como cada nome carrega<\/p>\n","protected":false},"featured_media":8579,"comment_status":"open","ping_status":"closed","template":"","meta":[],"product_brand":[],"product_cat":[214],"product_tag":[],"class_list":{"0":"post-8580","1":"product","2":"type-product","3":"status-publish","6":"product_cat-afro-brasileira-e-indigena","8":"first","9":"instock","10":"shipping-taxable","11":"purchasable","12":"product-type-simple"},"_links":{"self":[{"href":"https:\/\/educaredigital.online\/loja\/wp-json\/wp\/v2\/product\/8580","targetHints":{"allow":["GET"]}}],"collection":[{"href":"https:\/\/educaredigital.online\/loja\/wp-json\/wp\/v2\/product"}],"about":[{"href":"https:\/\/educaredigital.online\/loja\/wp-json\/wp\/v2\/types\/product"}],"replies":[{"embeddable":true,"href":"https:\/\/educaredigital.online\/loja\/wp-json\/wp\/v2\/comments?post=8580"}],"wp:featuredmedia":[{"embeddable":true,"href":"https:\/\/educaredigital.online\/loja\/wp-json\/wp\/v2\/media\/8579"}],"wp:attachment":[{"href":"https:\/\/educaredigital.online\/loja\/wp-json\/wp\/v2\/media?parent=8580"}],"wp:term":[{"taxonomy":"product_brand","embeddable":true,"href":"https:\/\/educaredigital.online\/loja\/wp-json\/wp\/v2\/product_brand?post=8580"},{"taxonomy":"product_cat","embeddable":true,"href":"https:\/\/educaredigital.online\/loja\/wp-json\/wp\/v2\/product_cat?post=8580"},{"taxonomy":"product_tag","embeddable":true,"href":"https:\/\/educaredigital.online\/loja\/wp-json\/wp\/v2\/product_tag?post=8580"}],"curies":[{"name":"wp","href":"https:\/\/api.w.org\/{rel}","templated":true}]}}