{"id":8578,"date":"2026-04-17T12:44:19","date_gmt":"2026-04-17T12:44:19","guid":{"rendered":"https:\/\/educaredigital.online\/loja\/produto\/cratoanas-mitos-indigenas-do-nordeste\/"},"modified":"2026-04-17T13:23:11","modified_gmt":"2026-04-17T13:23:11","slug":"cratoanas-mitos-indigenas-do-nordeste","status":"publish","type":"product","link":"https:\/\/educaredigital.online\/loja\/produto\/cratoanas-mitos-indigenas-do-nordeste\/","title":{"rendered":"Crato\u00e2nas &#8211; Mitos Ind\u00edgenas do Nordeste"},"content":{"rendered":"<div class=\"details-table-wrapper\">\n<p data-path-to-node=\"0\"><b data-path-to-node=\"0\" data-index-in-node=\"0\">Crato\u00e2nas &#8211; Mitos Ind\u00edgenas do Nordeste<\/b> mergulha no rico universo lend\u00e1rio dos povos origin\u00e1rios do semi\u00e1rido e das zonas litor\u00e2neas nordestinas. A obra resgata narrativas que explicam a origem de elementos naturais e a espiritualidade de etnias que resistem e preservam sua cultura ao longo dos s\u00e9culos.<\/p>\n<p data-path-to-node=\"1\">O texto valoriza a tradi\u00e7\u00e3o oral e a for\u00e7a da ancestralidade, destacando como esses mitos moldam a identidade e a vis\u00e3o de mundo das comunidades locais. \u00c9 um registro essencial que celebra a diversidade e a import\u00e2ncia dos saberes ind\u00edgenas na forma\u00e7\u00e3o hist\u00f3rica e cultural do Nordeste brasileiro.<\/p>\n<table class=\"product-details-table\">\n<tbody>\n<tr>\n<td>Autor<\/td>\n<td>Ikan\u00ea Adean e Yaguar\u00ea Yam\u00e3<\/td>\n<\/tr>\n<tr>\n<td>ISBN<\/td>\n<td>9786526118719<\/td>\n<\/tr>\n<tr>\n<td>Editora<\/td>\n<td>Ciranda Cultural<\/td>\n<\/tr>\n<tr>\n<td>N\u00ba de p\u00e1ginas<\/td>\n<td>80<\/td>\n<\/tr>\n<\/tbody>\n<\/table>\n<\/div>\n","protected":false},"excerpt":{"rendered":"<p>Crato\u00e2nas &#8211; Mitos Ind\u00edgenas do Nordeste mergulha no rico universo lend\u00e1rio dos povos origin\u00e1rios do semi\u00e1rido e das zonas litor\u00e2neas nordestinas. A obra resgata narrativas que explicam a origem de elementos naturais e a espiritualidade de etnias que resistem e<\/p>\n","protected":false},"featured_media":8577,"comment_status":"open","ping_status":"closed","template":"","meta":[],"product_brand":[],"product_cat":[214],"product_tag":[],"class_list":{"0":"post-8578","1":"product","2":"type-product","3":"status-publish","6":"product_cat-afro-brasileira-e-indigena","8":"first","9":"instock","10":"shipping-taxable","11":"purchasable","12":"product-type-simple"},"_links":{"self":[{"href":"https:\/\/educaredigital.online\/loja\/wp-json\/wp\/v2\/product\/8578","targetHints":{"allow":["GET"]}}],"collection":[{"href":"https:\/\/educaredigital.online\/loja\/wp-json\/wp\/v2\/product"}],"about":[{"href":"https:\/\/educaredigital.online\/loja\/wp-json\/wp\/v2\/types\/product"}],"replies":[{"embeddable":true,"href":"https:\/\/educaredigital.online\/loja\/wp-json\/wp\/v2\/comments?post=8578"}],"wp:featuredmedia":[{"embeddable":true,"href":"https:\/\/educaredigital.online\/loja\/wp-json\/wp\/v2\/media\/8577"}],"wp:attachment":[{"href":"https:\/\/educaredigital.online\/loja\/wp-json\/wp\/v2\/media?parent=8578"}],"wp:term":[{"taxonomy":"product_brand","embeddable":true,"href":"https:\/\/educaredigital.online\/loja\/wp-json\/wp\/v2\/product_brand?post=8578"},{"taxonomy":"product_cat","embeddable":true,"href":"https:\/\/educaredigital.online\/loja\/wp-json\/wp\/v2\/product_cat?post=8578"},{"taxonomy":"product_tag","embeddable":true,"href":"https:\/\/educaredigital.online\/loja\/wp-json\/wp\/v2\/product_tag?post=8578"}],"curies":[{"name":"wp","href":"https:\/\/api.w.org\/{rel}","templated":true}]}}