{"id":8574,"date":"2026-04-17T12:44:16","date_gmt":"2026-04-17T12:44:16","guid":{"rendered":"https:\/\/educaredigital.online\/loja\/produto\/anavilhanas-mitos-indigenas-da-amazonia\/"},"modified":"2026-04-17T13:22:01","modified_gmt":"2026-04-17T13:22:01","slug":"anavilhanas-mitos-indigenas-da-amazonia","status":"publish","type":"product","link":"https:\/\/educaredigital.online\/loja\/produto\/anavilhanas-mitos-indigenas-da-amazonia\/","title":{"rendered":"Anavilh\u00e2nas &#8211; Mitos Ind\u00edgenas da Amaz\u00f4nia"},"content":{"rendered":"<div class=\"details-table-wrapper\">\n<p data-path-to-node=\"0\"><b data-path-to-node=\"0\" data-index-in-node=\"0\">Anavilh\u00e2nas &#8211; Mitos Ind\u00edgenas da Amaz\u00f4nia<\/b> mergulha no vasto imagin\u00e1rio dos povos da floresta, apresentando lendas que explicam a origem dos rios, das plantas e dos animais. A obra resgata a espiritualidade e a conex\u00e3o profunda que os habitantes da regi\u00e3o mant\u00eam com o ecossistema amaz\u00f4nico.<\/p>\n<p data-path-to-node=\"1\">A narrativa valoriza a tradi\u00e7\u00e3o oral e a sabedoria dos anci\u00e3os, servindo como uma ferramenta de preserva\u00e7\u00e3o da mem\u00f3ria cultural ind\u00edgena. \u00c9 um convite para conhecer as ra\u00edzes do Brasil atrav\u00e9s de hist\u00f3rias que exaltam a magia e a diversidade da maior floresta tropical do mundo.<\/p>\n<table class=\"product-details-table\">\n<tbody>\n<tr>\n<td>Autor<\/td>\n<td>Ikan\u00ea Adean e Yaguar\u00ea Yam\u00e3<\/td>\n<\/tr>\n<tr>\n<td>ISBN<\/td>\n<td>9786526116753<\/td>\n<\/tr>\n<tr>\n<td>Editora<\/td>\n<td>Ciranda Cultural<\/td>\n<\/tr>\n<tr>\n<td>N\u00ba de p\u00e1ginas<\/td>\n<td>80<\/td>\n<\/tr>\n<\/tbody>\n<\/table>\n<\/div>\n","protected":false},"excerpt":{"rendered":"<p>Anavilh\u00e2nas &#8211; Mitos Ind\u00edgenas da Amaz\u00f4nia mergulha no vasto imagin\u00e1rio dos povos da floresta, apresentando lendas que explicam a origem dos rios, das plantas e dos animais. A obra resgata a espiritualidade e a conex\u00e3o profunda que os habitantes da<\/p>\n","protected":false},"featured_media":8573,"comment_status":"open","ping_status":"closed","template":"","meta":[],"product_brand":[],"product_cat":[214],"product_tag":[],"class_list":{"0":"post-8574","1":"product","2":"type-product","3":"status-publish","6":"product_cat-afro-brasileira-e-indigena","8":"first","9":"instock","10":"shipping-taxable","11":"purchasable","12":"product-type-simple"},"_links":{"self":[{"href":"https:\/\/educaredigital.online\/loja\/wp-json\/wp\/v2\/product\/8574","targetHints":{"allow":["GET"]}}],"collection":[{"href":"https:\/\/educaredigital.online\/loja\/wp-json\/wp\/v2\/product"}],"about":[{"href":"https:\/\/educaredigital.online\/loja\/wp-json\/wp\/v2\/types\/product"}],"replies":[{"embeddable":true,"href":"https:\/\/educaredigital.online\/loja\/wp-json\/wp\/v2\/comments?post=8574"}],"wp:featuredmedia":[{"embeddable":true,"href":"https:\/\/educaredigital.online\/loja\/wp-json\/wp\/v2\/media\/8573"}],"wp:attachment":[{"href":"https:\/\/educaredigital.online\/loja\/wp-json\/wp\/v2\/media?parent=8574"}],"wp:term":[{"taxonomy":"product_brand","embeddable":true,"href":"https:\/\/educaredigital.online\/loja\/wp-json\/wp\/v2\/product_brand?post=8574"},{"taxonomy":"product_cat","embeddable":true,"href":"https:\/\/educaredigital.online\/loja\/wp-json\/wp\/v2\/product_cat?post=8574"},{"taxonomy":"product_tag","embeddable":true,"href":"https:\/\/educaredigital.online\/loja\/wp-json\/wp\/v2\/product_tag?post=8574"}],"curies":[{"name":"wp","href":"https:\/\/api.w.org\/{rel}","templated":true}]}}