{"id":8566,"date":"2026-04-17T12:44:11","date_gmt":"2026-04-17T12:44:11","guid":{"rendered":"https:\/\/educaredigital.online\/loja\/produto\/turma-da-monica-mulheres-que-marcaram-a-historia\/"},"modified":"2026-04-17T13:15:36","modified_gmt":"2026-04-17T13:15:36","slug":"turma-da-monica-mulheres-que-marcaram-a-historia","status":"publish","type":"product","link":"https:\/\/educaredigital.online\/loja\/produto\/turma-da-monica-mulheres-que-marcaram-a-historia\/","title":{"rendered":"Turma da M\u00f4nica &#8211; Mulheres que Marcaram a Hist\u00f3ria"},"content":{"rendered":"<p data-path-to-node=\"0\"><b data-path-to-node=\"0\" data-index-in-node=\"0\">Turma da M\u00f4nica &#8211; Mulheres que Marcaram a Hist\u00f3ria<\/b> apresenta a trajet\u00f3ria de grandes personalidades femininas representadas pelos ic\u00f4nicos personagens de Mauricio de Sousa. A obra destaca as conquistas de mulheres que revolucionaram \u00e1reas como ci\u00eancia, artes e pol\u00edtica.<\/p>\n<p data-path-to-node=\"1\">A narrativa busca inspirar crian\u00e7as e adultos ao mostrar a for\u00e7a e a import\u00e2ncia do legado feminino na evolu\u00e7\u00e3o da sociedade. \u00c9 um livro educativo que une entretenimento e informa\u00e7\u00e3o para celebrar a igualdade de g\u00eanero.<\/p>\n<div class=\"details-table-wrapper\">\n<table class=\"product-details-table\">\n<tbody>\n<tr>\n<td>ISBN<\/td>\n<td>9786526106143<\/td>\n<\/tr>\n<tr>\n<td>Editora<\/td>\n<td>Ciranda Cultural<\/td>\n<\/tr>\n<tr>\n<td>N\u00ba de p\u00e1ginas<\/td>\n<td>48<\/td>\n<\/tr>\n<\/tbody>\n<\/table>\n<\/div>\n","protected":false},"excerpt":{"rendered":"<p>Turma da M\u00f4nica &#8211; Mulheres que Marcaram a Hist\u00f3ria apresenta a trajet\u00f3ria de grandes personalidades femininas representadas pelos ic\u00f4nicos personagens de Mauricio de Sousa. A obra destaca as conquistas de mulheres que revolucionaram \u00e1reas como ci\u00eancia, artes e pol\u00edtica. A<\/p>\n","protected":false},"featured_media":8565,"comment_status":"open","ping_status":"closed","template":"","meta":[],"product_brand":[],"product_cat":[214],"product_tag":[],"class_list":{"0":"post-8566","1":"product","2":"type-product","3":"status-publish","6":"product_cat-afro-brasileira-e-indigena","8":"first","9":"instock","10":"shipping-taxable","11":"purchasable","12":"product-type-simple"},"_links":{"self":[{"href":"https:\/\/educaredigital.online\/loja\/wp-json\/wp\/v2\/product\/8566","targetHints":{"allow":["GET"]}}],"collection":[{"href":"https:\/\/educaredigital.online\/loja\/wp-json\/wp\/v2\/product"}],"about":[{"href":"https:\/\/educaredigital.online\/loja\/wp-json\/wp\/v2\/types\/product"}],"replies":[{"embeddable":true,"href":"https:\/\/educaredigital.online\/loja\/wp-json\/wp\/v2\/comments?post=8566"}],"wp:featuredmedia":[{"embeddable":true,"href":"https:\/\/educaredigital.online\/loja\/wp-json\/wp\/v2\/media\/8565"}],"wp:attachment":[{"href":"https:\/\/educaredigital.online\/loja\/wp-json\/wp\/v2\/media?parent=8566"}],"wp:term":[{"taxonomy":"product_brand","embeddable":true,"href":"https:\/\/educaredigital.online\/loja\/wp-json\/wp\/v2\/product_brand?post=8566"},{"taxonomy":"product_cat","embeddable":true,"href":"https:\/\/educaredigital.online\/loja\/wp-json\/wp\/v2\/product_cat?post=8566"},{"taxonomy":"product_tag","embeddable":true,"href":"https:\/\/educaredigital.online\/loja\/wp-json\/wp\/v2\/product_tag?post=8566"}],"curies":[{"name":"wp","href":"https:\/\/api.w.org\/{rel}","templated":true}]}}