{"id":8558,"date":"2026-04-17T12:44:06","date_gmt":"2026-04-17T12:44:06","guid":{"rendered":"https:\/\/educaredigital.online\/loja\/produto\/baba-de-angu\/"},"modified":"2026-04-17T13:06:19","modified_gmt":"2026-04-17T13:06:19","slug":"baba-de-angu","status":"publish","type":"product","link":"https:\/\/educaredigital.online\/loja\/produto\/baba-de-angu\/","title":{"rendered":"Bab\u00e1 de Angu"},"content":{"rendered":"<p><strong>Bab\u00e1 de Angu,<\/strong> de Mar\u00edlia Pirillo, conta a hist\u00f3ria de um menino fascinado pelo angu que sua bab\u00e1 prepara. A trama explora a rela\u00e7\u00e3o de afeto entre os dois, usando a culin\u00e1ria como um fio condutor para mem\u00f3rias e carinho.<\/p>\n<p>Com ilustra\u00e7\u00f5es vibrantes, a obra aborda a heran\u00e7a cultural de forma l\u00fadica e sens\u00edvel para o p\u00fablico infantil. \u00c9 um resgate da tradi\u00e7\u00e3o oral que celebra os la\u00e7os familiares e as ra\u00edzes brasileiras atrav\u00e9s do paladar.<\/p>\n<div class=\"details-table-wrapper\">\n<table class=\"product-details-table\">\n<tr>\n<td>Autor<\/td>\n<td>Marilia Pirillo <\/td>\n<\/tr>\n<tr>\n<td>ISBN<\/td>\n<td>9786553846463<\/td>\n<\/tr>\n<tr>\n<td>Editora<\/td>\n<td>Ciranda Cultural<\/td>\n<\/tr>\n<tr>\n<td>N\u00ba de p\u00e1ginas<\/td>\n<td>32<\/td>\n<\/tr>\n<\/table><\/div>\n","protected":false},"excerpt":{"rendered":"<p>Bab\u00e1 de Angu, de Mar\u00edlia Pirillo, conta a hist\u00f3ria de um menino fascinado pelo angu que sua bab\u00e1 prepara. A trama explora a rela\u00e7\u00e3o de afeto entre os dois, usando a culin\u00e1ria como um fio condutor para mem\u00f3rias e carinho.<\/p>\n","protected":false},"featured_media":8557,"comment_status":"open","ping_status":"closed","template":"","meta":[],"product_brand":[],"product_cat":[214],"product_tag":[],"class_list":{"0":"post-8558","1":"product","2":"type-product","3":"status-publish","6":"product_cat-afro-brasileira-e-indigena","8":"first","9":"instock","10":"shipping-taxable","11":"purchasable","12":"product-type-simple"},"_links":{"self":[{"href":"https:\/\/educaredigital.online\/loja\/wp-json\/wp\/v2\/product\/8558","targetHints":{"allow":["GET"]}}],"collection":[{"href":"https:\/\/educaredigital.online\/loja\/wp-json\/wp\/v2\/product"}],"about":[{"href":"https:\/\/educaredigital.online\/loja\/wp-json\/wp\/v2\/types\/product"}],"replies":[{"embeddable":true,"href":"https:\/\/educaredigital.online\/loja\/wp-json\/wp\/v2\/comments?post=8558"}],"wp:featuredmedia":[{"embeddable":true,"href":"https:\/\/educaredigital.online\/loja\/wp-json\/wp\/v2\/media\/8557"}],"wp:attachment":[{"href":"https:\/\/educaredigital.online\/loja\/wp-json\/wp\/v2\/media?parent=8558"}],"wp:term":[{"taxonomy":"product_brand","embeddable":true,"href":"https:\/\/educaredigital.online\/loja\/wp-json\/wp\/v2\/product_brand?post=8558"},{"taxonomy":"product_cat","embeddable":true,"href":"https:\/\/educaredigital.online\/loja\/wp-json\/wp\/v2\/product_cat?post=8558"},{"taxonomy":"product_tag","embeddable":true,"href":"https:\/\/educaredigital.online\/loja\/wp-json\/wp\/v2\/product_tag?post=8558"}],"curies":[{"name":"wp","href":"https:\/\/api.w.org\/{rel}","templated":true}]}}