{"id":8501,"date":"2026-04-15T19:29:51","date_gmt":"2026-04-15T19:29:51","guid":{"rendered":"https:\/\/educaredigital.online\/loja\/?post_type=product&#038;p=8501"},"modified":"2026-04-24T20:08:27","modified_gmt":"2026-04-24T20:08:27","slug":"imagem-em-plano-sitio","status":"publish","type":"product","link":"https:\/\/educaredigital.online\/loja\/produto\/imagem-em-plano-sitio\/","title":{"rendered":"Imagem em Plano &#8211; Fazendinha"},"content":{"rendered":"<p class=\"ds-markdown-paragraph\"><strong>Imagem em Plano S\u00edtio<\/strong>, convida a crian\u00e7a a explorar o universo do s\u00edtio por meio da constru\u00e7\u00e3o de cenas em planos sobrepostos. O jogo \u00e9 composto por um tabuleiro de madeira, 45 pe\u00e7as cen\u00e1rio (em MDF) e 6 fichas ilustradas frente e verso que servem como modelos de desafios. A din\u00e2mica consiste em encaixar as figuras em \u00e2ngulo reto, seguindo os cen\u00e1rios sugeridos ou criando composi\u00e7\u00f5es livres, o que estimula o desenvolvimento do pensamento espacial (no\u00e7\u00f5es de profundidade, posi\u00e7\u00e3o e orienta\u00e7\u00e3o das pe\u00e7as) e da coordena\u00e7\u00e3o visomotora.<\/p>\n<p class=\"ds-markdown-paragraph\">\u00a0Al\u00e9m de trabalhar a concentra\u00e7\u00e3o, a percep\u00e7\u00e3o visual e o racioc\u00ednio l\u00f3gico, a tem\u00e1tica do s\u00edtio amplia a imagina\u00e7\u00e3o e favorece a cria\u00e7\u00e3o de hist\u00f3rias, tornando o aprendizado mais significativo e envolvente. \u00c9 importante lembrar que as imagens s\u00e3o meramente ilustrativas e as cores podem sofrer pequenas varia\u00e7\u00f5es.<\/p>\n<div class=\"details-table-wrapper\">\n<table class=\"product-details-table\">\n<tbody>\n<tr>\n<td>Marca<\/td>\n<td>BrinqMutti<\/td>\n<\/tr>\n<tr>\n<td>Material<\/td>\n<td>\u00a0MDF<\/td>\n<\/tr>\n<tr>\n<td>Faixa Et\u00e1ria<\/td>\n<td>A partir de 3 Anos<\/td>\n<\/tr>\n<\/tbody>\n<\/table>\n<\/div>\n","protected":false},"excerpt":{"rendered":"<p>Imagem em Plano S\u00edtio, convida a crian\u00e7a a explorar o universo do s\u00edtio por meio da constru\u00e7\u00e3o de cenas em planos sobrepostos. O jogo \u00e9 composto por um tabuleiro de madeira, 45 pe\u00e7as cen\u00e1rio (em MDF) e 6 fichas ilustradas<\/p>\n","protected":false},"featured_media":8503,"comment_status":"open","ping_status":"closed","template":"","meta":[],"product_brand":[229],"product_cat":[211],"product_tag":[],"class_list":{"0":"post-8501","1":"product","2":"type-product","3":"status-publish","6":"product_brand-brinqmutti","7":"product_cat-psicomotricidade-jogos-e-brinquedos","9":"first","10":"instock","11":"shipping-taxable","12":"purchasable","13":"product-type-simple"},"_links":{"self":[{"href":"https:\/\/educaredigital.online\/loja\/wp-json\/wp\/v2\/product\/8501","targetHints":{"allow":["GET"]}}],"collection":[{"href":"https:\/\/educaredigital.online\/loja\/wp-json\/wp\/v2\/product"}],"about":[{"href":"https:\/\/educaredigital.online\/loja\/wp-json\/wp\/v2\/types\/product"}],"replies":[{"embeddable":true,"href":"https:\/\/educaredigital.online\/loja\/wp-json\/wp\/v2\/comments?post=8501"}],"wp:featuredmedia":[{"embeddable":true,"href":"https:\/\/educaredigital.online\/loja\/wp-json\/wp\/v2\/media\/8503"}],"wp:attachment":[{"href":"https:\/\/educaredigital.online\/loja\/wp-json\/wp\/v2\/media?parent=8501"}],"wp:term":[{"taxonomy":"product_brand","embeddable":true,"href":"https:\/\/educaredigital.online\/loja\/wp-json\/wp\/v2\/product_brand?post=8501"},{"taxonomy":"product_cat","embeddable":true,"href":"https:\/\/educaredigital.online\/loja\/wp-json\/wp\/v2\/product_cat?post=8501"},{"taxonomy":"product_tag","embeddable":true,"href":"https:\/\/educaredigital.online\/loja\/wp-json\/wp\/v2\/product_tag?post=8501"}],"curies":[{"name":"wp","href":"https:\/\/api.w.org\/{rel}","templated":true}]}}