{"id":8498,"date":"2026-04-15T19:19:34","date_gmt":"2026-04-15T19:19:34","guid":{"rendered":"https:\/\/educaredigital.online\/loja\/?post_type=product&#038;p=8498"},"modified":"2026-04-24T20:04:37","modified_gmt":"2026-04-24T20:04:37","slug":"dominio-manual","status":"publish","type":"product","link":"https:\/\/educaredigital.online\/loja\/produto\/dominio-manual\/","title":{"rendered":"Dominio Manual"},"content":{"rendered":"<p class=\"ds-markdown-paragraph\"><strong>Dom\u00ednio Manual<\/strong>\u00a0\u00e9 um jogo de madeira que transforma o desenvolvimento motor em um desafio cativante. Ele vem em uma caixa com um tabuleiro transparente repleto de pequenas esferas coloridas e percursos internos. O objetivo \u00e9 usar a ponta dos dedos, pela parte de baixo do tabuleiro, para guiar cada bolinha at\u00e9 o seu devido lugar, seguindo as sequ\u00eancias de cores de uma das 12 fichas-modelo inclu\u00eddas. A proposta \u00e9 que a crian\u00e7a utilize as duas m\u00e3os simultaneamente para movimentar as pe\u00e7as, o que exige foco, paci\u00eancia e dom\u00ednio preciso dos movimentos.<\/p>\n<p class=\"ds-markdown-paragraph\">Mais do que um simples passatempo, este jogo \u00e9 uma ferramenta educativa que estimula diversas habilidades essenciais. Ao guiar as esferas, a crian\u00e7a aprimora sua coordena\u00e7\u00e3o motora fina, a percep\u00e7\u00e3o visual e a organiza\u00e7\u00e3o espacial. \u00c9 um excelente recurso para trabalhar a lateralidade e a concentra\u00e7\u00e3o, sendo amplamente utilizado por escolas, psic\u00f3logos e terapeutas ocupacionais.<\/p>\n<div class=\"details-table-wrapper\">\n<table class=\"product-details-table\">\n<tbody>\n<tr>\n<td>Marca<\/td>\n<td>BrinqMutti<\/td>\n<\/tr>\n<tr>\n<td>Material<\/td>\n<td>\u00a0MDF<\/td>\n<\/tr>\n<tr>\n<td>Faixa Et\u00e1ria<\/td>\n<td>A partir de 5 Anos<\/td>\n<\/tr>\n<\/tbody>\n<\/table>\n<\/div>\n","protected":false},"excerpt":{"rendered":"<p>Dom\u00ednio Manual\u00a0\u00e9 um jogo de madeira que transforma o desenvolvimento motor em um desafio cativante. Ele vem em uma caixa com um tabuleiro transparente repleto de pequenas esferas coloridas e percursos internos. O objetivo \u00e9 usar a ponta dos dedos,<\/p>\n","protected":false},"featured_media":8499,"comment_status":"open","ping_status":"closed","template":"","meta":[],"product_brand":[229],"product_cat":[211],"product_tag":[],"class_list":{"0":"post-8498","1":"product","2":"type-product","3":"status-publish","6":"product_brand-brinqmutti","7":"product_cat-psicomotricidade-jogos-e-brinquedos","9":"first","10":"instock","11":"shipping-taxable","12":"purchasable","13":"product-type-simple"},"_links":{"self":[{"href":"https:\/\/educaredigital.online\/loja\/wp-json\/wp\/v2\/product\/8498","targetHints":{"allow":["GET"]}}],"collection":[{"href":"https:\/\/educaredigital.online\/loja\/wp-json\/wp\/v2\/product"}],"about":[{"href":"https:\/\/educaredigital.online\/loja\/wp-json\/wp\/v2\/types\/product"}],"replies":[{"embeddable":true,"href":"https:\/\/educaredigital.online\/loja\/wp-json\/wp\/v2\/comments?post=8498"}],"wp:featuredmedia":[{"embeddable":true,"href":"https:\/\/educaredigital.online\/loja\/wp-json\/wp\/v2\/media\/8499"}],"wp:attachment":[{"href":"https:\/\/educaredigital.online\/loja\/wp-json\/wp\/v2\/media?parent=8498"}],"wp:term":[{"taxonomy":"product_brand","embeddable":true,"href":"https:\/\/educaredigital.online\/loja\/wp-json\/wp\/v2\/product_brand?post=8498"},{"taxonomy":"product_cat","embeddable":true,"href":"https:\/\/educaredigital.online\/loja\/wp-json\/wp\/v2\/product_cat?post=8498"},{"taxonomy":"product_tag","embeddable":true,"href":"https:\/\/educaredigital.online\/loja\/wp-json\/wp\/v2\/product_tag?post=8498"}],"curies":[{"name":"wp","href":"https:\/\/api.w.org\/{rel}","templated":true}]}}