{"id":8493,"date":"2026-04-15T19:15:38","date_gmt":"2026-04-15T19:15:38","guid":{"rendered":"https:\/\/educaredigital.online\/loja\/?post_type=product&#038;p=8493"},"modified":"2026-04-24T20:04:50","modified_gmt":"2026-04-24T20:04:50","slug":"loto-animais","status":"publish","type":"product","link":"https:\/\/educaredigital.online\/loja\/produto\/loto-animais\/","title":{"rendered":"Loto Animais"},"content":{"rendered":"<p class=\"ds-markdown-paragraph\">\u00a0<strong>Loto Animal<\/strong> \u00e9 um jogo educativo em madeira que transforma o aprendizado da contagem e do reconhecimento de animais em uma brincadeira cheia de descobertas. O jogo \u00e9 composto por 10 cartelas ilustradas com diferentes esp\u00e9cies, um suporte para as cartelas e 8 fichas. A crian\u00e7a escolhe uma cartela, conta quantos animais de cada tipo aparecem na cena e, em seguida, preenche o tabuleiro encaixando as fichas nos lugares corretos.<\/p>\n<p class=\"ds-markdown-paragraph\">Mais do que um simples jogo de associa\u00e7\u00e3o, o Loto Animal trabalha habilidades fundamentais para o desenvolvimento infantil, como a percep\u00e7\u00e3o visual, a nomea\u00e7\u00e3o de figuras e a coordena\u00e7\u00e3o motora fina. Al\u00e9m disso, a proposta l\u00fadica permite criar hist\u00f3rias com as ilustra\u00e7\u00f5es, explorar cores, formas e ambientes, e desenvolver o racioc\u00ednio l\u00f3gico ao relacionar a quantidade de cada animal ao n\u00famero correspondente no tabuleiro.<\/p>\n<div class=\"details-table-wrapper\">\n<table class=\"product-details-table\">\n<tbody>\n<tr>\n<td>Marca<\/td>\n<td>BrinqMutti<\/td>\n<\/tr>\n<tr>\n<td>Material<\/td>\n<td>\u00a0MDF<\/td>\n<\/tr>\n<tr>\n<td>Faixa Et\u00e1ria<\/td>\n<td>A partir de 1 Ano<\/td>\n<\/tr>\n<\/tbody>\n<\/table>\n<\/div>\n","protected":false},"excerpt":{"rendered":"<p>\u00a0Loto Animal \u00e9 um jogo educativo em madeira que transforma o aprendizado da contagem e do reconhecimento de animais em uma brincadeira cheia de descobertas. O jogo \u00e9 composto por 10 cartelas ilustradas com diferentes esp\u00e9cies, um suporte para as<\/p>\n","protected":false},"featured_media":8495,"comment_status":"open","ping_status":"closed","template":"","meta":[],"product_brand":[229],"product_cat":[211],"product_tag":[],"class_list":{"0":"post-8493","1":"product","2":"type-product","3":"status-publish","6":"product_brand-brinqmutti","7":"product_cat-psicomotricidade-jogos-e-brinquedos","9":"first","10":"instock","11":"shipping-taxable","12":"purchasable","13":"product-type-simple"},"_links":{"self":[{"href":"https:\/\/educaredigital.online\/loja\/wp-json\/wp\/v2\/product\/8493","targetHints":{"allow":["GET"]}}],"collection":[{"href":"https:\/\/educaredigital.online\/loja\/wp-json\/wp\/v2\/product"}],"about":[{"href":"https:\/\/educaredigital.online\/loja\/wp-json\/wp\/v2\/types\/product"}],"replies":[{"embeddable":true,"href":"https:\/\/educaredigital.online\/loja\/wp-json\/wp\/v2\/comments?post=8493"}],"wp:featuredmedia":[{"embeddable":true,"href":"https:\/\/educaredigital.online\/loja\/wp-json\/wp\/v2\/media\/8495"}],"wp:attachment":[{"href":"https:\/\/educaredigital.online\/loja\/wp-json\/wp\/v2\/media?parent=8493"}],"wp:term":[{"taxonomy":"product_brand","embeddable":true,"href":"https:\/\/educaredigital.online\/loja\/wp-json\/wp\/v2\/product_brand?post=8493"},{"taxonomy":"product_cat","embeddable":true,"href":"https:\/\/educaredigital.online\/loja\/wp-json\/wp\/v2\/product_cat?post=8493"},{"taxonomy":"product_tag","embeddable":true,"href":"https:\/\/educaredigital.online\/loja\/wp-json\/wp\/v2\/product_tag?post=8493"}],"curies":[{"name":"wp","href":"https:\/\/api.w.org\/{rel}","templated":true}]}}