{"id":8485,"date":"2026-04-15T18:56:16","date_gmt":"2026-04-15T18:56:16","guid":{"rendered":"https:\/\/educaredigital.online\/loja\/produto\/vamos-rimar\/"},"modified":"2026-04-24T20:06:42","modified_gmt":"2026-04-24T20:06:42","slug":"vamos-rimar","status":"publish","type":"product","link":"https:\/\/educaredigital.online\/loja\/produto\/vamos-rimar\/","title":{"rendered":"Vamos Rimar"},"content":{"rendered":"<p class=\"ds-markdown-paragraph\"><strong>Vamos Rimar<\/strong>\u00a0 \u00e9 um jogo de madeira que transforma o aprendizado da linguagem em uma brincadeira de associa\u00e7\u00f5es sonoras. Sua din\u00e2mica \u00e9 simples e eficaz: a crian\u00e7a deve combinar duas figuras que rimam, como &#8220;gato&#8221; e &#8220;patinho&#8221;, associando a imagem \u00e0 palavra escrita, o que desenvolve a consci\u00eancia fonol\u00f3gica de maneira l\u00fadica. O conjunto inclui 120 pe\u00e7as grandes (cada figura tem 6 cm) e um estojo de madeira para guardar tudo.<\/p>\n<p class=\"ds-markdown-paragraph\">Al\u00e9m de estimular a percep\u00e7\u00e3o dos sons das palavras, o jogo amplia o vocabul\u00e1rio e a mem\u00f3ria, ajudando no processo de alfabetiza\u00e7\u00e3o. O &#8220;Vamos Rimar&#8221; \u00e9 uma ferramenta que torna o aprendizado ativo e divertido, ideal para ser usada tanto em casa quanto na escola.<\/p>\n<div class=\"details-table-wrapper\">\n<table class=\"product-details-table\">\n<tbody>\n<tr>\n<td>Marca<\/td>\n<td>BrinqMutti<\/td>\n<\/tr>\n<tr>\n<td>Material<\/td>\n<td>\u00a0MDF<\/td>\n<\/tr>\n<tr>\n<td>Faixa Et\u00e1ria<\/td>\n<td>A partir de 3 Anos<\/td>\n<\/tr>\n<\/tbody>\n<\/table>\n<\/div>\n","protected":false},"excerpt":{"rendered":"<p>Vamos Rimar\u00a0 \u00e9 um jogo de madeira que transforma o aprendizado da linguagem em uma brincadeira de associa\u00e7\u00f5es sonoras. Sua din\u00e2mica \u00e9 simples e eficaz: a crian\u00e7a deve combinar duas figuras que rimam, como &#8220;gato&#8221; e &#8220;patinho&#8221;, associando a imagem<\/p>\n","protected":false},"featured_media":8484,"comment_status":"open","ping_status":"closed","template":"","meta":[],"product_brand":[229],"product_cat":[209],"product_tag":[],"class_list":{"0":"post-8485","1":"product","2":"type-product","3":"status-publish","6":"product_brand-brinqmutti","7":"product_cat-letramento-jogos-e-brinquedos","9":"first","10":"instock","11":"shipping-taxable","12":"purchasable","13":"product-type-simple"},"_links":{"self":[{"href":"https:\/\/educaredigital.online\/loja\/wp-json\/wp\/v2\/product\/8485","targetHints":{"allow":["GET"]}}],"collection":[{"href":"https:\/\/educaredigital.online\/loja\/wp-json\/wp\/v2\/product"}],"about":[{"href":"https:\/\/educaredigital.online\/loja\/wp-json\/wp\/v2\/types\/product"}],"replies":[{"embeddable":true,"href":"https:\/\/educaredigital.online\/loja\/wp-json\/wp\/v2\/comments?post=8485"}],"wp:featuredmedia":[{"embeddable":true,"href":"https:\/\/educaredigital.online\/loja\/wp-json\/wp\/v2\/media\/8484"}],"wp:attachment":[{"href":"https:\/\/educaredigital.online\/loja\/wp-json\/wp\/v2\/media?parent=8485"}],"wp:term":[{"taxonomy":"product_brand","embeddable":true,"href":"https:\/\/educaredigital.online\/loja\/wp-json\/wp\/v2\/product_brand?post=8485"},{"taxonomy":"product_cat","embeddable":true,"href":"https:\/\/educaredigital.online\/loja\/wp-json\/wp\/v2\/product_cat?post=8485"},{"taxonomy":"product_tag","embeddable":true,"href":"https:\/\/educaredigital.online\/loja\/wp-json\/wp\/v2\/product_tag?post=8485"}],"curies":[{"name":"wp","href":"https:\/\/api.w.org\/{rel}","templated":true}]}}