{"id":8483,"date":"2026-04-15T18:56:14","date_gmt":"2026-04-15T18:56:14","guid":{"rendered":"https:\/\/educaredigital.online\/loja\/produto\/treinando-as-letras\/"},"modified":"2026-04-24T20:25:05","modified_gmt":"2026-04-24T20:25:05","slug":"treinando-as-letras","status":"publish","type":"product","link":"https:\/\/educaredigital.online\/loja\/produto\/treinando-as-letras\/","title":{"rendered":"Treinando as Letras"},"content":{"rendered":"<div class=\"ds-message _63c77b1\">\n<div class=\"ds-markdown\">\n<p class=\"ds-markdown-paragraph\"><strong>Treinando as Letras<\/strong>, \u00e9 um brinquedo pedag\u00f3gico em madeira que utiliza o magnetismo para ensinar o tra\u00e7ado correto da letra manuscrita. O conjunto \u00e9 composto por um tabuleiro com o alfabeto gravado em cursivo e uma caneta magn\u00e9tica acoplada. Ao guiar a esfera met\u00e1lica pelos sulcos de cada letra com o cursor, a crian\u00e7a simula o movimento real da escrita, desenvolvendo a mem\u00f3ria muscular e a coordena\u00e7\u00e3o motora fina de forma l\u00fadica e sensorial.<\/p>\n<p class=\"ds-markdown-paragraph\">\u00a0Al\u00e9m de ser uma excelente ferramenta para o desenvolvimento da concentra\u00e7\u00e3o e da percep\u00e7\u00e3o visual, o <strong>Treinando as Letras<\/strong>\u00a0\u00e9 amplamente utilizado em escolas e terapias para trabalhar a prontid\u00e3o para a escrita, tornando o aprendizado do alfabeto uma experi\u00eancia interativa e eficaz.<\/p>\n<div class=\"details-table-wrapper\">\n<table class=\"product-details-table\">\n<tbody>\n<tr>\n<td>Marca<\/td>\n<td>BrinqMutti<\/td>\n<\/tr>\n<tr>\n<td>Material<\/td>\n<td>\u00a0Madeira<\/td>\n<\/tr>\n<tr>\n<td>Faixa Et\u00e1ria<\/td>\n<td>A partir de 3 Anos<\/td>\n<\/tr>\n<\/tbody>\n<\/table>\n<\/div>\n<\/div>\n<\/div>\n","protected":false},"excerpt":{"rendered":"<p>Treinando as Letras, \u00e9 um brinquedo pedag\u00f3gico em madeira que utiliza o magnetismo para ensinar o tra\u00e7ado correto da letra manuscrita. O conjunto \u00e9 composto por um tabuleiro com o alfabeto gravado em cursivo e uma caneta magn\u00e9tica acoplada. Ao<\/p>\n","protected":false},"featured_media":8482,"comment_status":"open","ping_status":"closed","template":"","meta":[],"product_brand":[229],"product_cat":[209],"product_tag":[],"class_list":{"0":"post-8483","1":"product","2":"type-product","3":"status-publish","6":"product_brand-brinqmutti","7":"product_cat-letramento-jogos-e-brinquedos","9":"first","10":"instock","11":"shipping-taxable","12":"purchasable","13":"product-type-simple"},"_links":{"self":[{"href":"https:\/\/educaredigital.online\/loja\/wp-json\/wp\/v2\/product\/8483","targetHints":{"allow":["GET"]}}],"collection":[{"href":"https:\/\/educaredigital.online\/loja\/wp-json\/wp\/v2\/product"}],"about":[{"href":"https:\/\/educaredigital.online\/loja\/wp-json\/wp\/v2\/types\/product"}],"replies":[{"embeddable":true,"href":"https:\/\/educaredigital.online\/loja\/wp-json\/wp\/v2\/comments?post=8483"}],"wp:featuredmedia":[{"embeddable":true,"href":"https:\/\/educaredigital.online\/loja\/wp-json\/wp\/v2\/media\/8482"}],"wp:attachment":[{"href":"https:\/\/educaredigital.online\/loja\/wp-json\/wp\/v2\/media?parent=8483"}],"wp:term":[{"taxonomy":"product_brand","embeddable":true,"href":"https:\/\/educaredigital.online\/loja\/wp-json\/wp\/v2\/product_brand?post=8483"},{"taxonomy":"product_cat","embeddable":true,"href":"https:\/\/educaredigital.online\/loja\/wp-json\/wp\/v2\/product_cat?post=8483"},{"taxonomy":"product_tag","embeddable":true,"href":"https:\/\/educaredigital.online\/loja\/wp-json\/wp\/v2\/product_tag?post=8483"}],"curies":[{"name":"wp","href":"https:\/\/api.w.org\/{rel}","templated":true}]}}