{"id":8481,"date":"2026-04-15T18:56:13","date_gmt":"2026-04-15T18:56:13","guid":{"rendered":"https:\/\/educaredigital.online\/loja\/produto\/tetris-em-plano\/"},"modified":"2026-04-24T20:25:17","modified_gmt":"2026-04-24T20:25:17","slug":"tetris-em-plano","status":"publish","type":"product","link":"https:\/\/educaredigital.online\/loja\/produto\/tetris-em-plano\/","title":{"rendered":"Tetris em Plano"},"content":{"rendered":"<p class=\"ds-markdown-paragraph\"><strong>Tetris em Plano<\/strong> \u00e9 uma vers\u00e3o t\u00e1til do cl\u00e1ssico desafio de encaixar formas, em um tabuleiro quadrado de madeira. O objetivo \u00e9 encaixar as 17 pe\u00e7as coloridas para formar um quadrado perfeito, sem deixar espa\u00e7os vazios. O jogo inclui fichas-modelo com diferentes combina\u00e7\u00f5es sugeridas, ou a crian\u00e7a pode tentar completar o quadrado por conta pr\u00f3pria, explorando livremente as possibilidades.<\/p>\n<p class=\"ds-markdown-paragraph\">O <strong>Tetris em Plano<\/strong>\u00a0\u00e9 uma ferramenta l\u00fadica que trabalha tamb\u00e9m a coordena\u00e7\u00e3o motora fina, a percep\u00e7\u00e3o visual e a criatividade, tornando cada partida um momento \u00fanico de aprendizado e descoberta.<\/p>\n<div class=\"details-table-wrapper\">\n<table class=\"product-details-table\">\n<tbody>\n<tr>\n<td>Marca<\/td>\n<td>BrinqMutti<\/td>\n<\/tr>\n<tr>\n<td>Material<\/td>\n<td>\u00a0Madeira<\/td>\n<\/tr>\n<tr>\n<td>Faixa Et\u00e1ria<\/td>\n<td>A partir de 3 Anos<\/td>\n<\/tr>\n<\/tbody>\n<\/table>\n<\/div>\n","protected":false},"excerpt":{"rendered":"<p>Tetris em Plano \u00e9 uma vers\u00e3o t\u00e1til do cl\u00e1ssico desafio de encaixar formas, em um tabuleiro quadrado de madeira. O objetivo \u00e9 encaixar as 17 pe\u00e7as coloridas para formar um quadrado perfeito, sem deixar espa\u00e7os vazios. O jogo inclui fichas-modelo<\/p>\n","protected":false},"featured_media":8480,"comment_status":"open","ping_status":"closed","template":"","meta":[],"product_brand":[229],"product_cat":[211],"product_tag":[],"class_list":{"0":"post-8481","1":"product","2":"type-product","3":"status-publish","6":"product_brand-brinqmutti","7":"product_cat-psicomotricidade-jogos-e-brinquedos","9":"first","10":"instock","11":"shipping-taxable","12":"purchasable","13":"product-type-simple"},"_links":{"self":[{"href":"https:\/\/educaredigital.online\/loja\/wp-json\/wp\/v2\/product\/8481","targetHints":{"allow":["GET"]}}],"collection":[{"href":"https:\/\/educaredigital.online\/loja\/wp-json\/wp\/v2\/product"}],"about":[{"href":"https:\/\/educaredigital.online\/loja\/wp-json\/wp\/v2\/types\/product"}],"replies":[{"embeddable":true,"href":"https:\/\/educaredigital.online\/loja\/wp-json\/wp\/v2\/comments?post=8481"}],"wp:featuredmedia":[{"embeddable":true,"href":"https:\/\/educaredigital.online\/loja\/wp-json\/wp\/v2\/media\/8480"}],"wp:attachment":[{"href":"https:\/\/educaredigital.online\/loja\/wp-json\/wp\/v2\/media?parent=8481"}],"wp:term":[{"taxonomy":"product_brand","embeddable":true,"href":"https:\/\/educaredigital.online\/loja\/wp-json\/wp\/v2\/product_brand?post=8481"},{"taxonomy":"product_cat","embeddable":true,"href":"https:\/\/educaredigital.online\/loja\/wp-json\/wp\/v2\/product_cat?post=8481"},{"taxonomy":"product_tag","embeddable":true,"href":"https:\/\/educaredigital.online\/loja\/wp-json\/wp\/v2\/product_tag?post=8481"}],"curies":[{"name":"wp","href":"https:\/\/api.w.org\/{rel}","templated":true}]}}