{"id":8479,"date":"2026-04-15T18:56:09","date_gmt":"2026-04-15T18:56:09","guid":{"rendered":"https:\/\/educaredigital.online\/loja\/produto\/tabuleiro-letras\/"},"modified":"2026-04-24T20:25:55","modified_gmt":"2026-04-24T20:25:55","slug":"tabuleiro-letras","status":"publish","type":"product","link":"https:\/\/educaredigital.online\/loja\/produto\/tabuleiro-letras\/","title":{"rendered":"Tabuleiro Letras"},"content":{"rendered":"<p class=\"ds-markdown-paragraph\">\u00a0<strong>Tabuleiro Letras<\/strong>\u00a0\u00e9 um brinquedo educativo de madeira que transforma o aprendizado do alfabeto em uma atividade interativa e sensorial. O conjunto \u00e9 composto por um tabuleiro e 36 letras, desafiando a crian\u00e7a a identificar, associar e encaixar as pe\u00e7as para formar palavras e frases. Essa din\u00e2mica l\u00fadica desenvolve habilidades essenciais como o racioc\u00ednio l\u00f3gico, a percep\u00e7\u00e3o visual, o pensamento abstrato e a cogni\u00e7\u00e3o, fortalecendo as bases da leitura e da escrita.<\/p>\n<p class=\"ds-markdown-paragraph\">Al\u00e9m de estimular a criatividade e a imagina\u00e7\u00e3o \u2013 permitindo que os pequenos criem suas pr\u00f3prias hist\u00f3rias \u2013, o brinquedo promove a autonomia e a concentra\u00e7\u00e3o. Com dimens\u00f5es compactas de 43 x 27 x 1 cm, \u00e9 f\u00e1cil de transportar e pode ser utilizado tanto em casa quanto na escola.<\/p>\n<div class=\"details-table-wrapper\">\n<table class=\"product-details-table\">\n<tbody>\n<tr>\n<td>Marca<\/td>\n<td>BrinqMutti<\/td>\n<\/tr>\n<tr>\n<td>Material<\/td>\n<td>\u00a0MDF<\/td>\n<\/tr>\n<tr>\n<td>Faixa Et\u00e1ria<\/td>\n<td>A partir de 3 Anos<\/td>\n<\/tr>\n<\/tbody>\n<\/table>\n<\/div>\n","protected":false},"excerpt":{"rendered":"<p>\u00a0Tabuleiro Letras\u00a0\u00e9 um brinquedo educativo de madeira que transforma o aprendizado do alfabeto em uma atividade interativa e sensorial. O conjunto \u00e9 composto por um tabuleiro e 36 letras, desafiando a crian\u00e7a a identificar, associar e encaixar as pe\u00e7as para<\/p>\n","protected":false},"featured_media":8478,"comment_status":"open","ping_status":"closed","template":"","meta":[],"product_brand":[229],"product_cat":[209],"product_tag":[],"class_list":{"0":"post-8479","1":"product","2":"type-product","3":"status-publish","6":"product_brand-brinqmutti","7":"product_cat-letramento-jogos-e-brinquedos","9":"first","10":"instock","11":"shipping-taxable","12":"purchasable","13":"product-type-simple"},"_links":{"self":[{"href":"https:\/\/educaredigital.online\/loja\/wp-json\/wp\/v2\/product\/8479","targetHints":{"allow":["GET"]}}],"collection":[{"href":"https:\/\/educaredigital.online\/loja\/wp-json\/wp\/v2\/product"}],"about":[{"href":"https:\/\/educaredigital.online\/loja\/wp-json\/wp\/v2\/types\/product"}],"replies":[{"embeddable":true,"href":"https:\/\/educaredigital.online\/loja\/wp-json\/wp\/v2\/comments?post=8479"}],"wp:featuredmedia":[{"embeddable":true,"href":"https:\/\/educaredigital.online\/loja\/wp-json\/wp\/v2\/media\/8478"}],"wp:attachment":[{"href":"https:\/\/educaredigital.online\/loja\/wp-json\/wp\/v2\/media?parent=8479"}],"wp:term":[{"taxonomy":"product_brand","embeddable":true,"href":"https:\/\/educaredigital.online\/loja\/wp-json\/wp\/v2\/product_brand?post=8479"},{"taxonomy":"product_cat","embeddable":true,"href":"https:\/\/educaredigital.online\/loja\/wp-json\/wp\/v2\/product_cat?post=8479"},{"taxonomy":"product_tag","embeddable":true,"href":"https:\/\/educaredigital.online\/loja\/wp-json\/wp\/v2\/product_tag?post=8479"}],"curies":[{"name":"wp","href":"https:\/\/api.w.org\/{rel}","templated":true}]}}