{"id":8477,"date":"2026-04-15T18:56:08","date_gmt":"2026-04-15T18:56:08","guid":{"rendered":"https:\/\/educaredigital.online\/loja\/produto\/tabuleiro-inteligente-letras\/"},"modified":"2026-04-24T20:26:04","modified_gmt":"2026-04-24T20:26:04","slug":"tabuleiro-inteligente-letras","status":"publish","type":"product","link":"https:\/\/educaredigital.online\/loja\/produto\/tabuleiro-inteligente-letras\/","title":{"rendered":"Tabuleiro Inteligente &#8211; LETRAS"},"content":{"rendered":"<p class=\"ds-markdown-paragraph\"><strong>Tabuleiro Inteligente &#8211; Letras<\/strong>\u00a0\u00e9 um brinquedo de madeira que convida a crian\u00e7a a mover os cursores para formar s\u00edlabas, palavras e frases, unindo o aprendizado do alfabeto a uma brincadeira ativa. O jogo desenvolve habilidades como coordena\u00e7\u00e3o motora, percep\u00e7\u00e3o visual e racioc\u00ednio l\u00f3gico, trabalhando conceitos de vogais, consoantes e a forma\u00e7\u00e3o de enunciados completos.<\/p>\n<p class=\"ds-markdown-paragraph\">\u00a0Promove tanto o potencial imaginativo quanto a intera\u00e7\u00e3o social, tornando-se uma ferramenta completa para os primeiros passos na alfabetiza\u00e7\u00e3o<\/p>\n<div class=\"details-table-wrapper\">\n<table class=\"product-details-table\">\n<tbody>\n<tr>\n<td>Marca<\/td>\n<td>BrinqMutti<\/td>\n<\/tr>\n<tr>\n<td>Material<\/td>\n<td>\u00a0MDF<\/td>\n<\/tr>\n<tr>\n<td>Faixa Et\u00e1ria<\/td>\n<td>A partir de 3 Anos<\/td>\n<\/tr>\n<\/tbody>\n<\/table>\n<\/div>\n","protected":false},"excerpt":{"rendered":"<p>Tabuleiro Inteligente &#8211; Letras\u00a0\u00e9 um brinquedo de madeira que convida a crian\u00e7a a mover os cursores para formar s\u00edlabas, palavras e frases, unindo o aprendizado do alfabeto a uma brincadeira ativa. O jogo desenvolve habilidades como coordena\u00e7\u00e3o motora, percep\u00e7\u00e3o visual<\/p>\n","protected":false},"featured_media":8476,"comment_status":"open","ping_status":"closed","template":"","meta":[],"product_brand":[229],"product_cat":[209],"product_tag":[],"class_list":{"0":"post-8477","1":"product","2":"type-product","3":"status-publish","6":"product_brand-brinqmutti","7":"product_cat-letramento-jogos-e-brinquedos","9":"first","10":"instock","11":"shipping-taxable","12":"purchasable","13":"product-type-simple"},"_links":{"self":[{"href":"https:\/\/educaredigital.online\/loja\/wp-json\/wp\/v2\/product\/8477","targetHints":{"allow":["GET"]}}],"collection":[{"href":"https:\/\/educaredigital.online\/loja\/wp-json\/wp\/v2\/product"}],"about":[{"href":"https:\/\/educaredigital.online\/loja\/wp-json\/wp\/v2\/types\/product"}],"replies":[{"embeddable":true,"href":"https:\/\/educaredigital.online\/loja\/wp-json\/wp\/v2\/comments?post=8477"}],"wp:featuredmedia":[{"embeddable":true,"href":"https:\/\/educaredigital.online\/loja\/wp-json\/wp\/v2\/media\/8476"}],"wp:attachment":[{"href":"https:\/\/educaredigital.online\/loja\/wp-json\/wp\/v2\/media?parent=8477"}],"wp:term":[{"taxonomy":"product_brand","embeddable":true,"href":"https:\/\/educaredigital.online\/loja\/wp-json\/wp\/v2\/product_brand?post=8477"},{"taxonomy":"product_cat","embeddable":true,"href":"https:\/\/educaredigital.online\/loja\/wp-json\/wp\/v2\/product_cat?post=8477"},{"taxonomy":"product_tag","embeddable":true,"href":"https:\/\/educaredigital.online\/loja\/wp-json\/wp\/v2\/product_tag?post=8477"}],"curies":[{"name":"wp","href":"https:\/\/api.w.org\/{rel}","templated":true}]}}