{"id":8475,"date":"2026-04-15T18:56:06","date_gmt":"2026-04-15T18:56:06","guid":{"rendered":"https:\/\/educaredigital.online\/loja\/produto\/psico-geometricos\/"},"modified":"2026-04-24T20:26:20","modified_gmt":"2026-04-24T20:26:20","slug":"psico-geometricos","status":"publish","type":"product","link":"https:\/\/educaredigital.online\/loja\/produto\/psico-geometricos\/","title":{"rendered":"Psico Geom\u00e9tricos"},"content":{"rendered":"<p class=\"ds-markdown-paragraph\"><strong>Psico Geom\u00e9tricos<\/strong>, \u00e9 um jogo de madeira que convida a crian\u00e7a a explorar o mundo das formas geom\u00e9tricas de tr\u00eas maneiras: alinhavando as pe\u00e7as com os cord\u00f5es, replicando os modelos das fichas ou criando composi\u00e7\u00f5es livres. Com um tabuleiro, 13 pe\u00e7as em formato geom\u00e9trico, 2 cord\u00f5es de tecido e 6 fichas-modelo, o jogo oferece uma experi\u00eancia sensorial completa que trabalha desde a coordena\u00e7\u00e3o motora fina e a percep\u00e7\u00e3o visual at\u00e9 a identifica\u00e7\u00e3o de cores e o racioc\u00ednio espacial.<\/p>\n<p class=\"ds-markdown-paragraph\">Este brinquedo educativo \u00e9 uma ferramenta valiosa para o desenvolvimento de habilidades como a concentra\u00e7\u00e3o e a criatividade, sendo amplamente utilizado tanto no ambiente escolar quanto em casa.<\/p>\n<div class=\"details-table-wrapper\">\n<table class=\"product-details-table\">\n<tbody>\n<tr>\n<td>Marca<\/td>\n<td>BrinqMutti<\/td>\n<\/tr>\n<tr>\n<td>Material<\/td>\n<td>\u00a0MDF<\/td>\n<\/tr>\n<tr>\n<td>Faixa Et\u00e1ria<\/td>\n<td>A partir de 3 Anos<\/td>\n<\/tr>\n<\/tbody>\n<\/table>\n<\/div>\n","protected":false},"excerpt":{"rendered":"<p>Psico Geom\u00e9tricos, \u00e9 um jogo de madeira que convida a crian\u00e7a a explorar o mundo das formas geom\u00e9tricas de tr\u00eas maneiras: alinhavando as pe\u00e7as com os cord\u00f5es, replicando os modelos das fichas ou criando composi\u00e7\u00f5es livres. Com um tabuleiro, 13<\/p>\n","protected":false},"featured_media":8474,"comment_status":"open","ping_status":"closed","template":"","meta":[],"product_brand":[229],"product_cat":[211],"product_tag":[],"class_list":{"0":"post-8475","1":"product","2":"type-product","3":"status-publish","6":"product_brand-brinqmutti","7":"product_cat-psicomotricidade-jogos-e-brinquedos","9":"first","10":"instock","11":"shipping-taxable","12":"purchasable","13":"product-type-simple"},"_links":{"self":[{"href":"https:\/\/educaredigital.online\/loja\/wp-json\/wp\/v2\/product\/8475","targetHints":{"allow":["GET"]}}],"collection":[{"href":"https:\/\/educaredigital.online\/loja\/wp-json\/wp\/v2\/product"}],"about":[{"href":"https:\/\/educaredigital.online\/loja\/wp-json\/wp\/v2\/types\/product"}],"replies":[{"embeddable":true,"href":"https:\/\/educaredigital.online\/loja\/wp-json\/wp\/v2\/comments?post=8475"}],"wp:featuredmedia":[{"embeddable":true,"href":"https:\/\/educaredigital.online\/loja\/wp-json\/wp\/v2\/media\/8474"}],"wp:attachment":[{"href":"https:\/\/educaredigital.online\/loja\/wp-json\/wp\/v2\/media?parent=8475"}],"wp:term":[{"taxonomy":"product_brand","embeddable":true,"href":"https:\/\/educaredigital.online\/loja\/wp-json\/wp\/v2\/product_brand?post=8475"},{"taxonomy":"product_cat","embeddable":true,"href":"https:\/\/educaredigital.online\/loja\/wp-json\/wp\/v2\/product_cat?post=8475"},{"taxonomy":"product_tag","embeddable":true,"href":"https:\/\/educaredigital.online\/loja\/wp-json\/wp\/v2\/product_tag?post=8475"}],"curies":[{"name":"wp","href":"https:\/\/api.w.org\/{rel}","templated":true}]}}