{"id":8471,"date":"2026-04-15T18:56:04","date_gmt":"2026-04-15T18:56:04","guid":{"rendered":"https:\/\/educaredigital.online\/loja\/produto\/quantidades-motoras\/"},"modified":"2026-04-24T20:27:09","modified_gmt":"2026-04-24T20:27:09","slug":"quantidades-motoras","status":"publish","type":"product","link":"https:\/\/educaredigital.online\/loja\/produto\/quantidades-motoras\/","title":{"rendered":"Quantidades Motoras"},"content":{"rendered":"<p class=\"ds-markdown-paragraph\"><strong>Quantidades Motoras<\/strong>\u00a0 \u00e9 um jogo de madeira que une o aprendizado dos n\u00fameros ao desenvolvimento motor por meio do tato. Com um bloco-base e <strong>63 pe\u00e7as coloridas em MDF<\/strong>, o objetivo \u00e9 reconhecer os n\u00fameros e associ\u00e1-los \u00e0s quantidades correspondentes, encaixando as pe\u00e7as nos lugares corretos. Essa din\u00e2mica exercita o racioc\u00ednio l\u00f3gico combinat\u00f3rio, a percep\u00e7\u00e3o visual e a nomea\u00e7\u00e3o de cores e formas, transformando conceitos abstratos em uma experi\u00eancia concreta e sensorial.<\/p>\n<p class=\"ds-markdown-paragraph\">\u00a0Indicado tanto para uso dom\u00e9stico quanto escolar, <strong>Quantidades Motoras<\/strong>\u00a0trabalha habilidades fundamentais como coordena\u00e7\u00e3o motora fina, concentra\u00e7\u00e3o e associa\u00e7\u00e3o num\u00e9rica, sendo uma ferramenta completa para os primeiros passos na matem\u00e1tica de forma l\u00fadica e interativa.<\/p>\n<div class=\"details-table-wrapper\">\n<table class=\"product-details-table\">\n<tbody>\n<tr>\n<td>Marca<\/td>\n<td>BrinqMutti<\/td>\n<\/tr>\n<tr>\n<td>Material<\/td>\n<td>\u00a0MDF<\/td>\n<\/tr>\n<tr>\n<td>Faixa Et\u00e1ria<\/td>\n<td>A partir de 3 Anos<\/td>\n<\/tr>\n<\/tbody>\n<\/table>\n<\/div>\n","protected":false},"excerpt":{"rendered":"<p>Quantidades Motoras\u00a0 \u00e9 um jogo de madeira que une o aprendizado dos n\u00fameros ao desenvolvimento motor por meio do tato. Com um bloco-base e 63 pe\u00e7as coloridas em MDF, o objetivo \u00e9 reconhecer os n\u00fameros e associ\u00e1-los \u00e0s quantidades correspondentes,<\/p>\n","protected":false},"featured_media":8470,"comment_status":"open","ping_status":"closed","template":"","meta":[],"product_brand":[229],"product_cat":[211],"product_tag":[],"class_list":{"0":"post-8471","1":"product","2":"type-product","3":"status-publish","6":"product_brand-brinqmutti","7":"product_cat-psicomotricidade-jogos-e-brinquedos","9":"first","10":"instock","11":"shipping-taxable","12":"purchasable","13":"product-type-simple"},"_links":{"self":[{"href":"https:\/\/educaredigital.online\/loja\/wp-json\/wp\/v2\/product\/8471","targetHints":{"allow":["GET"]}}],"collection":[{"href":"https:\/\/educaredigital.online\/loja\/wp-json\/wp\/v2\/product"}],"about":[{"href":"https:\/\/educaredigital.online\/loja\/wp-json\/wp\/v2\/types\/product"}],"replies":[{"embeddable":true,"href":"https:\/\/educaredigital.online\/loja\/wp-json\/wp\/v2\/comments?post=8471"}],"wp:featuredmedia":[{"embeddable":true,"href":"https:\/\/educaredigital.online\/loja\/wp-json\/wp\/v2\/media\/8470"}],"wp:attachment":[{"href":"https:\/\/educaredigital.online\/loja\/wp-json\/wp\/v2\/media?parent=8471"}],"wp:term":[{"taxonomy":"product_brand","embeddable":true,"href":"https:\/\/educaredigital.online\/loja\/wp-json\/wp\/v2\/product_brand?post=8471"},{"taxonomy":"product_cat","embeddable":true,"href":"https:\/\/educaredigital.online\/loja\/wp-json\/wp\/v2\/product_cat?post=8471"},{"taxonomy":"product_tag","embeddable":true,"href":"https:\/\/educaredigital.online\/loja\/wp-json\/wp\/v2\/product_tag?post=8471"}],"curies":[{"name":"wp","href":"https:\/\/api.w.org\/{rel}","templated":true}]}}