{"id":8469,"date":"2026-04-15T18:56:03","date_gmt":"2026-04-15T18:56:03","guid":{"rendered":"https:\/\/educaredigital.online\/loja\/produto\/passeio-dos-animais\/"},"modified":"2026-04-24T20:27:17","modified_gmt":"2026-04-24T20:27:17","slug":"passeio-dos-animais","status":"publish","type":"product","link":"https:\/\/educaredigital.online\/loja\/produto\/passeio-dos-animais\/","title":{"rendered":"Passeio dos Animais"},"content":{"rendered":"<p class=\"ds-markdown-paragraph\"><strong>Passeio dos Animais,<\/strong>\u00a0\u00e9 um brinquedo educativo em madeira que convida as crian\u00e7as a embarcarem numa aventura l\u00fadica com um colorido trenzinho. Composto por 8 vag\u00f5es, cada um com um animal e cor diferentes, e 6 fichas com sequ\u00eancias-modelo, o desafio \u00e9 encaixar os vag\u00f5es livremente ou seguindo as combina\u00e7\u00f5es sugeridas pelas fichas, criando composi\u00e7\u00f5es \u00fanicas.<\/p>\n<p class=\"ds-markdown-paragraph\">Mais do que uma brincadeira de encaixe, ele \u00e9 uma ferramenta que estimula o desenvolvimento integral. Ao montar as sequ\u00eancias, a crian\u00e7a exercita o racioc\u00ednio l\u00f3gico, a coordena\u00e7\u00e3o motora fina e a percep\u00e7\u00e3o visual. Fabricado com madeira sustent\u00e1vel e tintas at\u00f3xicas, o brinquedo oferece seguran\u00e7a e durabilidade.<\/p>\n<div class=\"details-table-wrapper\">\n<table class=\"product-details-table\">\n<tbody>\n<tr>\n<td>Marca<\/td>\n<td>BrinqMutti<\/td>\n<\/tr>\n<tr>\n<td>Material<\/td>\n<td>\u00a0Madeira<\/td>\n<\/tr>\n<tr>\n<td>Faixa Et\u00e1ria<\/td>\n<td>A partir de 3 Anos<\/td>\n<\/tr>\n<\/tbody>\n<\/table>\n<\/div>\n","protected":false},"excerpt":{"rendered":"<p>Passeio dos Animais,\u00a0\u00e9 um brinquedo educativo em madeira que convida as crian\u00e7as a embarcarem numa aventura l\u00fadica com um colorido trenzinho. Composto por 8 vag\u00f5es, cada um com um animal e cor diferentes, e 6 fichas com sequ\u00eancias-modelo, o desafio<\/p>\n","protected":false},"featured_media":8468,"comment_status":"open","ping_status":"closed","template":"","meta":[],"product_brand":[229],"product_cat":[211],"product_tag":[],"class_list":{"0":"post-8469","1":"product","2":"type-product","3":"status-publish","6":"product_brand-brinqmutti","7":"product_cat-psicomotricidade-jogos-e-brinquedos","9":"first","10":"instock","11":"shipping-taxable","12":"purchasable","13":"product-type-simple"},"_links":{"self":[{"href":"https:\/\/educaredigital.online\/loja\/wp-json\/wp\/v2\/product\/8469","targetHints":{"allow":["GET"]}}],"collection":[{"href":"https:\/\/educaredigital.online\/loja\/wp-json\/wp\/v2\/product"}],"about":[{"href":"https:\/\/educaredigital.online\/loja\/wp-json\/wp\/v2\/types\/product"}],"replies":[{"embeddable":true,"href":"https:\/\/educaredigital.online\/loja\/wp-json\/wp\/v2\/comments?post=8469"}],"wp:featuredmedia":[{"embeddable":true,"href":"https:\/\/educaredigital.online\/loja\/wp-json\/wp\/v2\/media\/8468"}],"wp:attachment":[{"href":"https:\/\/educaredigital.online\/loja\/wp-json\/wp\/v2\/media?parent=8469"}],"wp:term":[{"taxonomy":"product_brand","embeddable":true,"href":"https:\/\/educaredigital.online\/loja\/wp-json\/wp\/v2\/product_brand?post=8469"},{"taxonomy":"product_cat","embeddable":true,"href":"https:\/\/educaredigital.online\/loja\/wp-json\/wp\/v2\/product_cat?post=8469"},{"taxonomy":"product_tag","embeddable":true,"href":"https:\/\/educaredigital.online\/loja\/wp-json\/wp\/v2\/product_tag?post=8469"}],"curies":[{"name":"wp","href":"https:\/\/api.w.org\/{rel}","templated":true}]}}