{"id":8465,"date":"2026-04-15T18:56:00","date_gmt":"2026-04-15T18:56:00","guid":{"rendered":"https:\/\/educaredigital.online\/loja\/produto\/memoria-logica\/"},"modified":"2026-04-24T20:28:07","modified_gmt":"2026-04-24T20:28:07","slug":"memoria-logica","status":"publish","type":"product","link":"https:\/\/educaredigital.online\/loja\/produto\/memoria-logica\/","title":{"rendered":"Mem\u00f3ria L\u00f3gica"},"content":{"rendered":"<p class=\"ds-markdown-paragraph\"><strong>Mem\u00f3ria L\u00f3gica<\/strong>, \u00e9 um jogo de tabuleiro em madeira que combina a din\u00e2mica cl\u00e1ssica da mem\u00f3ria com um desafio extra de racioc\u00ednio. Composto por <strong>48 fichas ilustradas<\/strong>\u00a0divididas em quatro temas diferentes e um tabuleiro com\u00a0<strong>12 tampas girat\u00f3rias<\/strong> que escondem as pe\u00e7as, o jogo desafia os participantes a encontrarem os pares de figuras, mas com um toque especial: ap\u00f3s distribuir as pe\u00e7as, o tabuleiro \u00e9 girado para confundir a localiza\u00e7\u00e3o, exigindo aten\u00e7\u00e3o redobrada e mem\u00f3ria visual.<\/p>\n<p class=\"ds-markdown-paragraph\">Muito mais do que uma simples brincadeira, o\u00a0<em>Mem\u00f3ria L\u00f3gica<\/em>\u00a0\u00e9 uma poderosa ferramenta educativa. Ele trabalha ativamente a\u00a0<strong>mem\u00f3ria de curto prazo<\/strong>\u00a0e o\u00a0<strong>racioc\u00ednio l\u00f3gico<\/strong>, ao mesmo tempo em que estimula a coordena\u00e7\u00e3o motora, a agilidade e a percep\u00e7\u00e3o visual. Ao permitir que os temas sejam misturados, o jogo tamb\u00e9m oferece a possibilidade de aumentar gradualmente o n\u00edvel de dificuldade, acompanhando o desenvolvimento da crian\u00e7a e proporcionando desafios sempre renovados. \u00c9 uma forma l\u00fadica e eficiente de desenvolver habilidades cognitivas essenciais para a aprendizagem.<\/p>\n<div class=\"details-table-wrapper\">\n<table class=\"product-details-table\">\n<tbody>\n<tr>\n<td>Marca<\/td>\n<td>BrinqMutti<\/td>\n<\/tr>\n<tr>\n<td>Material<\/td>\n<td>\u00a0MDF<\/td>\n<\/tr>\n<tr>\n<td>Faixa Et\u00e1ria<\/td>\n<td>A partir de 3 Anos<\/td>\n<\/tr>\n<\/tbody>\n<\/table>\n<\/div>\n","protected":false},"excerpt":{"rendered":"<p>Mem\u00f3ria L\u00f3gica, \u00e9 um jogo de tabuleiro em madeira que combina a din\u00e2mica cl\u00e1ssica da mem\u00f3ria com um desafio extra de racioc\u00ednio. Composto por 48 fichas ilustradas\u00a0divididas em quatro temas diferentes e um tabuleiro com\u00a012 tampas girat\u00f3rias que escondem as<\/p>\n","protected":false},"featured_media":8464,"comment_status":"open","ping_status":"closed","template":"","meta":[],"product_brand":[229],"product_cat":[211],"product_tag":[],"class_list":{"0":"post-8465","1":"product","2":"type-product","3":"status-publish","6":"product_brand-brinqmutti","7":"product_cat-psicomotricidade-jogos-e-brinquedos","9":"first","10":"instock","11":"shipping-taxable","12":"purchasable","13":"product-type-simple"},"_links":{"self":[{"href":"https:\/\/educaredigital.online\/loja\/wp-json\/wp\/v2\/product\/8465","targetHints":{"allow":["GET"]}}],"collection":[{"href":"https:\/\/educaredigital.online\/loja\/wp-json\/wp\/v2\/product"}],"about":[{"href":"https:\/\/educaredigital.online\/loja\/wp-json\/wp\/v2\/types\/product"}],"replies":[{"embeddable":true,"href":"https:\/\/educaredigital.online\/loja\/wp-json\/wp\/v2\/comments?post=8465"}],"wp:featuredmedia":[{"embeddable":true,"href":"https:\/\/educaredigital.online\/loja\/wp-json\/wp\/v2\/media\/8464"}],"wp:attachment":[{"href":"https:\/\/educaredigital.online\/loja\/wp-json\/wp\/v2\/media?parent=8465"}],"wp:term":[{"taxonomy":"product_brand","embeddable":true,"href":"https:\/\/educaredigital.online\/loja\/wp-json\/wp\/v2\/product_brand?post=8465"},{"taxonomy":"product_cat","embeddable":true,"href":"https:\/\/educaredigital.online\/loja\/wp-json\/wp\/v2\/product_cat?post=8465"},{"taxonomy":"product_tag","embeddable":true,"href":"https:\/\/educaredigital.online\/loja\/wp-json\/wp\/v2\/product_tag?post=8465"}],"curies":[{"name":"wp","href":"https:\/\/api.w.org\/{rel}","templated":true}]}}