{"id":8463,"date":"2026-04-15T18:55:58","date_gmt":"2026-04-15T18:55:58","guid":{"rendered":"https:\/\/educaredigital.online\/loja\/produto\/loto-desafio\/"},"modified":"2026-04-24T20:27:59","modified_gmt":"2026-04-24T20:27:59","slug":"loto-desafio","status":"publish","type":"product","link":"https:\/\/educaredigital.online\/loja\/produto\/loto-desafio\/","title":{"rendered":"Loto Desafio"},"content":{"rendered":"<p class=\"ds-markdown-paragraph\">Loto Desafio \u00e9 um envolvente jogo de racioc\u00ednio e estrat\u00e9gia, fabricado em madeira, que convida as crian\u00e7as a mergulharem em uma divertida competi\u00e7\u00e3o de preenchimento de cartelas. O jogo \u00e9 composto por\u00a0<strong>4 tabuleiros, 144 fichas coloridas em 6 tonalidades diferentes e 2 dados<\/strong>, todos em madeira. A din\u00e2mica \u00e9 simples: o jogador lan\u00e7a os dois dados simultaneamente e, baseando-se na cor e na quantidade indicada, preenche a combina\u00e7\u00e3o correspondente em seu tabuleiro, que \u00e9 numerado verticalmente de 1 a 5 e horizontalmente pelas 6 cores. Ganha a partida quem completar primeiro toda a sua cartela.<\/p>\n<p class=\"ds-markdown-paragraph\">Mais do que uma competi\u00e7\u00e3o emocionante, o Loto Desafio \u00e9 uma poderosa ferramenta educativa que trabalha ativamente a\u00a0<strong>paci\u00eancia, a concentra\u00e7\u00e3o e a coordena\u00e7\u00e3o motora<\/strong>. Ao associar cores e n\u00fameros, o jogo tamb\u00e9m estimula a\u00a0<strong>discrimina\u00e7\u00e3o visual e o racioc\u00ednio l\u00f3gico<\/strong>, al\u00e9m de promover o desenvolvimento intelectual e a supera\u00e7\u00e3o de limites de forma l\u00fadica. Ideal para ser jogado em grupo, ele aumenta a intera\u00e7\u00e3o social e ensina valiosas li\u00e7\u00f5es sobre seguir regras e lidar com a vit\u00f3ria e a derrota.<\/p>\n<div class=\"details-table-wrapper\">\n<table class=\"product-details-table\">\n<tbody>\n<tr>\n<td>Marca<\/td>\n<td>BrinqMutti<\/td>\n<\/tr>\n<tr>\n<td>Material<\/td>\n<td>\u00a0Madeira<\/td>\n<\/tr>\n<tr>\n<td>Faixa Et\u00e1ria<\/td>\n<td>A partir de 4 Anos<\/td>\n<\/tr>\n<\/tbody>\n<\/table>\n<\/div>\n","protected":false},"excerpt":{"rendered":"<p>Loto Desafio \u00e9 um envolvente jogo de racioc\u00ednio e estrat\u00e9gia, fabricado em madeira, que convida as crian\u00e7as a mergulharem em uma divertida competi\u00e7\u00e3o de preenchimento de cartelas. O jogo \u00e9 composto por\u00a04 tabuleiros, 144 fichas coloridas em 6 tonalidades diferentes<\/p>\n","protected":false},"featured_media":8462,"comment_status":"open","ping_status":"closed","template":"","meta":[],"product_brand":[229],"product_cat":[211],"product_tag":[],"class_list":{"0":"post-8463","1":"product","2":"type-product","3":"status-publish","6":"product_brand-brinqmutti","7":"product_cat-psicomotricidade-jogos-e-brinquedos","9":"first","10":"instock","11":"shipping-taxable","12":"purchasable","13":"product-type-simple"},"_links":{"self":[{"href":"https:\/\/educaredigital.online\/loja\/wp-json\/wp\/v2\/product\/8463","targetHints":{"allow":["GET"]}}],"collection":[{"href":"https:\/\/educaredigital.online\/loja\/wp-json\/wp\/v2\/product"}],"about":[{"href":"https:\/\/educaredigital.online\/loja\/wp-json\/wp\/v2\/types\/product"}],"replies":[{"embeddable":true,"href":"https:\/\/educaredigital.online\/loja\/wp-json\/wp\/v2\/comments?post=8463"}],"wp:featuredmedia":[{"embeddable":true,"href":"https:\/\/educaredigital.online\/loja\/wp-json\/wp\/v2\/media\/8462"}],"wp:attachment":[{"href":"https:\/\/educaredigital.online\/loja\/wp-json\/wp\/v2\/media?parent=8463"}],"wp:term":[{"taxonomy":"product_brand","embeddable":true,"href":"https:\/\/educaredigital.online\/loja\/wp-json\/wp\/v2\/product_brand?post=8463"},{"taxonomy":"product_cat","embeddable":true,"href":"https:\/\/educaredigital.online\/loja\/wp-json\/wp\/v2\/product_cat?post=8463"},{"taxonomy":"product_tag","embeddable":true,"href":"https:\/\/educaredigital.online\/loja\/wp-json\/wp\/v2\/product_tag?post=8463"}],"curies":[{"name":"wp","href":"https:\/\/api.w.org\/{rel}","templated":true}]}}