{"id":8461,"date":"2026-04-15T18:55:57","date_gmt":"2026-04-15T18:55:57","guid":{"rendered":"https:\/\/educaredigital.online\/loja\/produto\/imagens-em-plano-formas\/"},"modified":"2026-04-24T20:28:26","modified_gmt":"2026-04-24T20:28:26","slug":"imagens-em-plano-formas","status":"publish","type":"product","link":"https:\/\/educaredigital.online\/loja\/produto\/imagens-em-plano-formas\/","title":{"rendered":"Imagens em Plano &#8211; FORMAS"},"content":{"rendered":"<div class=\"ds-message _63c77b1\">\n<div class=\"ds-markdown\">\n<p class=\"ds-markdown-paragraph\"><strong>Imagens em Plano &#8211; Formas<\/strong>\u00a0 \u00e9 um desafio de constru\u00e7\u00e3o e encaixe feito em madeira. A brincadeira consiste em um tabuleiro com fendas e 22 pe\u00e7as geom\u00e9tricas, onde a crian\u00e7a deve inserir as formas em \u00e2ngulo reto para criar composi\u00e7\u00f5es . O jogo pode ser explorado de forma livre, estimulando a imagina\u00e7\u00e3o para formar desenhos abstratos, ou seguindo os desafios propostos por fichas de exerc\u00edcio que ensinam a reproduzir figuras espec\u00edficas .<\/p>\n<p class=\"ds-markdown-paragraph\">Este brinquedo \u00e9 uma ferramenta poderosa para o desenvolvimento cognitivo e motor. Ao manipular as pe\u00e7as, a crian\u00e7a trabalha a coordena\u00e7\u00e3o visomotora, o pensamento espacial e a percep\u00e7\u00e3o de cores e formas . Al\u00e9m disso, o processo de seguir os padr\u00f5es das fichas exercita a concentra\u00e7\u00e3o, a aten\u00e7\u00e3o \u00e0 simbologia e o racioc\u00ednio l\u00f3gico, promovendo uma experi\u00eancia rica em aprendizado e criatividade .<\/p>\n<div class=\"details-table-wrapper\">\n<table class=\"product-details-table\">\n<tbody>\n<tr>\n<td>Marca<\/td>\n<td>BrinqMutti<\/td>\n<\/tr>\n<tr>\n<td>Material<\/td>\n<td>\u00a0MDF<\/td>\n<\/tr>\n<tr>\n<td>Faixa Et\u00e1ria<\/td>\n<td>A partir de 3 Anos<\/td>\n<\/tr>\n<\/tbody>\n<\/table>\n<\/div>\n<\/div>\n<\/div>\n","protected":false},"excerpt":{"rendered":"<p>Imagens em Plano &#8211; Formas\u00a0 \u00e9 um desafio de constru\u00e7\u00e3o e encaixe feito em madeira. A brincadeira consiste em um tabuleiro com fendas e 22 pe\u00e7as geom\u00e9tricas, onde a crian\u00e7a deve inserir as formas em \u00e2ngulo reto para criar composi\u00e7\u00f5es<\/p>\n","protected":false},"featured_media":8460,"comment_status":"open","ping_status":"closed","template":"","meta":[],"product_brand":[229],"product_cat":[211],"product_tag":[],"class_list":{"0":"post-8461","1":"product","2":"type-product","3":"status-publish","6":"product_brand-brinqmutti","7":"product_cat-psicomotricidade-jogos-e-brinquedos","9":"first","10":"instock","11":"shipping-taxable","12":"purchasable","13":"product-type-simple"},"_links":{"self":[{"href":"https:\/\/educaredigital.online\/loja\/wp-json\/wp\/v2\/product\/8461","targetHints":{"allow":["GET"]}}],"collection":[{"href":"https:\/\/educaredigital.online\/loja\/wp-json\/wp\/v2\/product"}],"about":[{"href":"https:\/\/educaredigital.online\/loja\/wp-json\/wp\/v2\/types\/product"}],"replies":[{"embeddable":true,"href":"https:\/\/educaredigital.online\/loja\/wp-json\/wp\/v2\/comments?post=8461"}],"wp:featuredmedia":[{"embeddable":true,"href":"https:\/\/educaredigital.online\/loja\/wp-json\/wp\/v2\/media\/8460"}],"wp:attachment":[{"href":"https:\/\/educaredigital.online\/loja\/wp-json\/wp\/v2\/media?parent=8461"}],"wp:term":[{"taxonomy":"product_brand","embeddable":true,"href":"https:\/\/educaredigital.online\/loja\/wp-json\/wp\/v2\/product_brand?post=8461"},{"taxonomy":"product_cat","embeddable":true,"href":"https:\/\/educaredigital.online\/loja\/wp-json\/wp\/v2\/product_cat?post=8461"},{"taxonomy":"product_tag","embeddable":true,"href":"https:\/\/educaredigital.online\/loja\/wp-json\/wp\/v2\/product_tag?post=8461"}],"curies":[{"name":"wp","href":"https:\/\/api.w.org\/{rel}","templated":true}]}}