{"id":8459,"date":"2026-04-15T18:55:56","date_gmt":"2026-04-15T18:55:56","guid":{"rendered":"https:\/\/educaredigital.online\/loja\/produto\/esconde-formas\/"},"modified":"2026-04-24T20:28:37","modified_gmt":"2026-04-24T20:28:37","slug":"esconde-formas","status":"publish","type":"product","link":"https:\/\/educaredigital.online\/loja\/produto\/esconde-formas\/","title":{"rendered":"Esconde Formas"},"content":{"rendered":"<div class=\"ds-message _63c77b1\">\n<div class=\"ds-markdown\">\n<p class=\"ds-markdown-paragraph\"><strong>Esconde Formas<\/strong> \u00e9 um jogo de madeira que trabalha no\u00e7\u00f5es de sequ\u00eancia l\u00f3gica e organiza\u00e7\u00e3o espacial para crian\u00e7as . O material \u00e9 composto por 6 pe\u00e7as de formas geom\u00e9tricas e 6 fichas dupla-face que apresentam 12 combina\u00e7\u00f5es diferentes . A principal atividade consiste em escolher uma ficha e reproduzir a sequ\u00eancia de formas e cores apresentada, exercitando a capacidade de observa\u00e7\u00e3o e a compreens\u00e3o de conceitos como &#8220;embaixo&#8221;, &#8220;meio&#8221; e &#8220;em cima&#8221; .<\/p>\n<p class=\"ds-markdown-paragraph\">Al\u00e9m do desafio de seguir os padr\u00f5es das fichas, o jogo estimula a criatividade ao permitir que a crian\u00e7a crie suas pr\u00f3prias sequ\u00eancias, nomeie as cores e formas ou at\u00e9 utilize as pe\u00e7as como gabarito para desenhos\u00a0. Com ele, desenvolvem-se habilidades fundamentais como a coordena\u00e7\u00e3o motora fina, a integra\u00e7\u00e3o visoespacial, a aten\u00e7\u00e3o, a concentra\u00e7\u00e3o e o racioc\u00ednio l\u00f3gico, fortalecendo tamb\u00e9m a intera\u00e7\u00e3o social durante as brincadeiras em grupo\u00a0.<\/p>\n<div class=\"details-table-wrapper\">\n<table class=\"product-details-table\">\n<tbody>\n<tr>\n<td>Marca<\/td>\n<td>BrinqMutti<\/td>\n<\/tr>\n<tr>\n<td>Material<\/td>\n<td>\u00a0MDF<\/td>\n<\/tr>\n<tr>\n<td>Faixa Et\u00e1ria<\/td>\n<td>A partir de 3 Anos<\/td>\n<\/tr>\n<\/tbody>\n<\/table>\n<\/div>\n<\/div>\n<\/div>\n","protected":false},"excerpt":{"rendered":"<p>Esconde Formas \u00e9 um jogo de madeira que trabalha no\u00e7\u00f5es de sequ\u00eancia l\u00f3gica e organiza\u00e7\u00e3o espacial para crian\u00e7as . O material \u00e9 composto por 6 pe\u00e7as de formas geom\u00e9tricas e 6 fichas dupla-face que apresentam 12 combina\u00e7\u00f5es diferentes . A<\/p>\n","protected":false},"featured_media":8458,"comment_status":"open","ping_status":"closed","template":"","meta":[],"product_brand":[229],"product_cat":[211],"product_tag":[],"class_list":{"0":"post-8459","1":"product","2":"type-product","3":"status-publish","6":"product_brand-brinqmutti","7":"product_cat-psicomotricidade-jogos-e-brinquedos","9":"first","10":"instock","11":"shipping-taxable","12":"purchasable","13":"product-type-simple"},"_links":{"self":[{"href":"https:\/\/educaredigital.online\/loja\/wp-json\/wp\/v2\/product\/8459","targetHints":{"allow":["GET"]}}],"collection":[{"href":"https:\/\/educaredigital.online\/loja\/wp-json\/wp\/v2\/product"}],"about":[{"href":"https:\/\/educaredigital.online\/loja\/wp-json\/wp\/v2\/types\/product"}],"replies":[{"embeddable":true,"href":"https:\/\/educaredigital.online\/loja\/wp-json\/wp\/v2\/comments?post=8459"}],"wp:featuredmedia":[{"embeddable":true,"href":"https:\/\/educaredigital.online\/loja\/wp-json\/wp\/v2\/media\/8458"}],"wp:attachment":[{"href":"https:\/\/educaredigital.online\/loja\/wp-json\/wp\/v2\/media?parent=8459"}],"wp:term":[{"taxonomy":"product_brand","embeddable":true,"href":"https:\/\/educaredigital.online\/loja\/wp-json\/wp\/v2\/product_brand?post=8459"},{"taxonomy":"product_cat","embeddable":true,"href":"https:\/\/educaredigital.online\/loja\/wp-json\/wp\/v2\/product_cat?post=8459"},{"taxonomy":"product_tag","embeddable":true,"href":"https:\/\/educaredigital.online\/loja\/wp-json\/wp\/v2\/product_tag?post=8459"}],"curies":[{"name":"wp","href":"https:\/\/api.w.org\/{rel}","templated":true}]}}