{"id":8457,"date":"2026-04-15T18:55:55","date_gmt":"2026-04-15T18:55:55","guid":{"rendered":"https:\/\/educaredigital.online\/loja\/produto\/encaixes-logicos\/"},"modified":"2026-04-24T20:29:07","modified_gmt":"2026-04-24T20:29:07","slug":"encaixes-logicos","status":"publish","type":"product","link":"https:\/\/educaredigital.online\/loja\/produto\/encaixes-logicos\/","title":{"rendered":"Encaixes L\u00f3gicos"},"content":{"rendered":"<p class=\"ds-markdown-paragraph\"><strong>Encaixes L\u00f3gicos<\/strong>\u00a0 \u00e9 um conjunto de madeira que desafia a crian\u00e7a a compor cenas e formas utilizando pe\u00e7as que se encaixam e se sobrep\u00f5em. O material acompanha um tabuleiro, 6 fichas com modelos para reprodu\u00e7\u00e3o e diversas pe\u00e7as avulsas, como c\u00edrculos e palitos, que permitem criar representa\u00e7\u00f5es variadas como os 4 gatinhos inclusos no jogo . A din\u00e2mica principal incentiva a percep\u00e7\u00e3o de medidas, tamanhos e cores, estimulando o pensamento anal\u00edtico e a criatividade ao propor que a crian\u00e7a v\u00e1 al\u00e9m dos modelos e crie suas pr\u00f3prias composi\u00e7\u00f5es .<\/p>\n<p class=\"ds-markdown-paragraph\">\u00c9 uma ferramenta completa para o desenvolvimento psicomotor e cognitivo. Ao manusear as pe\u00e7as, a crian\u00e7a aprimora a coordena\u00e7\u00e3o motora fina, a organiza\u00e7\u00e3o espacial e a capacidade de memoriza\u00e7\u00e3o . Al\u00e9m disso, o processo de encaixar e sobrepor as formas para seguir um padr\u00e3o ou inventar uma nova cena trabalha habilidades como aten\u00e7\u00e3o, racioc\u00ednio l\u00f3gico e intera\u00e7\u00e3o social, sendo amplamente utilizado em escolas e terapias para apoiar o aprendizado de forma l\u00fadica<\/p>\n<div class=\"details-table-wrapper\">\n<table class=\"product-details-table\">\n<tbody>\n<tr>\n<td>Marca<\/td>\n<td>BrinqMutti<\/td>\n<\/tr>\n<tr>\n<td>Material<\/td>\n<td>\u00a0MDF<\/td>\n<\/tr>\n<tr>\n<td>Faixa Et\u00e1ria<\/td>\n<td>A partir de 3 Anos<\/td>\n<\/tr>\n<\/tbody>\n<\/table>\n<\/div>\n","protected":false},"excerpt":{"rendered":"<p>Encaixes L\u00f3gicos\u00a0 \u00e9 um conjunto de madeira que desafia a crian\u00e7a a compor cenas e formas utilizando pe\u00e7as que se encaixam e se sobrep\u00f5em. O material acompanha um tabuleiro, 6 fichas com modelos para reprodu\u00e7\u00e3o e diversas pe\u00e7as avulsas, como<\/p>\n","protected":false},"featured_media":8456,"comment_status":"open","ping_status":"closed","template":"","meta":[],"product_brand":[229],"product_cat":[211],"product_tag":[],"class_list":{"0":"post-8457","1":"product","2":"type-product","3":"status-publish","6":"product_brand-brinqmutti","7":"product_cat-psicomotricidade-jogos-e-brinquedos","9":"first","10":"instock","11":"shipping-taxable","12":"purchasable","13":"product-type-simple"},"_links":{"self":[{"href":"https:\/\/educaredigital.online\/loja\/wp-json\/wp\/v2\/product\/8457","targetHints":{"allow":["GET"]}}],"collection":[{"href":"https:\/\/educaredigital.online\/loja\/wp-json\/wp\/v2\/product"}],"about":[{"href":"https:\/\/educaredigital.online\/loja\/wp-json\/wp\/v2\/types\/product"}],"replies":[{"embeddable":true,"href":"https:\/\/educaredigital.online\/loja\/wp-json\/wp\/v2\/comments?post=8457"}],"wp:featuredmedia":[{"embeddable":true,"href":"https:\/\/educaredigital.online\/loja\/wp-json\/wp\/v2\/media\/8456"}],"wp:attachment":[{"href":"https:\/\/educaredigital.online\/loja\/wp-json\/wp\/v2\/media?parent=8457"}],"wp:term":[{"taxonomy":"product_brand","embeddable":true,"href":"https:\/\/educaredigital.online\/loja\/wp-json\/wp\/v2\/product_brand?post=8457"},{"taxonomy":"product_cat","embeddable":true,"href":"https:\/\/educaredigital.online\/loja\/wp-json\/wp\/v2\/product_cat?post=8457"},{"taxonomy":"product_tag","embeddable":true,"href":"https:\/\/educaredigital.online\/loja\/wp-json\/wp\/v2\/product_tag?post=8457"}],"curies":[{"name":"wp","href":"https:\/\/api.w.org\/{rel}","templated":true}]}}